{"id":8953,"date":"2026-03-19T19:09:14","date_gmt":"2026-03-19T19:09:14","guid":{"rendered":"https:\/\/sirkussirkus.com\/kauppa\/?post_type=product&#038;p=8953"},"modified":"2026-03-25T20:18:26","modified_gmt":"2026-03-25T20:18:26","slug":"ladattavat-led-valopoit-pari","status":"publish","type":"product","link":"https:\/\/sirkussirkus.com\/kauppa\/product\/ladattavat-led-valopoit-pari\/","title":{"rendered":"LED Valopoit USB (pari)"},"content":{"rendered":"<p>Uusi monitoiminnallinen USB-ladattava valopoi! Kest\u00e4v\u00e4 pallo, s\u00e4\u00e4dett\u00e4v\u00e4 naru, sormilenkit! Ohjataan yhdell\u00e4 napilla. Yksi painallus vaihtaa v\u00e4riasetuksen. Sammutus pit\u00e4m\u00e4ll\u00e4 nappia pohjassa 4 sekuntia. Yhdell\u00e4 t\u00e4ydell\u00e4 latauksella poit toimivat 3-11 tuntia ohjelmasta riippuen. Kiinte\u00e4t valot kuluttavat v\u00e4hemm\u00e4n akkua kuin vaihtuvat ja vilkkuvat.<\/p>\n<p>Myyd\u00e4\u00e4n pareittain. Hinta sis\u00e4lt\u00e4\u00e4 kaksi poita.<\/p>\n<p>Kaksi USB-latausjohtoa sis\u00e4ltyy pakkaukseen.<\/p>\n<p>Halkaisija 80mm \/ Paino 165g<\/p>\n","protected":false},"excerpt":{"rendered":"<p>Uusi monitoiminnallinen USB-ladattava valopoi! Kest\u00e4v\u00e4 pallo, s\u00e4\u00e4dett\u00e4v\u00e4 naru, sormilenkit! Ohjataan yhdell\u00e4 napilla. Yksi painallus vaihtaa v\u00e4riasetuksen. Sammutus pit\u00e4m\u00e4ll\u00e4 nappia pohjassa 4 sekuntia. Yhdell\u00e4 t\u00e4ydell\u00e4 latauksella poit toimivat 3-11 tuntia ohjelmasta riippuen. Kiinte\u00e4t valot kuluttavat v\u00e4hemm\u00e4n akkua kuin vaihtuvat ja vilkkuvat. Myyd\u00e4\u00e4n pareittain. Hinta sis\u00e4lt\u00e4\u00e4 kaksi poita. Kaksi USB-latausjohtoa sis\u00e4ltyy pakkaukseen. Halkaisija 80mm \/ Paino 165g<\/p>\n","protected":false},"featured_media":8956,"template":"","meta":{"site-sidebar-layout":"default","site-content-layout":"default","ast-site-content-layout":"default","site-content-style":"default","site-sidebar-style":"default","ast-global-header-display":"","ast-banner-title-visibility":"","ast-main-header-display":"","ast-hfb-above-header-display":"","ast-hfb-below-header-display":"","ast-hfb-mobile-header-display":"","site-post-title":"","ast-breadcrumbs-content":"","ast-featured-img":"","footer-sml-layout":"","theme-transparent-header-meta":"default","adv-header-id-meta":"","stick-header-meta":"","header-above-stick-meta":"","header-main-stick-meta":"","header-below-stick-meta":"","astra-migrate-meta-layouts":"set","ast-page-background-enabled":"default","ast-page-background-meta":{"desktop":{"background-color":"","background-image":"","background-repeat":"repeat","background-position":"center center","background-size":"auto","background-attachment":"scroll","background-type":"","background-media":"","overlay-type":"","overlay-color":"","overlay-opacity":"","overlay-gradient":""},"tablet":{"background-color":"","background-image":"","background-repeat":"repeat","background-position":"center center","background-size":"auto","background-attachment":"scroll","background-type":"","background-media":"","overlay-type":"","overlay-color":"","overlay-opacity":"","overlay-gradient":""},"mobile":{"background-color":"","background-image":"","background-repeat":"repeat","background-position":"center center","background-size":"auto","background-attachment":"scroll","background-type":"","background-media":"","overlay-type":"","overlay-color":"","overlay-opacity":"","overlay-gradient":""}},"ast-content-background-meta":{"desktop":{"background-color":"var(--ast-global-color-5)","background-image":"","background-repeat":"repeat","background-position":"center center","background-size":"auto","background-attachment":"scroll","background-type":"","background-media":"","overlay-type":"","overlay-color":"","overlay-opacity":"","overlay-gradient":""},"tablet":{"background-color":"var(--ast-global-color-5)","background-image":"","background-repeat":"repeat","background-position":"center center","background-size":"auto","background-attachment":"scroll","background-type":"","background-media":"","overlay-type":"","overlay-color":"","overlay-opacity":"","overlay-gradient":""},"mobile":{"background-color":"var(--ast-global-color-5)","background-image":"","background-repeat":"repeat","background-position":"center center","background-size":"auto","background-attachment":"scroll","background-type":"","background-media":"","overlay-type":"","overlay-color":"","overlay-opacity":"","overlay-gradient":""}}},"product_brand":[],"product_cat":[73,677,452],"product_tag":[187,184,80,424,704,447,705,183,703],"class_list":{"0":"post-8953","1":"product","2":"type-product","3":"status-publish","4":"has-post-thumbnail","6":"product_cat-muut-jongleeraus","7":"product_cat-uutuudet","8":"product_cat-led-valineet","9":"product_tag-187","10":"product_tag-firetoys","11":"product_tag-jongleeraus","12":"product_tag-led","13":"product_tag-ledpoi","14":"product_tag-poi","15":"product_tag-poit","16":"product_tag-valo","17":"product_tag-valopoi","18":"desktop-align-center","19":"tablet-align-left","20":"mobile-align-left","22":"first","23":"instock","24":"taxable","25":"shipping-taxable","26":"purchasable","27":"product-type-simple"},"_links":{"self":[{"href":"https:\/\/sirkussirkus.com\/kauppa\/wp-json\/wp\/v2\/product\/8953","targetHints":{"allow":["GET"]}}],"collection":[{"href":"https:\/\/sirkussirkus.com\/kauppa\/wp-json\/wp\/v2\/product"}],"about":[{"href":"https:\/\/sirkussirkus.com\/kauppa\/wp-json\/wp\/v2\/types\/product"}],"version-history":[{"count":1,"href":"https:\/\/sirkussirkus.com\/kauppa\/wp-json\/wp\/v2\/product\/8953\/revisions"}],"predecessor-version":[{"id":8959,"href":"https:\/\/sirkussirkus.com\/kauppa\/wp-json\/wp\/v2\/product\/8953\/revisions\/8959"}],"wp:featuredmedia":[{"embeddable":true,"href":"https:\/\/sirkussirkus.com\/kauppa\/wp-json\/wp\/v2\/media\/8956"}],"wp:attachment":[{"href":"https:\/\/sirkussirkus.com\/kauppa\/wp-json\/wp\/v2\/media?parent=8953"}],"wp:term":[{"taxonomy":"product_brand","embeddable":true,"href":"https:\/\/sirkussirkus.com\/kauppa\/wp-json\/wp\/v2\/product_brand?post=8953"},{"taxonomy":"product_cat","embeddable":true,"href":"https:\/\/sirkussirkus.com\/kauppa\/wp-json\/wp\/v2\/product_cat?post=8953"},{"taxonomy":"product_tag","embeddable":true,"href":"https:\/\/sirkussirkus.com\/kauppa\/wp-json\/wp\/v2\/product_tag?post=8953"}],"curies":[{"name":"wp","href":"https:\/\/api.w.org\/{rel}","templated":true}]}}