{"id":8921,"date":"2026-03-15T14:29:54","date_gmt":"2026-03-15T14:29:54","guid":{"rendered":"https:\/\/sirkussirkus.com\/kauppa\/?post_type=product&#038;p=8921"},"modified":"2026-04-15T17:15:02","modified_gmt":"2026-04-15T17:15:02","slug":"cd-leikari-swivel-alumiini","status":"publish","type":"product","link":"https:\/\/sirkussirkus.com\/kauppa\/product\/cd-leikari-swivel-alumiini\/","title":{"rendered":"CD &#8211; Leikari \/ Swivel (alumiini)"},"content":{"rendered":"<p>Laakeroitu italialainen Circus Division -leikari eli &#8221;swiveli&#8221;, joka on valmistettu kuumataotusta alumiinista. Leikarin murtolujuus on 30 kilonewtonia, jolloin se kannattaa noin 3000 kilogramman painon. Leikari mahdollistaa py\u00f6rimisen pituusakselin ymp\u00e4ri, ja est\u00e4\u00e4 esimerkiksi ilma-akrobatiakankaan tai remmien kiertymisen. Alumiinista valmistetut kiinnikkeet ja varusteet vaativat kunnon tarkistuksen joka k\u00e4ytt\u00f6kerran yhteydess\u00e4, ja niit\u00e4 ei saa pudottaa kovalle lattialle edes p\u00f6yt\u00e4korkeudelta. Iskut saattavat heikent\u00e4\u00e4 murtolujuutta. Yksil\u00f6llisesti tarkastettu ja numeroitu. (CE EN354)<\/p>\n<p>Pituus 105 mm \/ Leveys 52 mm \/ Paino 150 g<\/p>\n<p>Murtumispainoraja 3000 kg, ty\u00f6skentelypainoraja 400 kg.<\/p>\n","protected":false},"excerpt":{"rendered":"<p>Laakeroitu italialainen Circus Division -leikari eli &#8221;swiveli&#8221;, joka on valmistettu kuumataotusta alumiinista. Leikarin murtolujuus on 30 kilonewtonia, jolloin se kannattaa noin 3000 kilogramman painon. Leikari mahdollistaa py\u00f6rimisen pituusakselin ymp\u00e4ri, ja est\u00e4\u00e4 esimerkiksi ilma-akrobatiakankaan tai remmien kiertymisen. Alumiinista valmistetut kiinnikkeet ja varusteet vaativat kunnon tarkistuksen joka k\u00e4ytt\u00f6kerran yhteydess\u00e4, ja niit\u00e4 ei saa pudottaa kovalle lattialle edes [&hellip;]<\/p>\n","protected":false},"featured_media":8922,"template":"","meta":{"site-sidebar-layout":"default","site-content-layout":"default","ast-site-content-layout":"default","site-content-style":"default","site-sidebar-style":"default","ast-global-header-display":"","ast-banner-title-visibility":"","ast-main-header-display":"","ast-hfb-above-header-display":"","ast-hfb-below-header-display":"","ast-hfb-mobile-header-display":"","site-post-title":"","ast-breadcrumbs-content":"","ast-featured-img":"","footer-sml-layout":"","theme-transparent-header-meta":"default","adv-header-id-meta":"","stick-header-meta":"","header-above-stick-meta":"","header-main-stick-meta":"","header-below-stick-meta":"","astra-migrate-meta-layouts":"set","ast-page-background-enabled":"default","ast-page-background-meta":{"desktop":{"background-color":"","background-image":"","background-repeat":"repeat","background-position":"center center","background-size":"auto","background-attachment":"scroll","background-type":"","background-media":"","overlay-type":"","overlay-color":"","overlay-opacity":"","overlay-gradient":""},"tablet":{"background-color":"","background-image":"","background-repeat":"repeat","background-position":"center center","background-size":"auto","background-attachment":"scroll","background-type":"","background-media":"","overlay-type":"","overlay-color":"","overlay-opacity":"","overlay-gradient":""},"mobile":{"background-color":"","background-image":"","background-repeat":"repeat","background-position":"center center","background-size":"auto","background-attachment":"scroll","background-type":"","background-media":"","overlay-type":"","overlay-color":"","overlay-opacity":"","overlay-gradient":""}},"ast-content-background-meta":{"desktop":{"background-color":"var(--ast-global-color-5)","background-image":"","background-repeat":"repeat","background-position":"center center","background-size":"auto","background-attachment":"scroll","background-type":"","background-media":"","overlay-type":"","overlay-color":"","overlay-opacity":"","overlay-gradient":""},"tablet":{"background-color":"var(--ast-global-color-5)","background-image":"","background-repeat":"repeat","background-position":"center center","background-size":"auto","background-attachment":"scroll","background-type":"","background-media":"","overlay-type":"","overlay-color":"","overlay-opacity":"","overlay-gradient":""},"mobile":{"background-color":"var(--ast-global-color-5)","background-image":"","background-repeat":"repeat","background-position":"center center","background-size":"auto","background-attachment":"scroll","background-type":"","background-media":"","overlay-type":"","overlay-color":"","overlay-opacity":"","overlay-gradient":""}}},"product_brand":[],"product_cat":[119,677],"product_tag":[117,361,94,199,715,615,190,714,200],"class_list":{"0":"post-8921","1":"product","2":"type-product","3":"status-publish","4":"has-post-thumbnail","6":"product_cat-ripustus","7":"product_cat-uutuudet","8":"product_tag-alumiini","9":"product_tag-circus","10":"product_tag-ilma-akrobatia","11":"product_tag-leikari","12":"product_tag-pyoriva","13":"product_tag-riggaus","14":"product_tag-ripustus","15":"product_tag-sviveli","16":"product_tag-swiveli","17":"desktop-align-center","18":"tablet-align-left","19":"mobile-align-left","21":"first","22":"instock","23":"taxable","24":"shipping-taxable","25":"purchasable","26":"product-type-simple"},"_links":{"self":[{"href":"https:\/\/sirkussirkus.com\/kauppa\/wp-json\/wp\/v2\/product\/8921","targetHints":{"allow":["GET"]}}],"collection":[{"href":"https:\/\/sirkussirkus.com\/kauppa\/wp-json\/wp\/v2\/product"}],"about":[{"href":"https:\/\/sirkussirkus.com\/kauppa\/wp-json\/wp\/v2\/types\/product"}],"version-history":[{"count":1,"href":"https:\/\/sirkussirkus.com\/kauppa\/wp-json\/wp\/v2\/product\/8921\/revisions"}],"predecessor-version":[{"id":8923,"href":"https:\/\/sirkussirkus.com\/kauppa\/wp-json\/wp\/v2\/product\/8921\/revisions\/8923"}],"wp:featuredmedia":[{"embeddable":true,"href":"https:\/\/sirkussirkus.com\/kauppa\/wp-json\/wp\/v2\/media\/8922"}],"wp:attachment":[{"href":"https:\/\/sirkussirkus.com\/kauppa\/wp-json\/wp\/v2\/media?parent=8921"}],"wp:term":[{"taxonomy":"product_brand","embeddable":true,"href":"https:\/\/sirkussirkus.com\/kauppa\/wp-json\/wp\/v2\/product_brand?post=8921"},{"taxonomy":"product_cat","embeddable":true,"href":"https:\/\/sirkussirkus.com\/kauppa\/wp-json\/wp\/v2\/product_cat?post=8921"},{"taxonomy":"product_tag","embeddable":true,"href":"https:\/\/sirkussirkus.com\/kauppa\/wp-json\/wp\/v2\/product_tag?post=8921"}],"curies":[{"name":"wp","href":"https:\/\/api.w.org\/{rel}","templated":true}]}}