{"id":8910,"date":"2026-03-15T12:55:42","date_gmt":"2026-03-15T12:55:42","guid":{"rendered":"https:\/\/sirkussirkus.com\/kauppa\/?post_type=product&#038;p=8910"},"modified":"2026-03-15T13:00:18","modified_gmt":"2026-03-15T13:00:18","slug":"singing-rock-static-r44-10-5","status":"publish","type":"product","link":"https:\/\/sirkussirkus.com\/kauppa\/product\/singing-rock-static-r44-10-5\/","title":{"rendered":"Singing Rock &#8211; Static R44 10.5"},"content":{"rendered":"<p>Erinomainen yleisk\u00f6ysi ty\u00f6- ja laskeutumisk\u00e4ytt\u00f6\u00f6n. Sopii hyvin lonssik\u00f6ydeksi ja taljapy\u00f6r\u00e4ripustuksiin. Musta v\u00e4ri.<\/p>\n<p>Myyd\u00e4\u00e4n metreitt\u00e4in.<\/p>\n<p>Staattinen kesto (kN): 31.5<br \/>\nMateriaali: Polyamide 6<br \/>\nStaattinen kesto 8 solmulla (kN): 19.8<br \/>\nStaattinen venym\u00e4 (50\/150 kg %): 3.4<br \/>\nSertifikaatit: EN1891\/UIAA\/CE1019\/Route44<\/p>\n<p>&nbsp;<\/p>\n","protected":false},"excerpt":{"rendered":"<p>Erinomainen yleisk\u00f6ysi ty\u00f6- ja laskeutumisk\u00e4ytt\u00f6\u00f6n. Sopii hyvin lonssik\u00f6ydeksi ja taljapy\u00f6r\u00e4ripustuksiin. Musta v\u00e4ri. Myyd\u00e4\u00e4n metreitt\u00e4in. Staattinen kesto (kN): 31.5 Materiaali: Polyamide 6 Staattinen kesto 8 solmulla (kN): 19.8 Staattinen venym\u00e4 (50\/150 kg %): 3.4 Sertifikaatit: EN1891\/UIAA\/CE1019\/Route44 &nbsp;<\/p>\n","protected":false},"featured_media":4205,"template":"","meta":{"site-sidebar-layout":"default","site-content-layout":"default","ast-site-content-layout":"default","site-content-style":"default","site-sidebar-style":"default","ast-global-header-display":"","ast-banner-title-visibility":"","ast-main-header-display":"","ast-hfb-above-header-display":"","ast-hfb-below-header-display":"","ast-hfb-mobile-header-display":"","site-post-title":"","ast-breadcrumbs-content":"","ast-featured-img":"","footer-sml-layout":"","theme-transparent-header-meta":"default","adv-header-id-meta":"","stick-header-meta":"","header-above-stick-meta":"","header-main-stick-meta":"","header-below-stick-meta":"","astra-migrate-meta-layouts":"set","ast-page-background-enabled":"default","ast-page-background-meta":{"desktop":{"background-color":"","background-image":"","background-repeat":"repeat","background-position":"center center","background-size":"auto","background-attachment":"scroll","background-type":"","background-media":"","overlay-type":"","overlay-color":"","overlay-opacity":"","overlay-gradient":""},"tablet":{"background-color":"","background-image":"","background-repeat":"repeat","background-position":"center center","background-size":"auto","background-attachment":"scroll","background-type":"","background-media":"","overlay-type":"","overlay-color":"","overlay-opacity":"","overlay-gradient":""},"mobile":{"background-color":"","background-image":"","background-repeat":"repeat","background-position":"center center","background-size":"auto","background-attachment":"scroll","background-type":"","background-media":"","overlay-type":"","overlay-color":"","overlay-opacity":"","overlay-gradient":""}},"ast-content-background-meta":{"desktop":{"background-color":"var(--ast-global-color-5)","background-image":"","background-repeat":"repeat","background-position":"center center","background-size":"auto","background-attachment":"scroll","background-type":"","background-media":"","overlay-type":"","overlay-color":"","overlay-opacity":"","overlay-gradient":""},"tablet":{"background-color":"var(--ast-global-color-5)","background-image":"","background-repeat":"repeat","background-position":"center center","background-size":"auto","background-attachment":"scroll","background-type":"","background-media":"","overlay-type":"","overlay-color":"","overlay-opacity":"","overlay-gradient":""},"mobile":{"background-color":"var(--ast-global-color-5)","background-image":"","background-repeat":"repeat","background-position":"center center","background-size":"auto","background-attachment":"scroll","background-type":"","background-media":"","overlay-type":"","overlay-color":"","overlay-opacity":"","overlay-gradient":""}}},"product_brand":[],"product_cat":[119,677],"product_tag":[229,230,201,227,228],"class_list":{"0":"post-8910","1":"product","2":"type-product","3":"status-publish","4":"has-post-thumbnail","6":"product_cat-ripustus","7":"product_cat-uutuudet","8":"product_tag-229","9":"product_tag-230","10":"product_tag-camp","11":"product_tag-iridium","12":"product_tag-koysi","13":"desktop-align-center","14":"tablet-align-left","15":"mobile-align-left","17":"first","18":"instock","19":"taxable","20":"shipping-taxable","21":"purchasable","22":"product-type-simple"},"_links":{"self":[{"href":"https:\/\/sirkussirkus.com\/kauppa\/wp-json\/wp\/v2\/product\/8910","targetHints":{"allow":["GET"]}}],"collection":[{"href":"https:\/\/sirkussirkus.com\/kauppa\/wp-json\/wp\/v2\/product"}],"about":[{"href":"https:\/\/sirkussirkus.com\/kauppa\/wp-json\/wp\/v2\/types\/product"}],"version-history":[{"count":1,"href":"https:\/\/sirkussirkus.com\/kauppa\/wp-json\/wp\/v2\/product\/8910\/revisions"}],"predecessor-version":[{"id":8911,"href":"https:\/\/sirkussirkus.com\/kauppa\/wp-json\/wp\/v2\/product\/8910\/revisions\/8911"}],"wp:featuredmedia":[{"embeddable":true,"href":"https:\/\/sirkussirkus.com\/kauppa\/wp-json\/wp\/v2\/media\/4205"}],"wp:attachment":[{"href":"https:\/\/sirkussirkus.com\/kauppa\/wp-json\/wp\/v2\/media?parent=8910"}],"wp:term":[{"taxonomy":"product_brand","embeddable":true,"href":"https:\/\/sirkussirkus.com\/kauppa\/wp-json\/wp\/v2\/product_brand?post=8910"},{"taxonomy":"product_cat","embeddable":true,"href":"https:\/\/sirkussirkus.com\/kauppa\/wp-json\/wp\/v2\/product_cat?post=8910"},{"taxonomy":"product_tag","embeddable":true,"href":"https:\/\/sirkussirkus.com\/kauppa\/wp-json\/wp\/v2\/product_tag?post=8910"}],"curies":[{"name":"wp","href":"https:\/\/api.w.org\/{rel}","templated":true}]}}