{"id":8899,"date":"2026-03-15T08:54:23","date_gmt":"2026-03-15T08:54:23","guid":{"rendered":"https:\/\/sirkussirkus.com\/kauppa\/?post_type=product&#038;p=8899"},"modified":"2026-03-15T08:59:41","modified_gmt":"2026-03-15T08:59:41","slug":"sr-sulkurengas-triple-lock-black-teras","status":"publish","type":"product","link":"https:\/\/sirkussirkus.com\/kauppa\/product\/sr-sulkurengas-triple-lock-black-teras\/","title":{"rendered":"SR &#8211; sulkurengas Triple Lock Black (ter\u00e4s)"},"content":{"rendered":"<p>Singing Rock -merkkinen ter\u00e4ksinen triple lock -ovaalisulkurengas eli &#8221;karabiini&#8221;. Eritt\u00e4in korkealaatuista ter\u00e4st\u00e4, soveltuu vaikeisiin olosuhteisiin. Portin avauma 18 mm. Yksil\u00f6llisesti tarkastettu ja numeroitu. (CE EN362)<\/p>\n<p>Pituus 110 mm \/ Leveys 62 mm \/ Paino 176 g<\/p>\n<p>Murtumispainoraja pituussuunnassa 3000 kg. Murtumispainoraja porttia vasten 900 kg. Murtumispainoraja pituussuunnassa avonaisena 800 kg.<\/p>\n","protected":false},"excerpt":{"rendered":"<p>Singing Rock -merkkinen ter\u00e4ksinen triple lock -ovaalisulkurengas eli &#8221;karabiini&#8221;. Eritt\u00e4in korkealaatuista ter\u00e4st\u00e4, soveltuu vaikeisiin olosuhteisiin. Portin avauma 18 mm. Yksil\u00f6llisesti tarkastettu ja numeroitu. (CE EN362) Pituus 110 mm \/ Leveys 62 mm \/ Paino 176 g Murtumispainoraja pituussuunnassa 3000 kg. Murtumispainoraja porttia vasten 900 kg. Murtumispainoraja pituussuunnassa avonaisena 800 kg.<\/p>\n","protected":false},"featured_media":8901,"template":"","meta":{"site-sidebar-layout":"default","site-content-layout":"default","ast-site-content-layout":"default","site-content-style":"default","site-sidebar-style":"default","ast-global-header-display":"","ast-banner-title-visibility":"","ast-main-header-display":"","ast-hfb-above-header-display":"","ast-hfb-below-header-display":"","ast-hfb-mobile-header-display":"","site-post-title":"","ast-breadcrumbs-content":"","ast-featured-img":"","footer-sml-layout":"","theme-transparent-header-meta":"default","adv-header-id-meta":"","stick-header-meta":"","header-above-stick-meta":"","header-main-stick-meta":"","header-below-stick-meta":"","astra-migrate-meta-layouts":"set","ast-page-background-enabled":"default","ast-page-background-meta":{"desktop":{"background-color":"","background-image":"","background-repeat":"repeat","background-position":"center center","background-size":"auto","background-attachment":"scroll","background-type":"","background-media":"","overlay-type":"","overlay-color":"","overlay-opacity":"","overlay-gradient":""},"tablet":{"background-color":"","background-image":"","background-repeat":"repeat","background-position":"center center","background-size":"auto","background-attachment":"scroll","background-type":"","background-media":"","overlay-type":"","overlay-color":"","overlay-opacity":"","overlay-gradient":""},"mobile":{"background-color":"","background-image":"","background-repeat":"repeat","background-position":"center center","background-size":"auto","background-attachment":"scroll","background-type":"","background-media":"","overlay-type":"","overlay-color":"","overlay-opacity":"","overlay-gradient":""}},"ast-content-background-meta":{"desktop":{"background-color":"var(--ast-global-color-5)","background-image":"","background-repeat":"repeat","background-position":"center center","background-size":"auto","background-attachment":"scroll","background-type":"","background-media":"","overlay-type":"","overlay-color":"","overlay-opacity":"","overlay-gradient":""},"tablet":{"background-color":"var(--ast-global-color-5)","background-image":"","background-repeat":"repeat","background-position":"center center","background-size":"auto","background-attachment":"scroll","background-type":"","background-media":"","overlay-type":"","overlay-color":"","overlay-opacity":"","overlay-gradient":""},"mobile":{"background-color":"var(--ast-global-color-5)","background-image":"","background-repeat":"repeat","background-position":"center center","background-size":"auto","background-attachment":"scroll","background-type":"","background-media":"","overlay-type":"","overlay-color":"","overlay-opacity":"","overlay-gradient":""}}},"product_brand":[],"product_cat":[119,677],"product_tag":[94,203,767,205,206,204],"class_list":{"0":"post-8899","1":"product","2":"type-product","3":"status-publish","4":"has-post-thumbnail","6":"product_cat-ripustus","7":"product_cat-uutuudet","8":"product_tag-ilma-akrobatia","9":"product_tag-karabiini","10":"product_tag-singing-rock","11":"product_tag-sr","12":"product_tag-sulkurengas","13":"product_tag-teras","14":"desktop-align-center","15":"tablet-align-left","16":"mobile-align-left","18":"first","19":"instock","20":"taxable","21":"shipping-taxable","22":"purchasable","23":"product-type-simple"},"_links":{"self":[{"href":"https:\/\/sirkussirkus.com\/kauppa\/wp-json\/wp\/v2\/product\/8899","targetHints":{"allow":["GET"]}}],"collection":[{"href":"https:\/\/sirkussirkus.com\/kauppa\/wp-json\/wp\/v2\/product"}],"about":[{"href":"https:\/\/sirkussirkus.com\/kauppa\/wp-json\/wp\/v2\/types\/product"}],"version-history":[{"count":1,"href":"https:\/\/sirkussirkus.com\/kauppa\/wp-json\/wp\/v2\/product\/8899\/revisions"}],"predecessor-version":[{"id":8902,"href":"https:\/\/sirkussirkus.com\/kauppa\/wp-json\/wp\/v2\/product\/8899\/revisions\/8902"}],"wp:featuredmedia":[{"embeddable":true,"href":"https:\/\/sirkussirkus.com\/kauppa\/wp-json\/wp\/v2\/media\/8901"}],"wp:attachment":[{"href":"https:\/\/sirkussirkus.com\/kauppa\/wp-json\/wp\/v2\/media?parent=8899"}],"wp:term":[{"taxonomy":"product_brand","embeddable":true,"href":"https:\/\/sirkussirkus.com\/kauppa\/wp-json\/wp\/v2\/product_brand?post=8899"},{"taxonomy":"product_cat","embeddable":true,"href":"https:\/\/sirkussirkus.com\/kauppa\/wp-json\/wp\/v2\/product_cat?post=8899"},{"taxonomy":"product_tag","embeddable":true,"href":"https:\/\/sirkussirkus.com\/kauppa\/wp-json\/wp\/v2\/product_tag?post=8899"}],"curies":[{"name":"wp","href":"https:\/\/api.w.org\/{rel}","templated":true}]}}