{"id":8884,"date":"2026-03-15T07:10:58","date_gmt":"2026-03-15T07:10:58","guid":{"rendered":"https:\/\/sirkussirkus.com\/kauppa\/?post_type=product&#038;p=8884"},"modified":"2026-03-15T08:50:17","modified_gmt":"2026-03-15T08:50:17","slug":"play-bbx-beanbag","status":"publish","type":"product","link":"https:\/\/sirkussirkus.com\/kauppa\/product\/play-bbx-beanbag\/","title":{"rendered":"Play BBX Beanbag"},"content":{"rendered":"<p>Uuden sukupolven jongleerauspallo! Play Juggling uudisti koko beanbag-malliston idean. Saumaton, pit\u00e4v\u00e4 ja kest\u00e4v\u00e4 pinta, jossa on mukava pehme\u00e4 tuntuma. Vaikka pallon kuori on eritt\u00e4in ohut, on se my\u00f6s eritt\u00e4in joustava ja kest\u00e4v\u00e4. Pallo sopii erinomaisesti aloittelijan k\u00e4teen siin\u00e4 miss\u00e4 ammattilaisellekin. Pallot n\u00e4ytt\u00e4v\u00e4t upeilta ja tuntuvat miellytt\u00e4vilt\u00e4. Koon puolesta ne sopivat my\u00f6s joka k\u00e4teen.<\/p>\n<p>Pallon t\u00e4ytteen\u00e4 on hirssi, joten \u00e4l\u00e4 p\u00e4\u00e4st\u00e4 palloa kastumaan \u00e4l\u00e4k\u00e4 varastoi sit\u00e4 kosteassa paikassa. Pid\u00e4 pallo my\u00f6s erossa jyrsij\u00f6ist\u00e4.<\/p>\n<p>68mm \/ 130g<\/p>\n","protected":false},"excerpt":{"rendered":"<p>Uuden sukupolven jongleerauspallo! Play Juggling uudisti koko beanbag-malliston idean. Saumaton, pit\u00e4v\u00e4 ja kest\u00e4v\u00e4 pinta, jossa on mukava pehme\u00e4 tuntuma. Vaikka pallon kuori on eritt\u00e4in ohut, on se my\u00f6s eritt\u00e4in joustava ja kest\u00e4v\u00e4. Pallo sopii erinomaisesti aloittelijan k\u00e4teen siin\u00e4 miss\u00e4 ammattilaisellekin. Pallot n\u00e4ytt\u00e4v\u00e4t upeilta ja tuntuvat miellytt\u00e4vilt\u00e4. Koon puolesta ne sopivat my\u00f6s joka k\u00e4teen. Pallon t\u00e4ytteen\u00e4 [&hellip;]<\/p>\n","protected":false},"featured_media":8891,"template":"","meta":{"site-sidebar-layout":"default","site-content-layout":"default","ast-site-content-layout":"default","site-content-style":"default","site-sidebar-style":"default","ast-global-header-display":"","ast-banner-title-visibility":"","ast-main-header-display":"","ast-hfb-above-header-display":"","ast-hfb-below-header-display":"","ast-hfb-mobile-header-display":"","site-post-title":"","ast-breadcrumbs-content":"","ast-featured-img":"","footer-sml-layout":"","theme-transparent-header-meta":"default","adv-header-id-meta":"","stick-header-meta":"","header-above-stick-meta":"","header-main-stick-meta":"","header-below-stick-meta":"","astra-migrate-meta-layouts":"set","ast-page-background-enabled":"default","ast-page-background-meta":{"desktop":{"background-color":"","background-image":"","background-repeat":"repeat","background-position":"center center","background-size":"auto","background-attachment":"scroll","background-type":"","background-media":"","overlay-type":"","overlay-color":"","overlay-opacity":"","overlay-gradient":""},"tablet":{"background-color":"","background-image":"","background-repeat":"repeat","background-position":"center center","background-size":"auto","background-attachment":"scroll","background-type":"","background-media":"","overlay-type":"","overlay-color":"","overlay-opacity":"","overlay-gradient":""},"mobile":{"background-color":"","background-image":"","background-repeat":"repeat","background-position":"center center","background-size":"auto","background-attachment":"scroll","background-type":"","background-media":"","overlay-type":"","overlay-color":"","overlay-opacity":"","overlay-gradient":""}},"ast-content-background-meta":{"desktop":{"background-color":"var(--ast-global-color-5)","background-image":"","background-repeat":"repeat","background-position":"center center","background-size":"auto","background-attachment":"scroll","background-type":"","background-media":"","overlay-type":"","overlay-color":"","overlay-opacity":"","overlay-gradient":""},"tablet":{"background-color":"var(--ast-global-color-5)","background-image":"","background-repeat":"repeat","background-position":"center center","background-size":"auto","background-attachment":"scroll","background-type":"","background-media":"","overlay-type":"","overlay-color":"","overlay-opacity":"","overlay-gradient":""},"mobile":{"background-color":"var(--ast-global-color-5)","background-image":"","background-repeat":"repeat","background-position":"center center","background-size":"auto","background-attachment":"scroll","background-type":"","background-media":"","overlay-type":"","overlay-color":"","overlay-opacity":"","overlay-gradient":""}}},"product_brand":[],"product_cat":[55,677],"product_tag":[865,99,80,56,57,108,100],"class_list":{"0":"post-8884","1":"product","2":"type-product","3":"status-publish","4":"has-post-thumbnail","6":"product_cat-jongleerauspallot","7":"product_cat-uutuudet","8":"product_tag-bbx","9":"product_tag-beanbag","10":"product_tag-jongleeraus","11":"product_tag-pallo","12":"product_tag-pallot","13":"product_tag-play","14":"product_tag-sakki","15":"desktop-align-center","16":"tablet-align-left","17":"mobile-align-left","19":"first","20":"instock","21":"taxable","22":"shipping-taxable","23":"purchasable","24":"product-type-variable"},"_links":{"self":[{"href":"https:\/\/sirkussirkus.com\/kauppa\/wp-json\/wp\/v2\/product\/8884","targetHints":{"allow":["GET"]}}],"collection":[{"href":"https:\/\/sirkussirkus.com\/kauppa\/wp-json\/wp\/v2\/product"}],"about":[{"href":"https:\/\/sirkussirkus.com\/kauppa\/wp-json\/wp\/v2\/types\/product"}],"version-history":[{"count":1,"href":"https:\/\/sirkussirkus.com\/kauppa\/wp-json\/wp\/v2\/product\/8884\/revisions"}],"predecessor-version":[{"id":8890,"href":"https:\/\/sirkussirkus.com\/kauppa\/wp-json\/wp\/v2\/product\/8884\/revisions\/8890"}],"wp:featuredmedia":[{"embeddable":true,"href":"https:\/\/sirkussirkus.com\/kauppa\/wp-json\/wp\/v2\/media\/8891"}],"wp:attachment":[{"href":"https:\/\/sirkussirkus.com\/kauppa\/wp-json\/wp\/v2\/media?parent=8884"}],"wp:term":[{"taxonomy":"product_brand","embeddable":true,"href":"https:\/\/sirkussirkus.com\/kauppa\/wp-json\/wp\/v2\/product_brand?post=8884"},{"taxonomy":"product_cat","embeddable":true,"href":"https:\/\/sirkussirkus.com\/kauppa\/wp-json\/wp\/v2\/product_cat?post=8884"},{"taxonomy":"product_tag","embeddable":true,"href":"https:\/\/sirkussirkus.com\/kauppa\/wp-json\/wp\/v2\/product_tag?post=8884"}],"curies":[{"name":"wp","href":"https:\/\/api.w.org\/{rel}","templated":true}]}}