{"id":8705,"date":"2025-12-01T11:52:29","date_gmt":"2025-12-01T11:52:29","guid":{"rendered":"https:\/\/sirkussirkus.com\/kauppa\/?post_type=product&#038;p=8705"},"modified":"2025-12-01T11:57:29","modified_gmt":"2025-12-01T11:57:29","slug":"camp-iridium-koysi-105mm-2","status":"publish","type":"product","link":"https:\/\/sirkussirkus.com\/kauppa\/product\/camp-iridium-koysi-105mm-2\/","title":{"rendered":"CAMP &#8211; Iridium-k\u00f6ysi 10,5mm"},"content":{"rendered":"<p>Erinomainen yleisk\u00f6ysi ty\u00f6- ja laskeutumisk\u00e4ytt\u00f6\u00f6n. Sopii hyvin lonssik\u00f6ydeksi ja taljapy\u00f6r\u00e4ripustuksiin. Valkoinen v\u00e4ri mustilla raidoilla.<\/p>\n<p>Myyd\u00e4\u00e4n metreitt\u00e4in.<\/p>\n<p>Staattinen kesto (kN): 29.2<br \/>\nMateriaali: Polyamide 6<br \/>\nSertifikaatit: EN 1891\/A \u2013 EAC \u2013 UIAA<\/p>\n<p>Staattinen kesto 8 solmulla (kN): 19.5<br \/>\nFactor 1 pudotusten m\u00e4\u00e4r\u00e4 (100kg): 22<br \/>\nFall factor 0.3 iskuvoimalla (kN): 5.1<br \/>\nStaattinen venym\u00e4 (50\/150 kg %): 3.1<br \/>\nManttelin venym\u00e4 (mm): 0<br \/>\nSheath percentage (%)(k\u00f6yden kest\u00e4vyys\/j\u00e4ykkyys%. Mit\u00e4 isompi luku, sen j\u00e4ykempi ja kest\u00e4v\u00e4mpi k\u00f6ysi on): 38<br \/>\nKutistuminen vedess\u00e4 (%): 2.3<\/p>\n","protected":false},"excerpt":{"rendered":"<p>Erinomainen yleisk\u00f6ysi ty\u00f6- ja laskeutumisk\u00e4ytt\u00f6\u00f6n. Sopii hyvin lonssik\u00f6ydeksi ja taljapy\u00f6r\u00e4ripustuksiin. Valkoinen v\u00e4ri mustilla raidoilla. Myyd\u00e4\u00e4n metreitt\u00e4in. Staattinen kesto (kN): 29.2 Materiaali: Polyamide 6 Sertifikaatit: EN 1891\/A \u2013 EAC \u2013 UIAA Staattinen kesto 8 solmulla (kN): 19.5 Factor 1 pudotusten m\u00e4\u00e4r\u00e4 (100kg): 22 Fall factor 0.3 iskuvoimalla (kN): 5.1 Staattinen venym\u00e4 (50\/150 kg %): 3.1 Manttelin [&hellip;]<\/p>\n","protected":false},"featured_media":8706,"template":"","meta":{"site-sidebar-layout":"default","site-content-layout":"default","ast-site-content-layout":"default","site-content-style":"default","site-sidebar-style":"default","ast-global-header-display":"","ast-banner-title-visibility":"","ast-main-header-display":"","ast-hfb-above-header-display":"","ast-hfb-below-header-display":"","ast-hfb-mobile-header-display":"","site-post-title":"","ast-breadcrumbs-content":"","ast-featured-img":"","footer-sml-layout":"","theme-transparent-header-meta":"default","adv-header-id-meta":"","stick-header-meta":"","header-above-stick-meta":"","header-main-stick-meta":"","header-below-stick-meta":"","astra-migrate-meta-layouts":"set","ast-page-background-enabled":"default","ast-page-background-meta":{"desktop":{"background-color":"","background-image":"","background-repeat":"repeat","background-position":"center center","background-size":"auto","background-attachment":"scroll","background-type":"","background-media":"","overlay-type":"","overlay-color":"","overlay-opacity":"","overlay-gradient":""},"tablet":{"background-color":"","background-image":"","background-repeat":"repeat","background-position":"center center","background-size":"auto","background-attachment":"scroll","background-type":"","background-media":"","overlay-type":"","overlay-color":"","overlay-opacity":"","overlay-gradient":""},"mobile":{"background-color":"","background-image":"","background-repeat":"repeat","background-position":"center center","background-size":"auto","background-attachment":"scroll","background-type":"","background-media":"","overlay-type":"","overlay-color":"","overlay-opacity":"","overlay-gradient":""}},"ast-content-background-meta":{"desktop":{"background-color":"var(--ast-global-color-5)","background-image":"","background-repeat":"repeat","background-position":"center center","background-size":"auto","background-attachment":"scroll","background-type":"","background-media":"","overlay-type":"","overlay-color":"","overlay-opacity":"","overlay-gradient":""},"tablet":{"background-color":"var(--ast-global-color-5)","background-image":"","background-repeat":"repeat","background-position":"center center","background-size":"auto","background-attachment":"scroll","background-type":"","background-media":"","overlay-type":"","overlay-color":"","overlay-opacity":"","overlay-gradient":""},"mobile":{"background-color":"var(--ast-global-color-5)","background-image":"","background-repeat":"repeat","background-position":"center center","background-size":"auto","background-attachment":"scroll","background-type":"","background-media":"","overlay-type":"","overlay-color":"","overlay-opacity":"","overlay-gradient":""}}},"product_brand":[],"product_cat":[119,677],"product_tag":[229,230,201,227,228],"class_list":{"0":"post-8705","1":"product","2":"type-product","3":"status-publish","4":"has-post-thumbnail","6":"product_cat-ripustus","7":"product_cat-uutuudet","8":"product_tag-229","9":"product_tag-230","10":"product_tag-camp","11":"product_tag-iridium","12":"product_tag-koysi","13":"desktop-align-center","14":"tablet-align-left","15":"mobile-align-left","17":"first","18":"instock","19":"taxable","20":"shipping-taxable","21":"purchasable","22":"product-type-simple"},"_links":{"self":[{"href":"https:\/\/sirkussirkus.com\/kauppa\/wp-json\/wp\/v2\/product\/8705","targetHints":{"allow":["GET"]}}],"collection":[{"href":"https:\/\/sirkussirkus.com\/kauppa\/wp-json\/wp\/v2\/product"}],"about":[{"href":"https:\/\/sirkussirkus.com\/kauppa\/wp-json\/wp\/v2\/types\/product"}],"version-history":[{"count":1,"href":"https:\/\/sirkussirkus.com\/kauppa\/wp-json\/wp\/v2\/product\/8705\/revisions"}],"predecessor-version":[{"id":8707,"href":"https:\/\/sirkussirkus.com\/kauppa\/wp-json\/wp\/v2\/product\/8705\/revisions\/8707"}],"wp:featuredmedia":[{"embeddable":true,"href":"https:\/\/sirkussirkus.com\/kauppa\/wp-json\/wp\/v2\/media\/8706"}],"wp:attachment":[{"href":"https:\/\/sirkussirkus.com\/kauppa\/wp-json\/wp\/v2\/media?parent=8705"}],"wp:term":[{"taxonomy":"product_brand","embeddable":true,"href":"https:\/\/sirkussirkus.com\/kauppa\/wp-json\/wp\/v2\/product_brand?post=8705"},{"taxonomy":"product_cat","embeddable":true,"href":"https:\/\/sirkussirkus.com\/kauppa\/wp-json\/wp\/v2\/product_cat?post=8705"},{"taxonomy":"product_tag","embeddable":true,"href":"https:\/\/sirkussirkus.com\/kauppa\/wp-json\/wp\/v2\/product_tag?post=8705"}],"curies":[{"name":"wp","href":"https:\/\/api.w.org\/{rel}","templated":true}]}}