{"id":8673,"date":"2025-11-27T14:37:01","date_gmt":"2025-11-27T14:37:01","guid":{"rendered":"https:\/\/sirkussirkus.com\/kauppa\/?post_type=product&#038;p=8673"},"modified":"2026-03-07T08:11:38","modified_gmt":"2026-03-07T08:11:38","slug":"diabolo-kasikepit-alu-dream","status":"publish","type":"product","link":"https:\/\/sirkussirkus.com\/kauppa\/product\/diabolo-kasikepit-alu-dream\/","title":{"rendered":"Diabolo-k\u00e4sikepit &#8211; Alu Dream"},"content":{"rendered":"<div class=\"product-wrapper2\">\n<div class=\"product-info\">\n<div class=\"product-text\">\n<p>Perinteiset alumiiniset k\u00e4sikepit diaboloon. Eritt\u00e4in kest\u00e4v\u00e4t ja edulliset kepit viidess\u00e4 eri metallinv\u00e4riss\u00e4. K\u00e4sikepit sopivat erinomaisen hyvin aloittelijoille ja lapsille. Naru sidotaan kepin p\u00e4ihin. Kepin p\u00e4iss\u00e4 on varressa upotettu paikka solmulle. Naru sis\u00e4ltyy hintaan. Valmistaja Juggle Dream.<\/p>\n<p>33cm<\/p>\n<\/div>\n<\/div>\n<\/div>\n","protected":false},"excerpt":{"rendered":"<p>Perinteiset alumiiniset k\u00e4sikepit diaboloon. Eritt\u00e4in kest\u00e4v\u00e4t ja edulliset kepit viidess\u00e4 eri metallinv\u00e4riss\u00e4. K\u00e4sikepit sopivat erinomaisen hyvin aloittelijoille ja lapsille. Naru sidotaan kepin p\u00e4ihin. Kepin p\u00e4iss\u00e4 on varressa upotettu paikka solmulle. Naru sis\u00e4ltyy hintaan. Valmistaja Juggle Dream. 33cm<\/p>\n","protected":false},"featured_media":8688,"template":"","meta":{"site-sidebar-layout":"default","site-content-layout":"default","ast-site-content-layout":"default","site-content-style":"default","site-sidebar-style":"default","ast-global-header-display":"","ast-banner-title-visibility":"","ast-main-header-display":"","ast-hfb-above-header-display":"","ast-hfb-below-header-display":"","ast-hfb-mobile-header-display":"","site-post-title":"","ast-breadcrumbs-content":"","ast-featured-img":"","footer-sml-layout":"","theme-transparent-header-meta":"default","adv-header-id-meta":"","stick-header-meta":"","header-above-stick-meta":"","header-main-stick-meta":"","header-below-stick-meta":"","astra-migrate-meta-layouts":"set","ast-page-background-enabled":"default","ast-page-background-meta":{"desktop":{"background-color":"","background-image":"","background-repeat":"repeat","background-position":"center center","background-size":"auto","background-attachment":"scroll","background-type":"","background-media":"","overlay-type":"","overlay-color":"","overlay-opacity":"","overlay-gradient":""},"tablet":{"background-color":"","background-image":"","background-repeat":"repeat","background-position":"center center","background-size":"auto","background-attachment":"scroll","background-type":"","background-media":"","overlay-type":"","overlay-color":"","overlay-opacity":"","overlay-gradient":""},"mobile":{"background-color":"","background-image":"","background-repeat":"repeat","background-position":"center center","background-size":"auto","background-attachment":"scroll","background-type":"","background-media":"","overlay-type":"","overlay-color":"","overlay-opacity":"","overlay-gradient":""}},"ast-content-background-meta":{"desktop":{"background-color":"var(--ast-global-color-5)","background-image":"","background-repeat":"repeat","background-position":"center center","background-size":"auto","background-attachment":"scroll","background-type":"","background-media":"","overlay-type":"","overlay-color":"","overlay-opacity":"","overlay-gradient":""},"tablet":{"background-color":"var(--ast-global-color-5)","background-image":"","background-repeat":"repeat","background-position":"center center","background-size":"auto","background-attachment":"scroll","background-type":"","background-media":"","overlay-type":"","overlay-color":"","overlay-opacity":"","overlay-gradient":""},"mobile":{"background-color":"var(--ast-global-color-5)","background-image":"","background-repeat":"repeat","background-position":"center center","background-size":"auto","background-attachment":"scroll","background-type":"","background-media":"","overlay-type":"","overlay-color":"","overlay-opacity":"","overlay-gradient":""}}},"product_brand":[],"product_cat":[71,677],"product_tag":[372,117,357,358,80,371,373],"class_list":{"0":"post-8673","1":"product","2":"type-product","3":"status-publish","4":"has-post-thumbnail","6":"product_cat-diabolo","7":"product_cat-uutuudet","8":"product_tag-372","9":"product_tag-alumiini","10":"product_tag-diabolo","11":"product_tag-diabolot","12":"product_tag-jongleeraus","13":"product_tag-kasikepit","14":"product_tag-kasikeppi","15":"desktop-align-center","16":"tablet-align-left","17":"mobile-align-left","19":"first","20":"instock","21":"taxable","22":"shipping-taxable","23":"purchasable","24":"product-type-variable","25":"has-default-attributes"},"_links":{"self":[{"href":"https:\/\/sirkussirkus.com\/kauppa\/wp-json\/wp\/v2\/product\/8673","targetHints":{"allow":["GET"]}}],"collection":[{"href":"https:\/\/sirkussirkus.com\/kauppa\/wp-json\/wp\/v2\/product"}],"about":[{"href":"https:\/\/sirkussirkus.com\/kauppa\/wp-json\/wp\/v2\/types\/product"}],"version-history":[{"count":1,"href":"https:\/\/sirkussirkus.com\/kauppa\/wp-json\/wp\/v2\/product\/8673\/revisions"}],"predecessor-version":[{"id":8689,"href":"https:\/\/sirkussirkus.com\/kauppa\/wp-json\/wp\/v2\/product\/8673\/revisions\/8689"}],"wp:featuredmedia":[{"embeddable":true,"href":"https:\/\/sirkussirkus.com\/kauppa\/wp-json\/wp\/v2\/media\/8688"}],"wp:attachment":[{"href":"https:\/\/sirkussirkus.com\/kauppa\/wp-json\/wp\/v2\/media?parent=8673"}],"wp:term":[{"taxonomy":"product_brand","embeddable":true,"href":"https:\/\/sirkussirkus.com\/kauppa\/wp-json\/wp\/v2\/product_brand?post=8673"},{"taxonomy":"product_cat","embeddable":true,"href":"https:\/\/sirkussirkus.com\/kauppa\/wp-json\/wp\/v2\/product_cat?post=8673"},{"taxonomy":"product_tag","embeddable":true,"href":"https:\/\/sirkussirkus.com\/kauppa\/wp-json\/wp\/v2\/product_tag?post=8673"}],"curies":[{"name":"wp","href":"https:\/\/api.w.org\/{rel}","templated":true}]}}