{"id":8469,"date":"2025-08-19T18:32:13","date_gmt":"2025-08-19T18:32:13","guid":{"rendered":"https:\/\/sirkussirkus.com\/kauppa\/?post_type=product&#038;p=8469"},"modified":"2026-04-14T14:23:26","modified_gmt":"2026-04-14T14:23:26","slug":"lonssivyo-volttivyo","status":"publish","type":"product","link":"https:\/\/sirkussirkus.com\/kauppa\/product\/lonssivyo-volttivyo\/","title":{"rendered":"Lonssivy\u00f6 (volttivy\u00f6)"},"content":{"rendered":"<p>Lattia-akrobatian, ilma-akrobatian, pariakrobatian, trampoliinin ja akrojoogan turvallisuuteen. Lonssivy\u00f6t\u00e4 k\u00e4ytet\u00e4\u00e4n akrobaatin turvaamiseen putoamistilanteessa. Vy\u00f6ss\u00e4 helppo pikalukko, joka pit\u00e4\u00e4 hyvin. Vy\u00f6n k\u00e4ytt\u00e4j\u00e4\u00e4 tulee opastaa, ettei vy\u00f6st\u00e4 miss\u00e4\u00e4n tilanteessa oteta kuitenkaan kiinni. Hintaan sis\u00e4ltyy pelkk\u00e4 vy\u00f6. K\u00f6ydet, taljapy\u00f6r\u00e4t ja kiinnikkeet hankittava erikseen.<\/p>\n<p>Ty\u00f6skentelypainoraja 150kg<br \/>\nVy\u00f6t\u00e4r\u00f6mitta: 67-76cm<br \/>\nValmistaja: Prodigy<\/p>\n","protected":false},"excerpt":{"rendered":"<p>Lattia-akrobatian, ilma-akrobatian, pariakrobatian, trampoliinin ja akrojoogan turvallisuuteen. Lonssivy\u00f6t\u00e4 k\u00e4ytet\u00e4\u00e4n akrobaatin turvaamiseen putoamistilanteessa. Vy\u00f6ss\u00e4 helppo pikalukko, joka pit\u00e4\u00e4 hyvin. Vy\u00f6n k\u00e4ytt\u00e4j\u00e4\u00e4 tulee opastaa, ettei vy\u00f6st\u00e4 miss\u00e4\u00e4n tilanteessa oteta kuitenkaan kiinni. Hintaan sis\u00e4ltyy pelkk\u00e4 vy\u00f6. K\u00f6ydet, taljapy\u00f6r\u00e4t ja kiinnikkeet hankittava erikseen. Ty\u00f6skentelypainoraja 150kg Vy\u00f6t\u00e4r\u00f6mitta: 67-76cm Valmistaja: Prodigy<\/p>\n","protected":false},"featured_media":8477,"template":"","meta":{"site-sidebar-layout":"default","site-content-layout":"","ast-site-content-layout":"default","site-content-style":"default","site-sidebar-style":"default","ast-global-header-display":"","ast-banner-title-visibility":"","ast-main-header-display":"","ast-hfb-above-header-display":"","ast-hfb-below-header-display":"","ast-hfb-mobile-header-display":"","site-post-title":"","ast-breadcrumbs-content":"","ast-featured-img":"","footer-sml-layout":"","theme-transparent-header-meta":"default","adv-header-id-meta":"","stick-header-meta":"","header-above-stick-meta":"","header-main-stick-meta":"","header-below-stick-meta":"","astra-migrate-meta-layouts":"set","ast-page-background-enabled":"default","ast-page-background-meta":{"desktop":{"background-color":"","background-image":"","background-repeat":"repeat","background-position":"center center","background-size":"auto","background-attachment":"scroll","background-type":"","background-media":"","overlay-type":"","overlay-color":"","overlay-opacity":"","overlay-gradient":""},"tablet":{"background-color":"","background-image":"","background-repeat":"repeat","background-position":"center center","background-size":"auto","background-attachment":"scroll","background-type":"","background-media":"","overlay-type":"","overlay-color":"","overlay-opacity":"","overlay-gradient":""},"mobile":{"background-color":"","background-image":"","background-repeat":"repeat","background-position":"center center","background-size":"auto","background-attachment":"scroll","background-type":"","background-media":"","overlay-type":"","overlay-color":"","overlay-opacity":"","overlay-gradient":""}},"ast-content-background-meta":{"desktop":{"background-color":"var(--ast-global-color-5)","background-image":"","background-repeat":"repeat","background-position":"center center","background-size":"auto","background-attachment":"scroll","background-type":"","background-media":"","overlay-type":"","overlay-color":"","overlay-opacity":"","overlay-gradient":""},"tablet":{"background-color":"var(--ast-global-color-5)","background-image":"","background-repeat":"repeat","background-position":"center center","background-size":"auto","background-attachment":"scroll","background-type":"","background-media":"","overlay-type":"","overlay-color":"","overlay-opacity":"","overlay-gradient":""},"mobile":{"background-color":"var(--ast-global-color-5)","background-image":"","background-repeat":"repeat","background-position":"center center","background-size":"auto","background-attachment":"scroll","background-type":"","background-media":"","overlay-type":"","overlay-color":"","overlay-opacity":"","overlay-gradient":""}}},"product_brand":[],"product_cat":[63,119,677],"product_tag":[164,859,860,765,863,861,862],"class_list":{"0":"post-8469","1":"product","2":"type-product","3":"status-publish","4":"has-post-thumbnail","6":"product_cat-tasapaino","7":"product_cat-ripustus","8":"product_cat-uutuudet","9":"product_tag-akrobatia","10":"product_tag-lonssi","11":"product_tag-lonssivyo","12":"product_tag-turvallisuus","13":"product_tag-varmistus","14":"product_tag-voltti","15":"product_tag-volttivyo","16":"desktop-align-center","17":"tablet-align-left","18":"mobile-align-left","20":"first","21":"instock","22":"taxable","23":"shipping-taxable","24":"purchasable","25":"product-type-simple"},"_links":{"self":[{"href":"https:\/\/sirkussirkus.com\/kauppa\/wp-json\/wp\/v2\/product\/8469","targetHints":{"allow":["GET"]}}],"collection":[{"href":"https:\/\/sirkussirkus.com\/kauppa\/wp-json\/wp\/v2\/product"}],"about":[{"href":"https:\/\/sirkussirkus.com\/kauppa\/wp-json\/wp\/v2\/types\/product"}],"version-history":[{"count":2,"href":"https:\/\/sirkussirkus.com\/kauppa\/wp-json\/wp\/v2\/product\/8469\/revisions"}],"predecessor-version":[{"id":8481,"href":"https:\/\/sirkussirkus.com\/kauppa\/wp-json\/wp\/v2\/product\/8469\/revisions\/8481"}],"wp:featuredmedia":[{"embeddable":true,"href":"https:\/\/sirkussirkus.com\/kauppa\/wp-json\/wp\/v2\/media\/8477"}],"wp:attachment":[{"href":"https:\/\/sirkussirkus.com\/kauppa\/wp-json\/wp\/v2\/media?parent=8469"}],"wp:term":[{"taxonomy":"product_brand","embeddable":true,"href":"https:\/\/sirkussirkus.com\/kauppa\/wp-json\/wp\/v2\/product_brand?post=8469"},{"taxonomy":"product_cat","embeddable":true,"href":"https:\/\/sirkussirkus.com\/kauppa\/wp-json\/wp\/v2\/product_cat?post=8469"},{"taxonomy":"product_tag","embeddable":true,"href":"https:\/\/sirkussirkus.com\/kauppa\/wp-json\/wp\/v2\/product_tag?post=8469"}],"curies":[{"name":"wp","href":"https:\/\/api.w.org\/{rel}","templated":true}]}}