{"id":8464,"date":"2025-08-19T17:44:08","date_gmt":"2025-08-19T17:44:08","guid":{"rendered":"https:\/\/sirkussirkus.com\/kauppa\/?post_type=product&#038;p=8464"},"modified":"2025-11-15T18:16:37","modified_gmt":"2025-11-15T18:16:37","slug":"prodigy-nauhalenkki-100cm-slingi","status":"publish","type":"product","link":"https:\/\/sirkussirkus.com\/kauppa\/product\/prodigy-nauhalenkki-100cm-slingi\/","title":{"rendered":"Prodigy Nauhalenkki 100cm (slingi)"},"content":{"rendered":"<div class=\"product-text\">\n<p>Prodigy -merkkinen korkean paikan ty\u00f6skentelyyn tarkoitettu 100 cm nauhalenkki eli &#8221;slingi&#8221;. Erinomainen ja edullinen apu, jos esimerkiksi ilma-akrobatiak\u00f6yden silmukka ei mahdu karabiinin portista sis\u00e4\u00e4n. Valmistettu, testattu ja sertifioitu Englannissa.<\/p>\n<p>Materiaali: nylon.<br \/>\nV\u00e4ri musta.<br \/>\nPituus 100cm<br \/>\nLeveys 18mm<br \/>\nPaino 110g<br \/>\nMurtumispainoraja 2400kg<\/p>\n<\/div>\n","protected":false},"excerpt":{"rendered":"<p>Prodigy -merkkinen korkean paikan ty\u00f6skentelyyn tarkoitettu 100 cm nauhalenkki eli &#8221;slingi&#8221;. Erinomainen ja edullinen apu, jos esimerkiksi ilma-akrobatiak\u00f6yden silmukka ei mahdu karabiinin portista sis\u00e4\u00e4n. Valmistettu, testattu ja sertifioitu Englannissa. Materiaali: nylon. V\u00e4ri musta. Pituus 100cm Leveys 18mm Paino 110g Murtumispainoraja 2400kg<\/p>\n","protected":false},"featured_media":8465,"template":"","meta":{"site-sidebar-layout":"default","site-content-layout":"default","ast-site-content-layout":"default","site-content-style":"default","site-sidebar-style":"default","ast-global-header-display":"","ast-banner-title-visibility":"","ast-main-header-display":"","ast-hfb-above-header-display":"","ast-hfb-below-header-display":"","ast-hfb-mobile-header-display":"","site-post-title":"","ast-breadcrumbs-content":"","ast-featured-img":"","footer-sml-layout":"","theme-transparent-header-meta":"default","adv-header-id-meta":"","stick-header-meta":"","header-above-stick-meta":"","header-main-stick-meta":"","header-below-stick-meta":"","astra-migrate-meta-layouts":"set","ast-page-background-enabled":"default","ast-page-background-meta":{"desktop":{"background-color":"","background-image":"","background-repeat":"repeat","background-position":"center center","background-size":"auto","background-attachment":"scroll","background-type":"","background-media":"","overlay-type":"","overlay-color":"","overlay-opacity":"","overlay-gradient":""},"tablet":{"background-color":"","background-image":"","background-repeat":"repeat","background-position":"center center","background-size":"auto","background-attachment":"scroll","background-type":"","background-media":"","overlay-type":"","overlay-color":"","overlay-opacity":"","overlay-gradient":""},"mobile":{"background-color":"","background-image":"","background-repeat":"repeat","background-position":"center center","background-size":"auto","background-attachment":"scroll","background-type":"","background-media":"","overlay-type":"","overlay-color":"","overlay-opacity":"","overlay-gradient":""}},"ast-content-background-meta":{"desktop":{"background-color":"var(--ast-global-color-5)","background-image":"","background-repeat":"repeat","background-position":"center center","background-size":"auto","background-attachment":"scroll","background-type":"","background-media":"","overlay-type":"","overlay-color":"","overlay-opacity":"","overlay-gradient":""},"tablet":{"background-color":"var(--ast-global-color-5)","background-image":"","background-repeat":"repeat","background-position":"center center","background-size":"auto","background-attachment":"scroll","background-type":"","background-media":"","overlay-type":"","overlay-color":"","overlay-opacity":"","overlay-gradient":""},"mobile":{"background-color":"var(--ast-global-color-5)","background-image":"","background-repeat":"repeat","background-position":"center center","background-size":"auto","background-attachment":"scroll","background-type":"","background-media":"","overlay-type":"","overlay-color":"","overlay-opacity":"","overlay-gradient":""}}},"product_brand":[],"product_cat":[119,677],"product_tag":[175,94,214,213,757,95,758,212],"class_list":{"0":"post-8464","1":"product","2":"type-product","3":"status-publish","4":"has-post-thumbnail","6":"product_cat-ripustus","7":"product_cat-uutuudet","8":"product_tag-175","9":"product_tag-ilma-akrobatia","10":"product_tag-lenkki","11":"product_tag-nauha","12":"product_tag-nauhalenkki","13":"product_tag-prodigy","14":"product_tag-sling","15":"product_tag-slingi","16":"desktop-align-center","17":"tablet-align-left","18":"mobile-align-left","20":"first","21":"outofstock","22":"taxable","23":"shipping-taxable","24":"purchasable","25":"product-type-simple"},"_links":{"self":[{"href":"https:\/\/sirkussirkus.com\/kauppa\/wp-json\/wp\/v2\/product\/8464","targetHints":{"allow":["GET"]}}],"collection":[{"href":"https:\/\/sirkussirkus.com\/kauppa\/wp-json\/wp\/v2\/product"}],"about":[{"href":"https:\/\/sirkussirkus.com\/kauppa\/wp-json\/wp\/v2\/types\/product"}],"version-history":[{"count":1,"href":"https:\/\/sirkussirkus.com\/kauppa\/wp-json\/wp\/v2\/product\/8464\/revisions"}],"predecessor-version":[{"id":8466,"href":"https:\/\/sirkussirkus.com\/kauppa\/wp-json\/wp\/v2\/product\/8464\/revisions\/8466"}],"wp:featuredmedia":[{"embeddable":true,"href":"https:\/\/sirkussirkus.com\/kauppa\/wp-json\/wp\/v2\/media\/8465"}],"wp:attachment":[{"href":"https:\/\/sirkussirkus.com\/kauppa\/wp-json\/wp\/v2\/media?parent=8464"}],"wp:term":[{"taxonomy":"product_brand","embeddable":true,"href":"https:\/\/sirkussirkus.com\/kauppa\/wp-json\/wp\/v2\/product_brand?post=8464"},{"taxonomy":"product_cat","embeddable":true,"href":"https:\/\/sirkussirkus.com\/kauppa\/wp-json\/wp\/v2\/product_cat?post=8464"},{"taxonomy":"product_tag","embeddable":true,"href":"https:\/\/sirkussirkus.com\/kauppa\/wp-json\/wp\/v2\/product_tag?post=8464"}],"curies":[{"name":"wp","href":"https:\/\/api.w.org\/{rel}","templated":true}]}}