{"id":8386,"date":"2025-07-08T09:31:02","date_gmt":"2025-07-08T09:31:02","guid":{"rendered":"https:\/\/sirkussirkus.com\/kauppa\/?post_type=product&#038;p=8386"},"modified":"2025-08-01T09:53:14","modified_gmt":"2025-08-01T09:53:14","slug":"sirkussirkus-aurinkolasit","status":"publish","type":"product","link":"https:\/\/sirkussirkus.com\/kauppa\/product\/sirkussirkus-aurinkolasit\/","title":{"rendered":"Sirkussirkus-aurinkolasit"},"content":{"rendered":"<p>N\u00e4m\u00e4 ovat ns. imagolasit. Hauskann\u00e4k\u00f6iset, mutta linssit ovat h\u00e4vytt\u00f6m\u00e4n huonot. Emme tiet\u00e4neet, kun teetimme.<br \/>\nSangat 100% kierr\u00e4tetty\u00e4 muovia. Linssien muovista ei tarkkaa tietoa.<br \/>\nValmistajat j\u00e4ljitetty ja todettu vastuullisiksi v\u00e4litt\u00e4j\u00e4n puolesta.<br \/>\nLogo on aurinkolaseissa v\u00e4\u00e4rinp\u00e4in, koska k\u00e4sinseisonta.<\/p>\n","protected":false},"excerpt":{"rendered":"<p>N\u00e4m\u00e4 ovat ns. imagolasit. Hauskann\u00e4k\u00f6iset, mutta linssit ovat h\u00e4vytt\u00f6m\u00e4n huonot. Emme tiet\u00e4neet, kun teetimme. Sangat 100% kierr\u00e4tetty\u00e4 muovia. Linssien muovista ei tarkkaa tietoa. Valmistajat j\u00e4ljitetty ja todettu vastuullisiksi v\u00e4litt\u00e4j\u00e4n puolesta. Logo on aurinkolaseissa v\u00e4\u00e4rinp\u00e4in, koska k\u00e4sinseisonta.<\/p>\n","protected":false},"featured_media":8394,"template":"","meta":{"site-sidebar-layout":"default","site-content-layout":"","ast-site-content-layout":"default","site-content-style":"default","site-sidebar-style":"default","ast-global-header-display":"","ast-banner-title-visibility":"","ast-main-header-display":"","ast-hfb-above-header-display":"","ast-hfb-below-header-display":"","ast-hfb-mobile-header-display":"","site-post-title":"","ast-breadcrumbs-content":"","ast-featured-img":"","footer-sml-layout":"","theme-transparent-header-meta":"default","adv-header-id-meta":"","stick-header-meta":"","header-above-stick-meta":"","header-main-stick-meta":"","header-below-stick-meta":"","astra-migrate-meta-layouts":"set","ast-page-background-enabled":"default","ast-page-background-meta":{"desktop":{"background-color":"","background-image":"","background-repeat":"repeat","background-position":"center center","background-size":"auto","background-attachment":"scroll","background-type":"","background-media":"","overlay-type":"","overlay-color":"","overlay-opacity":"","overlay-gradient":""},"tablet":{"background-color":"","background-image":"","background-repeat":"repeat","background-position":"center center","background-size":"auto","background-attachment":"scroll","background-type":"","background-media":"","overlay-type":"","overlay-color":"","overlay-opacity":"","overlay-gradient":""},"mobile":{"background-color":"","background-image":"","background-repeat":"repeat","background-position":"center center","background-size":"auto","background-attachment":"scroll","background-type":"","background-media":"","overlay-type":"","overlay-color":"","overlay-opacity":"","overlay-gradient":""}},"ast-content-background-meta":{"desktop":{"background-color":"var(--ast-global-color-5)","background-image":"","background-repeat":"repeat","background-position":"center center","background-size":"auto","background-attachment":"scroll","background-type":"","background-media":"","overlay-type":"","overlay-color":"","overlay-opacity":"","overlay-gradient":""},"tablet":{"background-color":"var(--ast-global-color-5)","background-image":"","background-repeat":"repeat","background-position":"center center","background-size":"auto","background-attachment":"scroll","background-type":"","background-media":"","overlay-type":"","overlay-color":"","overlay-opacity":"","overlay-gradient":""},"mobile":{"background-color":"var(--ast-global-color-5)","background-image":"","background-repeat":"repeat","background-position":"center center","background-size":"auto","background-attachment":"scroll","background-type":"","background-media":"","overlay-type":"","overlay-color":"","overlay-opacity":"","overlay-gradient":""}}},"product_brand":[],"product_cat":[666,642,677],"product_tag":[849,850,696,848,851,661],"class_list":{"0":"post-8386","1":"product","2":"type-product","3":"status-publish","4":"has-post-thumbnail","6":"product_cat-kivaa","7":"product_cat-vaatteet","8":"product_cat-uutuudet","9":"product_tag-aurinko","10":"product_tag-aurinkolasit","11":"product_tag-kasillaseisonta","12":"product_tag-kasinseisonta","13":"product_tag-lasit","14":"product_tag-sirkussirkus","15":"desktop-align-center","16":"tablet-align-left","17":"mobile-align-left","19":"first","20":"instock","21":"taxable","22":"shipping-taxable","23":"purchasable","24":"product-type-simple"},"_links":{"self":[{"href":"https:\/\/sirkussirkus.com\/kauppa\/wp-json\/wp\/v2\/product\/8386","targetHints":{"allow":["GET"]}}],"collection":[{"href":"https:\/\/sirkussirkus.com\/kauppa\/wp-json\/wp\/v2\/product"}],"about":[{"href":"https:\/\/sirkussirkus.com\/kauppa\/wp-json\/wp\/v2\/types\/product"}],"version-history":[{"count":1,"href":"https:\/\/sirkussirkus.com\/kauppa\/wp-json\/wp\/v2\/product\/8386\/revisions"}],"predecessor-version":[{"id":8390,"href":"https:\/\/sirkussirkus.com\/kauppa\/wp-json\/wp\/v2\/product\/8386\/revisions\/8390"}],"wp:featuredmedia":[{"embeddable":true,"href":"https:\/\/sirkussirkus.com\/kauppa\/wp-json\/wp\/v2\/media\/8394"}],"wp:attachment":[{"href":"https:\/\/sirkussirkus.com\/kauppa\/wp-json\/wp\/v2\/media?parent=8386"}],"wp:term":[{"taxonomy":"product_brand","embeddable":true,"href":"https:\/\/sirkussirkus.com\/kauppa\/wp-json\/wp\/v2\/product_brand?post=8386"},{"taxonomy":"product_cat","embeddable":true,"href":"https:\/\/sirkussirkus.com\/kauppa\/wp-json\/wp\/v2\/product_cat?post=8386"},{"taxonomy":"product_tag","embeddable":true,"href":"https:\/\/sirkussirkus.com\/kauppa\/wp-json\/wp\/v2\/product_tag?post=8386"}],"curies":[{"name":"wp","href":"https:\/\/api.w.org\/{rel}","templated":true}]}}