{"id":8376,"date":"2025-07-03T12:35:18","date_gmt":"2025-07-03T12:35:18","guid":{"rendered":"https:\/\/sirkussirkus.com\/kauppa\/?post_type=product&#038;p=8376"},"modified":"2025-07-03T12:35:43","modified_gmt":"2025-07-03T12:35:43","slug":"trapetsi-prodigy-polysafe-2m-sakkelit","status":"publish","type":"product","link":"https:\/\/sirkussirkus.com\/kauppa\/product\/trapetsi-prodigy-polysafe-2m-sakkelit\/","title":{"rendered":"Trapetsi Prodigy PolySafe 2m (sakkelit)"},"content":{"rendered":"<p>Erinomainen uutuus Englannista! Edullinen ja varmasti kest\u00e4v\u00e4 PolySafe-trapetsi uudistaa trapetsivalikoimaa oletettavasti pysyv\u00e4sti. Erilainen rakenne mahdollistaa my\u00f6s erilaisen k\u00e4yt\u00f6n. Punottujen yhdyskohtien sijaan trapetsissa on sakkelit yhdist\u00e4m\u00e4ss\u00e4 k\u00f6ysi\u00e4 ja tankoa. T\u00e4m\u00e4 antaa trapetsitangolle enemm\u00e4n liikkumavaraa ja tekee monista tempuista erin\u00e4k\u00f6isi\u00e4. K\u00f6ydet ovat valmistettu vahvasti polyesterist\u00e4, josta trapetsin nimi juontaa juurensa. K\u00f6ysi\u00e4 voit k\u00e4ytt\u00e4\u00e4 my\u00f6s esimerkiksi rengastrapetsin ripustamiseen, ja sakkelit ovat yhteensopivat Prodigyn monipisterengastrapetsin kanssa. Trapetsin kaikki osat ovat my\u00f6s vaihdettavissa yksitt\u00e4in mahdollisen vaurioitumisen sattuessa. Kuvan sulkurenkaat (karabiinit) sis\u00e4ltyv\u00e4t my\u00f6s hintaan.<\/p>\n<p>TUOTESELOSTE:<br \/>\n1x K\u00e4ytt\u00f6opas<br \/>\n1x Trapetsitanko<br \/>\n2x Prodigy Polysafe -k\u00f6ysi 2.5m<br \/>\n2x MBS-sulkurengas<br \/>\n2x Sakkeli (ruostumatonta ter\u00e4st\u00e4)<\/p>\n<p>TEKNISET TIEDOT:<br \/>\nTangon paksuus 25mm<br \/>\nTangon pituus 62cm (sakkelien v\u00e4li 60cm)<br \/>\nK\u00f6ysien pituus 2m<br \/>\nTy\u00f6skentelypainoraja 200kg (sakkelit ja karabiinit 250kg)<br \/>\nValmistettu, tarkastettu ja sertifioitu Englannissa.<\/p>\n","protected":false},"excerpt":{"rendered":"<p>Erinomainen uutuus Englannista! Edullinen ja varmasti kest\u00e4v\u00e4 PolySafe-trapetsi uudistaa trapetsivalikoimaa oletettavasti pysyv\u00e4sti. Erilainen rakenne mahdollistaa my\u00f6s erilaisen k\u00e4yt\u00f6n. Punottujen yhdyskohtien sijaan trapetsissa on sakkelit yhdist\u00e4m\u00e4ss\u00e4 k\u00f6ysi\u00e4 ja tankoa. T\u00e4m\u00e4 antaa trapetsitangolle enemm\u00e4n liikkumavaraa ja tekee monista tempuista erin\u00e4k\u00f6isi\u00e4. K\u00f6ydet ovat valmistettu vahvasti polyesterist\u00e4, josta trapetsin nimi juontaa juurensa. K\u00f6ysi\u00e4 voit k\u00e4ytt\u00e4\u00e4 my\u00f6s esimerkiksi rengastrapetsin ripustamiseen, [&hellip;]<\/p>\n","protected":false},"featured_media":5920,"template":"","meta":{"site-sidebar-layout":"default","site-content-layout":"default","ast-site-content-layout":"default","site-content-style":"default","site-sidebar-style":"default","ast-global-header-display":"","ast-banner-title-visibility":"","ast-main-header-display":"","ast-hfb-above-header-display":"","ast-hfb-below-header-display":"","ast-hfb-mobile-header-display":"","site-post-title":"","ast-breadcrumbs-content":"","ast-featured-img":"","footer-sml-layout":"","theme-transparent-header-meta":"default","adv-header-id-meta":"","stick-header-meta":"","header-above-stick-meta":"","header-main-stick-meta":"","header-below-stick-meta":"","astra-migrate-meta-layouts":"set","ast-page-background-enabled":"default","ast-page-background-meta":{"desktop":{"background-color":"","background-image":"","background-repeat":"repeat","background-position":"center center","background-size":"auto","background-attachment":"scroll","background-type":"","background-media":"","overlay-type":"","overlay-color":"","overlay-opacity":"","overlay-gradient":""},"tablet":{"background-color":"","background-image":"","background-repeat":"repeat","background-position":"center center","background-size":"auto","background-attachment":"scroll","background-type":"","background-media":"","overlay-type":"","overlay-color":"","overlay-opacity":"","overlay-gradient":""},"mobile":{"background-color":"","background-image":"","background-repeat":"repeat","background-position":"center center","background-size":"auto","background-attachment":"scroll","background-type":"","background-media":"","overlay-type":"","overlay-color":"","overlay-opacity":"","overlay-gradient":""}},"ast-content-background-meta":{"desktop":{"background-color":"var(--ast-global-color-5)","background-image":"","background-repeat":"repeat","background-position":"center center","background-size":"auto","background-attachment":"scroll","background-type":"","background-media":"","overlay-type":"","overlay-color":"","overlay-opacity":"","overlay-gradient":""},"tablet":{"background-color":"var(--ast-global-color-5)","background-image":"","background-repeat":"repeat","background-position":"center center","background-size":"auto","background-attachment":"scroll","background-type":"","background-media":"","overlay-type":"","overlay-color":"","overlay-opacity":"","overlay-gradient":""},"mobile":{"background-color":"var(--ast-global-color-5)","background-image":"","background-repeat":"repeat","background-position":"center center","background-size":"auto","background-attachment":"scroll","background-type":"","background-media":"","overlay-type":"","overlay-color":"","overlay-opacity":"","overlay-gradient":""}}},"product_brand":[],"product_cat":[122,677],"product_tag":[94,706,95,249,91],"class_list":{"0":"post-8376","1":"product","2":"type-product","3":"status-publish","4":"has-post-thumbnail","6":"product_cat-trapetsit","7":"product_cat-uutuudet","8":"product_tag-ilma-akrobatia","9":"product_tag-polysafe","10":"product_tag-prodigy","11":"product_tag-sakkeli","12":"product_tag-trapetsi","13":"desktop-align-center","14":"tablet-align-left","15":"mobile-align-left","17":"first","18":"instock","19":"taxable","20":"shipping-taxable","21":"purchasable","22":"product-type-simple"},"_links":{"self":[{"href":"https:\/\/sirkussirkus.com\/kauppa\/wp-json\/wp\/v2\/product\/8376","targetHints":{"allow":["GET"]}}],"collection":[{"href":"https:\/\/sirkussirkus.com\/kauppa\/wp-json\/wp\/v2\/product"}],"about":[{"href":"https:\/\/sirkussirkus.com\/kauppa\/wp-json\/wp\/v2\/types\/product"}],"version-history":[{"count":1,"href":"https:\/\/sirkussirkus.com\/kauppa\/wp-json\/wp\/v2\/product\/8376\/revisions"}],"predecessor-version":[{"id":8377,"href":"https:\/\/sirkussirkus.com\/kauppa\/wp-json\/wp\/v2\/product\/8376\/revisions\/8377"}],"wp:featuredmedia":[{"embeddable":true,"href":"https:\/\/sirkussirkus.com\/kauppa\/wp-json\/wp\/v2\/media\/5920"}],"wp:attachment":[{"href":"https:\/\/sirkussirkus.com\/kauppa\/wp-json\/wp\/v2\/media?parent=8376"}],"wp:term":[{"taxonomy":"product_brand","embeddable":true,"href":"https:\/\/sirkussirkus.com\/kauppa\/wp-json\/wp\/v2\/product_brand?post=8376"},{"taxonomy":"product_cat","embeddable":true,"href":"https:\/\/sirkussirkus.com\/kauppa\/wp-json\/wp\/v2\/product_cat?post=8376"},{"taxonomy":"product_tag","embeddable":true,"href":"https:\/\/sirkussirkus.com\/kauppa\/wp-json\/wp\/v2\/product_tag?post=8376"}],"curies":[{"name":"wp","href":"https:\/\/api.w.org\/{rel}","templated":true}]}}