{"id":8336,"date":"2025-06-18T11:52:11","date_gmt":"2025-06-18T11:52:11","guid":{"rendered":"https:\/\/sirkussirkus.com\/kauppa\/?post_type=product&#038;p=8336"},"modified":"2026-03-30T12:07:44","modified_gmt":"2026-03-30T12:07:44","slug":"barefoot-slackline-18m","status":"publish","type":"product","link":"https:\/\/sirkussirkus.com\/kauppa\/product\/barefoot-slackline-18m\/","title":{"rendered":"Barefoot Slackline 18m"},"content":{"rendered":"<p>Barefoot Slackline tarjoilee tuotteensa upeissa v\u00e4reiss\u00e4, hyvin varustelluissa paketeissa ja ennen kaikkea edullisemmin kuin kilpailijansa! Erinomainen paketti kaikenik\u00e4isille aloittelijoille ja harrastajille. Laadukas 50mm leve\u00e4 ja hyv\u00e4n pidon tarjoava tasapainoliina t\u00e4ytt\u00e4\u00e4 my\u00f6s vaativamman tekij\u00e4n tarpeet. Mukana kattavat oppaat, puusuojat sek\u00e4 ohuempi harjoitteluliina, jonka voi asentaa aloittelijan avuksi v\u00e4h\u00e4n p\u00e4\u00e4t\u00e4 korkeammalle. Saatavana kolmessa neonv\u00e4riss\u00e4: sininen, keltainen ja vihre\u00e4.<\/p>\n<p>Paketin sis\u00e4lt\u00f6: 18 metrin tasapainoliina, puusuojat, harjoitteluliina, pystytysohjekirja, aloittelijan opas sek\u00e4 kantopussukka.<\/p>\n<p>Pituus 18m \/ Leveys 50mm<\/p>\n","protected":false},"excerpt":{"rendered":"<p>Barefoot Slackline tarjoilee tuotteensa upeissa v\u00e4reiss\u00e4, hyvin varustelluissa paketeissa ja ennen kaikkea edullisemmin kuin kilpailijansa! Erinomainen paketti kaikenik\u00e4isille aloittelijoille ja harrastajille. Laadukas 50mm leve\u00e4 ja hyv\u00e4n pidon tarjoava tasapainoliina t\u00e4ytt\u00e4\u00e4 my\u00f6s vaativamman tekij\u00e4n tarpeet. Mukana kattavat oppaat, puusuojat sek\u00e4 ohuempi harjoitteluliina, jonka voi asentaa aloittelijan avuksi v\u00e4h\u00e4n p\u00e4\u00e4t\u00e4 korkeammalle. Saatavana kolmessa neonv\u00e4riss\u00e4: sininen, keltainen ja [&hellip;]<\/p>\n","protected":false},"featured_media":8342,"template":"","meta":{"site-sidebar-layout":"default","site-content-layout":"default","ast-site-content-layout":"default","site-content-style":"default","site-sidebar-style":"default","ast-global-header-display":"","ast-banner-title-visibility":"","ast-main-header-display":"","ast-hfb-above-header-display":"","ast-hfb-below-header-display":"","ast-hfb-mobile-header-display":"","site-post-title":"","ast-breadcrumbs-content":"","ast-featured-img":"","footer-sml-layout":"","theme-transparent-header-meta":"default","adv-header-id-meta":"","stick-header-meta":"","header-above-stick-meta":"","header-main-stick-meta":"","header-below-stick-meta":"","astra-migrate-meta-layouts":"set","ast-page-background-enabled":"default","ast-page-background-meta":{"desktop":{"background-color":"","background-image":"","background-repeat":"repeat","background-position":"center center","background-size":"auto","background-attachment":"scroll","background-type":"","background-media":"","overlay-type":"","overlay-color":"","overlay-opacity":"","overlay-gradient":""},"tablet":{"background-color":"","background-image":"","background-repeat":"repeat","background-position":"center center","background-size":"auto","background-attachment":"scroll","background-type":"","background-media":"","overlay-type":"","overlay-color":"","overlay-opacity":"","overlay-gradient":""},"mobile":{"background-color":"","background-image":"","background-repeat":"repeat","background-position":"center center","background-size":"auto","background-attachment":"scroll","background-type":"","background-media":"","overlay-type":"","overlay-color":"","overlay-opacity":"","overlay-gradient":""}},"ast-content-background-meta":{"desktop":{"background-color":"var(--ast-global-color-5)","background-image":"","background-repeat":"repeat","background-position":"center center","background-size":"auto","background-attachment":"scroll","background-type":"","background-media":"","overlay-type":"","overlay-color":"","overlay-opacity":"","overlay-gradient":""},"tablet":{"background-color":"var(--ast-global-color-5)","background-image":"","background-repeat":"repeat","background-position":"center center","background-size":"auto","background-attachment":"scroll","background-type":"","background-media":"","overlay-type":"","overlay-color":"","overlay-opacity":"","overlay-gradient":""},"mobile":{"background-color":"var(--ast-global-color-5)","background-image":"","background-repeat":"repeat","background-position":"center center","background-size":"auto","background-attachment":"scroll","background-type":"","background-media":"","overlay-type":"","overlay-color":"","overlay-opacity":"","overlay-gradient":""}}},"product_brand":[],"product_cat":[666,76,677],"product_tag":[83,86,84,85],"class_list":{"0":"post-8336","1":"product","2":"type-product","3":"status-publish","4":"has-post-thumbnail","6":"product_cat-kivaa","7":"product_cat-slackline","8":"product_cat-uutuudet","9":"product_tag-barefoot","10":"product_tag-nuorallakavely","11":"product_tag-slacklien","12":"product_tag-tasapaino","13":"desktop-align-center","14":"tablet-align-left","15":"mobile-align-left","17":"first","18":"instock","19":"sale","20":"taxable","21":"shipping-taxable","22":"purchasable","23":"product-type-variable"},"_links":{"self":[{"href":"https:\/\/sirkussirkus.com\/kauppa\/wp-json\/wp\/v2\/product\/8336","targetHints":{"allow":["GET"]}}],"collection":[{"href":"https:\/\/sirkussirkus.com\/kauppa\/wp-json\/wp\/v2\/product"}],"about":[{"href":"https:\/\/sirkussirkus.com\/kauppa\/wp-json\/wp\/v2\/types\/product"}],"version-history":[{"count":1,"href":"https:\/\/sirkussirkus.com\/kauppa\/wp-json\/wp\/v2\/product\/8336\/revisions"}],"predecessor-version":[{"id":8343,"href":"https:\/\/sirkussirkus.com\/kauppa\/wp-json\/wp\/v2\/product\/8336\/revisions\/8343"}],"wp:featuredmedia":[{"embeddable":true,"href":"https:\/\/sirkussirkus.com\/kauppa\/wp-json\/wp\/v2\/media\/8342"}],"wp:attachment":[{"href":"https:\/\/sirkussirkus.com\/kauppa\/wp-json\/wp\/v2\/media?parent=8336"}],"wp:term":[{"taxonomy":"product_brand","embeddable":true,"href":"https:\/\/sirkussirkus.com\/kauppa\/wp-json\/wp\/v2\/product_brand?post=8336"},{"taxonomy":"product_cat","embeddable":true,"href":"https:\/\/sirkussirkus.com\/kauppa\/wp-json\/wp\/v2\/product_cat?post=8336"},{"taxonomy":"product_tag","embeddable":true,"href":"https:\/\/sirkussirkus.com\/kauppa\/wp-json\/wp\/v2\/product_tag?post=8336"}],"curies":[{"name":"wp","href":"https:\/\/api.w.org\/{rel}","templated":true}]}}