{"id":8275,"date":"2025-05-28T07:46:51","date_gmt":"2025-05-28T07:46:51","guid":{"rendered":"https:\/\/sirkussirkus.com\/kauppa\/?post_type=product&#038;p=8275"},"modified":"2025-11-01T10:23:50","modified_gmt":"2025-11-01T10:23:50","slug":"play-beanbag-4-piece-67mm","status":"publish","type":"product","link":"https:\/\/sirkussirkus.com\/kauppa\/product\/play-beanbag-4-piece-67mm\/","title":{"rendered":"Play Beanbag Tradi 69mm"},"content":{"rendered":"<p>Uusi pallo valikoimissamme! Playn valmistama tekonahkainen nelj\u00e4n palan perinteinen heittos\u00e4kki eli beanbag. Eritt\u00e4in mukava k\u00e4teen ja pehmenee k\u00e4yt\u00f6ss\u00e4. T\u00e4ytteen\u00e4 muovipelletti.<\/p>\n<p>Hyvin l\u00e4hell\u00e4 Henrys vastaavia vanhojen hyvien aikojen palloja. Hinta on tosin huomattavasti edullisempi, eik\u00e4 laadussa \u00e4kkiselt\u00e4\u00e4n ole huomattavissa suuria eroja.<\/p>\n<p>69mm \/ 120g<\/p>\n","protected":false},"excerpt":{"rendered":"<p>Uusi pallo valikoimissamme! Playn valmistama tekonahkainen nelj\u00e4n palan perinteinen heittos\u00e4kki eli beanbag. Eritt\u00e4in mukava k\u00e4teen ja pehmenee k\u00e4yt\u00f6ss\u00e4. T\u00e4ytteen\u00e4 muovipelletti. Hyvin l\u00e4hell\u00e4 Henrys vastaavia vanhojen hyvien aikojen palloja. Hinta on tosin huomattavasti edullisempi, eik\u00e4 laadussa \u00e4kkiselt\u00e4\u00e4n ole huomattavissa suuria eroja. 69mm \/ 120g<\/p>\n","protected":false},"featured_media":8321,"template":"","meta":{"site-sidebar-layout":"default","site-content-layout":"default","ast-site-content-layout":"default","site-content-style":"default","site-sidebar-style":"default","ast-global-header-display":"","ast-banner-title-visibility":"","ast-main-header-display":"","ast-hfb-above-header-display":"","ast-hfb-below-header-display":"","ast-hfb-mobile-header-display":"","site-post-title":"","ast-breadcrumbs-content":"","ast-featured-img":"","footer-sml-layout":"","theme-transparent-header-meta":"default","adv-header-id-meta":"","stick-header-meta":"","header-above-stick-meta":"","header-main-stick-meta":"","header-below-stick-meta":"","astra-migrate-meta-layouts":"set","ast-page-background-enabled":"default","ast-page-background-meta":{"desktop":{"background-color":"","background-image":"","background-repeat":"repeat","background-position":"center center","background-size":"auto","background-attachment":"scroll","background-type":"","background-media":"","overlay-type":"","overlay-color":"","overlay-opacity":"","overlay-gradient":""},"tablet":{"background-color":"","background-image":"","background-repeat":"repeat","background-position":"center center","background-size":"auto","background-attachment":"scroll","background-type":"","background-media":"","overlay-type":"","overlay-color":"","overlay-opacity":"","overlay-gradient":""},"mobile":{"background-color":"","background-image":"","background-repeat":"repeat","background-position":"center center","background-size":"auto","background-attachment":"scroll","background-type":"","background-media":"","overlay-type":"","overlay-color":"","overlay-opacity":"","overlay-gradient":""}},"ast-content-background-meta":{"desktop":{"background-color":"var(--ast-global-color-5)","background-image":"","background-repeat":"repeat","background-position":"center center","background-size":"auto","background-attachment":"scroll","background-type":"","background-media":"","overlay-type":"","overlay-color":"","overlay-opacity":"","overlay-gradient":""},"tablet":{"background-color":"var(--ast-global-color-5)","background-image":"","background-repeat":"repeat","background-position":"center center","background-size":"auto","background-attachment":"scroll","background-type":"","background-media":"","overlay-type":"","overlay-color":"","overlay-opacity":"","overlay-gradient":""},"mobile":{"background-color":"var(--ast-global-color-5)","background-image":"","background-repeat":"repeat","background-position":"center center","background-size":"auto","background-attachment":"scroll","background-type":"","background-media":"","overlay-type":"","overlay-color":"","overlay-opacity":"","overlay-gradient":""}}},"product_brand":[],"product_cat":[55,677],"product_tag":[846,99,80,56,57,847,108],"class_list":{"0":"post-8275","1":"product","2":"type-product","3":"status-publish","4":"has-post-thumbnail","6":"product_cat-jongleerauspallot","7":"product_cat-uutuudet","8":"product_tag-4-piece","9":"product_tag-beanbag","10":"product_tag-jongleeraus","11":"product_tag-pallo","12":"product_tag-pallot","13":"product_tag-perinteinen","14":"product_tag-play","15":"desktop-align-center","16":"tablet-align-left","17":"mobile-align-left","19":"first","20":"outofstock","21":"taxable","22":"shipping-taxable","23":"purchasable","24":"product-type-simple"},"_links":{"self":[{"href":"https:\/\/sirkussirkus.com\/kauppa\/wp-json\/wp\/v2\/product\/8275","targetHints":{"allow":["GET"]}}],"collection":[{"href":"https:\/\/sirkussirkus.com\/kauppa\/wp-json\/wp\/v2\/product"}],"about":[{"href":"https:\/\/sirkussirkus.com\/kauppa\/wp-json\/wp\/v2\/types\/product"}],"version-history":[{"count":3,"href":"https:\/\/sirkussirkus.com\/kauppa\/wp-json\/wp\/v2\/product\/8275\/revisions"}],"predecessor-version":[{"id":8287,"href":"https:\/\/sirkussirkus.com\/kauppa\/wp-json\/wp\/v2\/product\/8275\/revisions\/8287"}],"wp:featuredmedia":[{"embeddable":true,"href":"https:\/\/sirkussirkus.com\/kauppa\/wp-json\/wp\/v2\/media\/8321"}],"wp:attachment":[{"href":"https:\/\/sirkussirkus.com\/kauppa\/wp-json\/wp\/v2\/media?parent=8275"}],"wp:term":[{"taxonomy":"product_brand","embeddable":true,"href":"https:\/\/sirkussirkus.com\/kauppa\/wp-json\/wp\/v2\/product_brand?post=8275"},{"taxonomy":"product_cat","embeddable":true,"href":"https:\/\/sirkussirkus.com\/kauppa\/wp-json\/wp\/v2\/product_cat?post=8275"},{"taxonomy":"product_tag","embeddable":true,"href":"https:\/\/sirkussirkus.com\/kauppa\/wp-json\/wp\/v2\/product_tag?post=8275"}],"curies":[{"name":"wp","href":"https:\/\/api.w.org\/{rel}","templated":true}]}}