{"id":8265,"date":"2025-05-28T07:04:22","date_gmt":"2025-05-28T07:04:22","guid":{"rendered":"https:\/\/sirkussirkus.com\/kauppa\/?post_type=product&#038;p=8265"},"modified":"2025-08-29T08:02:50","modified_gmt":"2025-08-29T08:02:50","slug":"topspin-pegasus-kiinalainen-naruhyrra","status":"publish","type":"product","link":"https:\/\/sirkussirkus.com\/kauppa\/product\/topspin-pegasus-kiinalainen-naruhyrra\/","title":{"rendered":"Topspin Pegasus &#8211; Kiinalainen naruhyrr\u00e4"},"content":{"rendered":"<p>Perinteisen hyrr\u00e4lelun moderni super-muunnelma, jolla voi tehd\u00e4 my\u00f6s paljon erilaisia temppuja. Narun avulla hyrr\u00e4\u00e4n saa harjoittelemalla uskomattoman kovan kierteen, jonka j\u00e4lkeen sen voi esimerkiksi ottaa k\u00e4teen tai sormen p\u00e4\u00e4h\u00e4n py\u00f6rim\u00e4\u00e4n. Narun saa n\u00e4pp\u00e4r\u00e4sti hyrr\u00e4n sis\u00e4\u00e4n s\u00e4il\u00f6\u00f6n, jolloin se pysyy puhtaana ja tallessa.<\/p>\n<p>Pegasus on erinomainen aloittelijahyrr\u00e4. Mukana tulee QR-koodi, jolla p\u00e4\u00e4set katsomaan ohjeet aloittelijalle verkosta.<\/p>\n<p>Videoita l\u00f6ytyy my\u00f6s valmistajan verkkosivuilta, Youtube-kanavalta, Facebookista ja Instagramista. Valmistaja: Trompos Space<\/p>\n<p><a href=\"https:\/\/www.youtube.com\/watch?v=Gf-yBMnwHDE\">Suora linkki: ESITTELYVIDEO<\/a><\/p>\n<p>&nbsp;<\/p>\n","protected":false},"excerpt":{"rendered":"<p>Perinteisen hyrr\u00e4lelun moderni super-muunnelma, jolla voi tehd\u00e4 my\u00f6s paljon erilaisia temppuja. Narun avulla hyrr\u00e4\u00e4n saa harjoittelemalla uskomattoman kovan kierteen, jonka j\u00e4lkeen sen voi esimerkiksi ottaa k\u00e4teen tai sormen p\u00e4\u00e4h\u00e4n py\u00f6rim\u00e4\u00e4n. Narun saa n\u00e4pp\u00e4r\u00e4sti hyrr\u00e4n sis\u00e4\u00e4n s\u00e4il\u00f6\u00f6n, jolloin se pysyy puhtaana ja tallessa. Pegasus on erinomainen aloittelijahyrr\u00e4. Mukana tulee QR-koodi, jolla p\u00e4\u00e4set katsomaan ohjeet aloittelijalle verkosta. [&hellip;]<\/p>\n","protected":false},"featured_media":8266,"template":"","meta":{"site-sidebar-layout":"default","site-content-layout":"","ast-site-content-layout":"default","site-content-style":"default","site-sidebar-style":"default","ast-global-header-display":"","ast-banner-title-visibility":"","ast-main-header-display":"","ast-hfb-above-header-display":"","ast-hfb-below-header-display":"","ast-hfb-mobile-header-display":"","site-post-title":"","ast-breadcrumbs-content":"","ast-featured-img":"","footer-sml-layout":"","theme-transparent-header-meta":"default","adv-header-id-meta":"","stick-header-meta":"","header-above-stick-meta":"","header-main-stick-meta":"","header-below-stick-meta":"","astra-migrate-meta-layouts":"set","ast-page-background-enabled":"default","ast-page-background-meta":{"desktop":{"background-color":"","background-image":"","background-repeat":"repeat","background-position":"center center","background-size":"auto","background-attachment":"scroll","background-type":"","background-media":"","overlay-type":"","overlay-color":"","overlay-opacity":"","overlay-gradient":""},"tablet":{"background-color":"","background-image":"","background-repeat":"repeat","background-position":"center center","background-size":"auto","background-attachment":"scroll","background-type":"","background-media":"","overlay-type":"","overlay-color":"","overlay-opacity":"","overlay-gradient":""},"mobile":{"background-color":"","background-image":"","background-repeat":"repeat","background-position":"center center","background-size":"auto","background-attachment":"scroll","background-type":"","background-media":"","overlay-type":"","overlay-color":"","overlay-opacity":"","overlay-gradient":""}},"ast-content-background-meta":{"desktop":{"background-color":"var(--ast-global-color-5)","background-image":"","background-repeat":"repeat","background-position":"center center","background-size":"auto","background-attachment":"scroll","background-type":"","background-media":"","overlay-type":"","overlay-color":"","overlay-opacity":"","overlay-gradient":""},"tablet":{"background-color":"var(--ast-global-color-5)","background-image":"","background-repeat":"repeat","background-position":"center center","background-size":"auto","background-attachment":"scroll","background-type":"","background-media":"","overlay-type":"","overlay-color":"","overlay-opacity":"","overlay-gradient":""},"mobile":{"background-color":"var(--ast-global-color-5)","background-image":"","background-repeat":"repeat","background-position":"center center","background-size":"auto","background-attachment":"scroll","background-type":"","background-media":"","overlay-type":"","overlay-color":"","overlay-opacity":"","overlay-gradient":""}}},"product_brand":[],"product_cat":[71,666,677],"product_tag":[843,828,845,844],"class_list":{"0":"post-8265","1":"product","2":"type-product","3":"status-publish","4":"has-post-thumbnail","6":"product_cat-diabolo","7":"product_cat-kivaa","8":"product_cat-uutuudet","9":"product_tag-hyrra","10":"product_tag-kivaa","11":"product_tag-pegasus","12":"product_tag-top-spin","13":"desktop-align-center","14":"tablet-align-left","15":"mobile-align-left","17":"first","18":"instock","19":"taxable","20":"shipping-taxable","21":"purchasable","22":"product-type-simple"},"_links":{"self":[{"href":"https:\/\/sirkussirkus.com\/kauppa\/wp-json\/wp\/v2\/product\/8265","targetHints":{"allow":["GET"]}}],"collection":[{"href":"https:\/\/sirkussirkus.com\/kauppa\/wp-json\/wp\/v2\/product"}],"about":[{"href":"https:\/\/sirkussirkus.com\/kauppa\/wp-json\/wp\/v2\/types\/product"}],"version-history":[{"count":4,"href":"https:\/\/sirkussirkus.com\/kauppa\/wp-json\/wp\/v2\/product\/8265\/revisions"}],"predecessor-version":[{"id":8512,"href":"https:\/\/sirkussirkus.com\/kauppa\/wp-json\/wp\/v2\/product\/8265\/revisions\/8512"}],"wp:featuredmedia":[{"embeddable":true,"href":"https:\/\/sirkussirkus.com\/kauppa\/wp-json\/wp\/v2\/media\/8266"}],"wp:attachment":[{"href":"https:\/\/sirkussirkus.com\/kauppa\/wp-json\/wp\/v2\/media?parent=8265"}],"wp:term":[{"taxonomy":"product_brand","embeddable":true,"href":"https:\/\/sirkussirkus.com\/kauppa\/wp-json\/wp\/v2\/product_brand?post=8265"},{"taxonomy":"product_cat","embeddable":true,"href":"https:\/\/sirkussirkus.com\/kauppa\/wp-json\/wp\/v2\/product_cat?post=8265"},{"taxonomy":"product_tag","embeddable":true,"href":"https:\/\/sirkussirkus.com\/kauppa\/wp-json\/wp\/v2\/product_tag?post=8265"}],"curies":[{"name":"wp","href":"https:\/\/api.w.org\/{rel}","templated":true}]}}