{"id":8104,"date":"2025-02-19T12:24:27","date_gmt":"2025-02-19T12:24:27","guid":{"rendered":"https:\/\/sirkussirkus.com\/kauppa\/?post_type=product&#038;p=8104"},"modified":"2025-09-29T14:26:32","modified_gmt":"2025-09-29T14:26:32","slug":"gora-tulipaa-vanteeseen","status":"publish","type":"product","link":"https:\/\/sirkussirkus.com\/kauppa\/product\/gora-tulipaa-vanteeseen\/","title":{"rendered":"Gora &#8211; Tulip\u00e4\u00e4 vanteeseen"},"content":{"rendered":"<div class=\"product-text\">\n<p>Tulip\u00e4\u00e4, jonka voit kiinnitt\u00e4\u00e4 mihin tahansa 20-16mm paksuiseen hulavanteeseen. K\u00e4ytet\u00e4\u00e4n yleens\u00e4 viiden tai kuuden kappaleen sarjana.<\/p>\n<p>Varsi on tehty ruostumattomasta ter\u00e4svaijerista, joka joustaa ja palautuu suoraksi osuessaan johonkin. T\u00e4m\u00e4 pident\u00e4\u00e4 sek\u00e4 tulip\u00e4\u00e4n ett\u00e4 vanteen k\u00e4ytt\u00f6ik\u00e4\u00e4. Jos vaijeri taittuu pitk\u00e4ss\u00e4 juoksussa, voi sen aina taittaa takaisin suoraksi ilman ett\u00e4 se katkeaa.\u00a0 Kiinnittimet saa auki kokonaan, joten tulip\u00e4\u00e4n saa kiinni millaiseen tahansa 20-16 millimetri\u00e4 paksuun vanteeseen. Kiinnittimet kiristet\u00e4\u00e4n talttap\u00e4isell\u00e4 ruuvimeisselill\u00e4.<\/p>\n<p>18cm \/ 52g \/ tulip\u00e4\u00e4 35x50mm<\/p>\n<p>Tutustu ennen k\u00e4ytt\u00f6\u00e4 yleisiin paloturvallisuusohjeisiin, tulijongleerauksessa k\u00e4ytett\u00e4viin palonesteisiin, turvalliseen pukeutumiseen, \u00e4l\u00e4k\u00e4 koskaan harjoittele yksin.<\/p>\n<p>Myyd\u00e4\u00e4n yksitt\u00e4in. Hinta on kappalehinta. Hulavanne ei sis\u00e4lly hintaan.<br \/>\n<a href=\"https:\/\/www.sirkussirkus.com\/hottips.pdf\" target=\"_blank\" rel=\"noopener noreferrer\">K\u00e4ytt\u00f6ohjeet englanniksi.<\/a><\/p>\n<\/div>\n","protected":false},"excerpt":{"rendered":"<p>Tulip\u00e4\u00e4, jonka voit kiinnitt\u00e4\u00e4 mihin tahansa 20-16mm paksuiseen hulavanteeseen. K\u00e4ytet\u00e4\u00e4n yleens\u00e4 viiden tai kuuden kappaleen sarjana. Varsi on tehty ruostumattomasta ter\u00e4svaijerista, joka joustaa ja palautuu suoraksi osuessaan johonkin. T\u00e4m\u00e4 pident\u00e4\u00e4 sek\u00e4 tulip\u00e4\u00e4n ett\u00e4 vanteen k\u00e4ytt\u00f6ik\u00e4\u00e4. Jos vaijeri taittuu pitk\u00e4ss\u00e4 juoksussa, voi sen aina taittaa takaisin suoraksi ilman ett\u00e4 se katkeaa.\u00a0 Kiinnittimet saa auki kokonaan, joten [&hellip;]<\/p>\n","protected":false},"featured_media":8106,"template":"","meta":{"site-sidebar-layout":"default","site-content-layout":"default","ast-site-content-layout":"default","site-content-style":"default","site-sidebar-style":"default","ast-global-header-display":"","ast-banner-title-visibility":"","ast-main-header-display":"","ast-hfb-above-header-display":"","ast-hfb-below-header-display":"","ast-hfb-mobile-header-display":"","site-post-title":"","ast-breadcrumbs-content":"","ast-featured-img":"","footer-sml-layout":"","theme-transparent-header-meta":"default","adv-header-id-meta":"","stick-header-meta":"","header-above-stick-meta":"","header-main-stick-meta":"","header-below-stick-meta":"","astra-migrate-meta-layouts":"set","ast-page-background-enabled":"default","ast-page-background-meta":{"desktop":{"background-color":"","background-image":"","background-repeat":"repeat","background-position":"center center","background-size":"auto","background-attachment":"scroll","background-type":"","background-media":"","overlay-type":"","overlay-color":"","overlay-opacity":"","overlay-gradient":""},"tablet":{"background-color":"","background-image":"","background-repeat":"repeat","background-position":"center center","background-size":"auto","background-attachment":"scroll","background-type":"","background-media":"","overlay-type":"","overlay-color":"","overlay-opacity":"","overlay-gradient":""},"mobile":{"background-color":"","background-image":"","background-repeat":"repeat","background-position":"center center","background-size":"auto","background-attachment":"scroll","background-type":"","background-media":"","overlay-type":"","overlay-color":"","overlay-opacity":"","overlay-gradient":""}},"ast-content-background-meta":{"desktop":{"background-color":"var(--ast-global-color-5)","background-image":"","background-repeat":"repeat","background-position":"center center","background-size":"auto","background-attachment":"scroll","background-type":"","background-media":"","overlay-type":"","overlay-color":"","overlay-opacity":"","overlay-gradient":""},"tablet":{"background-color":"var(--ast-global-color-5)","background-image":"","background-repeat":"repeat","background-position":"center center","background-size":"auto","background-attachment":"scroll","background-type":"","background-media":"","overlay-type":"","overlay-color":"","overlay-opacity":"","overlay-gradient":""},"mobile":{"background-color":"var(--ast-global-color-5)","background-image":"","background-repeat":"repeat","background-position":"center center","background-size":"auto","background-attachment":"scroll","background-type":"","background-media":"","overlay-type":"","overlay-color":"","overlay-opacity":"","overlay-gradient":""}}},"product_brand":[],"product_cat":[72,74,677],"product_tag":[405,80,204,624,402,717,398,418],"class_list":{"0":"post-8104","1":"product","2":"type-product","3":"status-publish","4":"has-post-thumbnail","6":"product_cat-hulavanteet","7":"product_cat-tuli","8":"product_cat-uutuudet","9":"product_tag-gora","10":"product_tag-jongleeraus","11":"product_tag-teras","12":"product_tag-tuli","13":"product_tag-tulipaa","14":"product_tag-tulipaat","15":"product_tag-tulivalineet","16":"product_tag-vanne","17":"desktop-align-center","18":"tablet-align-left","19":"mobile-align-left","21":"first","22":"instock","23":"taxable","24":"shipping-taxable","25":"purchasable","26":"product-type-simple"},"_links":{"self":[{"href":"https:\/\/sirkussirkus.com\/kauppa\/wp-json\/wp\/v2\/product\/8104","targetHints":{"allow":["GET"]}}],"collection":[{"href":"https:\/\/sirkussirkus.com\/kauppa\/wp-json\/wp\/v2\/product"}],"about":[{"href":"https:\/\/sirkussirkus.com\/kauppa\/wp-json\/wp\/v2\/types\/product"}],"version-history":[{"count":3,"href":"https:\/\/sirkussirkus.com\/kauppa\/wp-json\/wp\/v2\/product\/8104\/revisions"}],"predecessor-version":[{"id":8111,"href":"https:\/\/sirkussirkus.com\/kauppa\/wp-json\/wp\/v2\/product\/8104\/revisions\/8111"}],"wp:featuredmedia":[{"embeddable":true,"href":"https:\/\/sirkussirkus.com\/kauppa\/wp-json\/wp\/v2\/media\/8106"}],"wp:attachment":[{"href":"https:\/\/sirkussirkus.com\/kauppa\/wp-json\/wp\/v2\/media?parent=8104"}],"wp:term":[{"taxonomy":"product_brand","embeddable":true,"href":"https:\/\/sirkussirkus.com\/kauppa\/wp-json\/wp\/v2\/product_brand?post=8104"},{"taxonomy":"product_cat","embeddable":true,"href":"https:\/\/sirkussirkus.com\/kauppa\/wp-json\/wp\/v2\/product_cat?post=8104"},{"taxonomy":"product_tag","embeddable":true,"href":"https:\/\/sirkussirkus.com\/kauppa\/wp-json\/wp\/v2\/product_tag?post=8104"}],"curies":[{"name":"wp","href":"https:\/\/api.w.org\/{rel}","templated":true}]}}