{"id":8076,"date":"2025-01-30T14:32:03","date_gmt":"2025-01-30T14:32:03","guid":{"rendered":"https:\/\/sirkussirkus.com\/kauppa\/?post_type=product&#038;p=8076"},"modified":"2026-03-30T09:29:51","modified_gmt":"2026-03-30T09:29:51","slug":"mephisto-jongleeraussoihtu","status":"publish","type":"product","link":"https:\/\/sirkussirkus.com\/kauppa\/product\/mephisto-jongleeraussoihtu\/","title":{"rendered":"Mephisto jongleeraussoihtu"},"content":{"rendered":"<p>Playn jongleeraussoihtu. J\u00e4m\u00e4kk\u00e4 rakenne, hyv\u00e4 pito kahvassa ja reilu 70mm leve\u00e4 tulip\u00e4\u00e4. Laadukas soihtu, jonka lis\u00e4simme valikoimiin Henrysin Nite Fliten huonon saatavuuden my\u00f6t\u00e4.<\/p>\n<p>Tutustu ennen k\u00e4ytt\u00f6\u00e4 yleisiin paloturvallisuusohjeisiin, tulijongleerauksessa k\u00e4ytett\u00e4viin palonesteisiin, turvalliseen pukeutumiseen, \u00e4l\u00e4k\u00e4 koskaan harjoittele yksin. Kevlar-kangas sis\u00e4ltyy hintaan.<\/p>\n<p>51 cm \/ 231 g<\/p>\n","protected":false},"excerpt":{"rendered":"<p>Playn jongleeraussoihtu. J\u00e4m\u00e4kk\u00e4 rakenne, hyv\u00e4 pito kahvassa ja reilu 70mm leve\u00e4 tulip\u00e4\u00e4. Laadukas soihtu, jonka lis\u00e4simme valikoimiin Henrysin Nite Fliten huonon saatavuuden my\u00f6t\u00e4. Tutustu ennen k\u00e4ytt\u00f6\u00e4 yleisiin paloturvallisuusohjeisiin, tulijongleerauksessa k\u00e4ytett\u00e4viin palonesteisiin, turvalliseen pukeutumiseen, \u00e4l\u00e4k\u00e4 koskaan harjoittele yksin. Kevlar-kangas sis\u00e4ltyy hintaan. 51 cm \/ 231 g<\/p>\n","protected":false},"featured_media":8553,"template":"","meta":{"site-sidebar-layout":"default","site-content-layout":"default","ast-site-content-layout":"default","site-content-style":"default","site-sidebar-style":"default","ast-global-header-display":"","ast-banner-title-visibility":"","ast-main-header-display":"","ast-hfb-above-header-display":"","ast-hfb-below-header-display":"","ast-hfb-mobile-header-display":"","site-post-title":"","ast-breadcrumbs-content":"","ast-featured-img":"","footer-sml-layout":"","theme-transparent-header-meta":"default","adv-header-id-meta":"","stick-header-meta":"","header-above-stick-meta":"","header-main-stick-meta":"","header-below-stick-meta":"","astra-migrate-meta-layouts":"set","ast-page-background-enabled":"default","ast-page-background-meta":{"desktop":{"background-color":"","background-image":"","background-repeat":"repeat","background-position":"center center","background-size":"auto","background-attachment":"scroll","background-type":"","background-media":"","overlay-type":"","overlay-color":"","overlay-opacity":"","overlay-gradient":""},"tablet":{"background-color":"","background-image":"","background-repeat":"repeat","background-position":"center center","background-size":"auto","background-attachment":"scroll","background-type":"","background-media":"","overlay-type":"","overlay-color":"","overlay-opacity":"","overlay-gradient":""},"mobile":{"background-color":"","background-image":"","background-repeat":"repeat","background-position":"center center","background-size":"auto","background-attachment":"scroll","background-type":"","background-media":"","overlay-type":"","overlay-color":"","overlay-opacity":"","overlay-gradient":""}},"ast-content-background-meta":{"desktop":{"background-color":"var(--ast-global-color-5)","background-image":"","background-repeat":"repeat","background-position":"center center","background-size":"auto","background-attachment":"scroll","background-type":"","background-media":"","overlay-type":"","overlay-color":"","overlay-opacity":"","overlay-gradient":""},"tablet":{"background-color":"var(--ast-global-color-5)","background-image":"","background-repeat":"repeat","background-position":"center center","background-size":"auto","background-attachment":"scroll","background-type":"","background-media":"","overlay-type":"","overlay-color":"","overlay-opacity":"","overlay-gradient":""},"mobile":{"background-color":"var(--ast-global-color-5)","background-image":"","background-repeat":"repeat","background-position":"center center","background-size":"auto","background-attachment":"scroll","background-type":"","background-media":"","overlay-type":"","overlay-color":"","overlay-opacity":"","overlay-gradient":""}}},"product_brand":[],"product_cat":[69,74],"product_tag":[80,160,78,79,829,108,875,333,874],"class_list":{"0":"post-8076","1":"product","2":"type-product","3":"status-publish","4":"has-post-thumbnail","6":"product_cat-jongleerauskeilat","7":"product_cat-tuli","8":"product_tag-jongleeraus","9":"product_tag-juggling","10":"product_tag-keila","11":"product_tag-keilat","12":"product_tag-mephisto","13":"product_tag-play","14":"product_tag-soihdut","15":"product_tag-soihtu","16":"product_tag-torch","17":"desktop-align-center","18":"tablet-align-left","19":"mobile-align-left","21":"first","22":"instock","23":"taxable","24":"shipping-taxable","25":"purchasable","26":"product-type-simple"},"_links":{"self":[{"href":"https:\/\/sirkussirkus.com\/kauppa\/wp-json\/wp\/v2\/product\/8076","targetHints":{"allow":["GET"]}}],"collection":[{"href":"https:\/\/sirkussirkus.com\/kauppa\/wp-json\/wp\/v2\/product"}],"about":[{"href":"https:\/\/sirkussirkus.com\/kauppa\/wp-json\/wp\/v2\/types\/product"}],"version-history":[{"count":1,"href":"https:\/\/sirkussirkus.com\/kauppa\/wp-json\/wp\/v2\/product\/8076\/revisions"}],"predecessor-version":[{"id":8082,"href":"https:\/\/sirkussirkus.com\/kauppa\/wp-json\/wp\/v2\/product\/8076\/revisions\/8082"}],"wp:featuredmedia":[{"embeddable":true,"href":"https:\/\/sirkussirkus.com\/kauppa\/wp-json\/wp\/v2\/media\/8553"}],"wp:attachment":[{"href":"https:\/\/sirkussirkus.com\/kauppa\/wp-json\/wp\/v2\/media?parent=8076"}],"wp:term":[{"taxonomy":"product_brand","embeddable":true,"href":"https:\/\/sirkussirkus.com\/kauppa\/wp-json\/wp\/v2\/product_brand?post=8076"},{"taxonomy":"product_cat","embeddable":true,"href":"https:\/\/sirkussirkus.com\/kauppa\/wp-json\/wp\/v2\/product_cat?post=8076"},{"taxonomy":"product_tag","embeddable":true,"href":"https:\/\/sirkussirkus.com\/kauppa\/wp-json\/wp\/v2\/product_tag?post=8076"}],"curies":[{"name":"wp","href":"https:\/\/api.w.org\/{rel}","templated":true}]}}