{"id":7870,"date":"2022-10-19T06:57:46","date_gmt":"2022-10-19T06:57:46","guid":{"rendered":"https:\/\/sirkussirkus.com\/kauppa\/?post_type=product&#038;p=7870"},"modified":"2025-12-05T12:53:54","modified_gmt":"2025-12-05T12:53:54","slug":"kai-kuutamo-merilla-puuhakirja","status":"publish","type":"product","link":"https:\/\/sirkussirkus.com\/kauppa\/product\/kai-kuutamo-merilla-puuhakirja\/","title":{"rendered":"Kai Kuutamo Merill\u00e4 -puuhakirja"},"content":{"rendered":"<p>Kai Kuutamo Merill\u00e4 -puuhakirja syntyi yhteisty\u00f6ss\u00e4 kuvataiteilija Hans-Peter Sch\u00fcttin ja Miina Laineen kanssa. Kuvitus viittaa Kai Kuutamon viime vuosien matkoihin yhdess\u00e4 merimiesten kanssa. Kirjan nimell\u00e4 kulkevassa vihkossa on kaikenlaista tekemist\u00e4 ja innoitusta monenlaiseen puuhaan, kuten leipomiseen, askarteluun, origameihin ja musiikkiin. Perinteisi\u00e4 v\u00e4rityskirjateht\u00e4vi\u00e4 unohtamatta. Hans-Peter Sch\u00fcttin ja Miina Laineen omintakeinen ote kuvitukseen takaa my\u00f6s aikuisille miellytt\u00e4v\u00e4\u00e4 selattavaa. Ja onpa jokaisella sivulla my\u00f6s merkitt\u00e4v\u00e4 p\u00e4iv\u00e4kirjamerkint\u00e4, jonka taustoja voi l\u00e4hte\u00e4 tutkimaan tarkemmin halutessaan.<\/p>\n<p>Suomenkielinen, 16 sivua, pehme\u00e4kantinen vihko.<\/p>\n","protected":false},"excerpt":{"rendered":"<p>Kai Kuutamo Merill\u00e4 -puuhakirja syntyi yhteisty\u00f6ss\u00e4 kuvataiteilija Hans-Peter Sch\u00fcttin ja Miina Laineen kanssa. Kuvitus viittaa Kai Kuutamon viime vuosien matkoihin yhdess\u00e4 merimiesten kanssa. Kirjan nimell\u00e4 kulkevassa vihkossa on kaikenlaista tekemist\u00e4 ja innoitusta monenlaiseen puuhaan, kuten leipomiseen, askarteluun, origameihin ja musiikkiin. Perinteisi\u00e4 v\u00e4rityskirjateht\u00e4vi\u00e4 unohtamatta. Hans-Peter Sch\u00fcttin ja Miina Laineen omintakeinen ote kuvitukseen takaa my\u00f6s aikuisille miellytt\u00e4v\u00e4\u00e4 [&hellip;]<\/p>\n","protected":false},"featured_media":7871,"template":"","meta":{"site-sidebar-layout":"default","site-content-layout":"default","ast-site-content-layout":"default","site-content-style":"default","site-sidebar-style":"default","ast-global-header-display":"","ast-banner-title-visibility":"","ast-main-header-display":"","ast-hfb-above-header-display":"","ast-hfb-below-header-display":"","ast-hfb-mobile-header-display":"","site-post-title":"","ast-breadcrumbs-content":"","ast-featured-img":"","footer-sml-layout":"","theme-transparent-header-meta":"default","adv-header-id-meta":"","stick-header-meta":"","header-above-stick-meta":"","header-main-stick-meta":"","header-below-stick-meta":"","astra-migrate-meta-layouts":"set","ast-page-background-enabled":"default","ast-page-background-meta":{"desktop":{"background-color":"","background-image":"","background-repeat":"repeat","background-position":"center center","background-size":"auto","background-attachment":"scroll","background-type":"","background-media":"","overlay-type":"","overlay-color":"","overlay-opacity":"","overlay-gradient":""},"tablet":{"background-color":"","background-image":"","background-repeat":"repeat","background-position":"center center","background-size":"auto","background-attachment":"scroll","background-type":"","background-media":"","overlay-type":"","overlay-color":"","overlay-opacity":"","overlay-gradient":""},"mobile":{"background-color":"","background-image":"","background-repeat":"repeat","background-position":"center center","background-size":"auto","background-attachment":"scroll","background-type":"","background-media":"","overlay-type":"","overlay-color":"","overlay-opacity":"","overlay-gradient":""}},"ast-content-background-meta":{"desktop":{"background-color":"var(--ast-global-color-5)","background-image":"","background-repeat":"repeat","background-position":"center center","background-size":"auto","background-attachment":"scroll","background-type":"","background-media":"","overlay-type":"","overlay-color":"","overlay-opacity":"","overlay-gradient":""},"tablet":{"background-color":"var(--ast-global-color-5)","background-image":"","background-repeat":"repeat","background-position":"center center","background-size":"auto","background-attachment":"scroll","background-type":"","background-media":"","overlay-type":"","overlay-color":"","overlay-opacity":"","overlay-gradient":""},"mobile":{"background-color":"var(--ast-global-color-5)","background-image":"","background-repeat":"repeat","background-position":"center center","background-size":"auto","background-attachment":"scroll","background-type":"","background-media":"","overlay-type":"","overlay-color":"","overlay-opacity":"","overlay-gradient":""}}},"product_brand":[],"product_cat":[64,666,642,677],"product_tag":[827,825,87,459,828,58,824,821,822,823,785,826],"class_list":{"0":"post-7870","1":"product","2":"type-product","3":"status-publish","4":"has-post-thumbnail","6":"product_cat-kirjat","7":"product_cat-kivaa","8":"product_cat-vaatteet","9":"product_cat-uutuudet","10":"product_tag-askartelu","11":"product_tag-kai-kuutamo","12":"product_tag-kirja","13":"product_tag-kirjat","14":"product_tag-kivaa","15":"product_tag-kuutamo","16":"product_tag-laine","17":"product_tag-puuha","18":"product_tag-puuhakirja","19":"product_tag-schutt","20":"product_tag-taide","21":"product_tag-varitys","22":"desktop-align-center","23":"tablet-align-left","24":"mobile-align-left","26":"first","27":"instock","28":"taxable","29":"shipping-taxable","30":"purchasable","31":"product-type-simple"},"_links":{"self":[{"href":"https:\/\/sirkussirkus.com\/kauppa\/wp-json\/wp\/v2\/product\/7870","targetHints":{"allow":["GET"]}}],"collection":[{"href":"https:\/\/sirkussirkus.com\/kauppa\/wp-json\/wp\/v2\/product"}],"about":[{"href":"https:\/\/sirkussirkus.com\/kauppa\/wp-json\/wp\/v2\/types\/product"}],"version-history":[{"count":4,"href":"https:\/\/sirkussirkus.com\/kauppa\/wp-json\/wp\/v2\/product\/7870\/revisions"}],"predecessor-version":[{"id":7881,"href":"https:\/\/sirkussirkus.com\/kauppa\/wp-json\/wp\/v2\/product\/7870\/revisions\/7881"}],"wp:featuredmedia":[{"embeddable":true,"href":"https:\/\/sirkussirkus.com\/kauppa\/wp-json\/wp\/v2\/media\/7871"}],"wp:attachment":[{"href":"https:\/\/sirkussirkus.com\/kauppa\/wp-json\/wp\/v2\/media?parent=7870"}],"wp:term":[{"taxonomy":"product_brand","embeddable":true,"href":"https:\/\/sirkussirkus.com\/kauppa\/wp-json\/wp\/v2\/product_brand?post=7870"},{"taxonomy":"product_cat","embeddable":true,"href":"https:\/\/sirkussirkus.com\/kauppa\/wp-json\/wp\/v2\/product_cat?post=7870"},{"taxonomy":"product_tag","embeddable":true,"href":"https:\/\/sirkussirkus.com\/kauppa\/wp-json\/wp\/v2\/product_tag?post=7870"}],"curies":[{"name":"wp","href":"https:\/\/api.w.org\/{rel}","templated":true}]}}