{"id":7832,"date":"2024-09-30T05:13:57","date_gmt":"2024-09-30T05:13:57","guid":{"rendered":"https:\/\/sirkussirkus.com\/kauppa\/?post_type=product&#038;p=7832"},"modified":"2026-02-24T18:11:20","modified_gmt":"2026-02-24T18:11:20","slug":"play-saturn-ii-40cm","status":"publish","type":"product","link":"https:\/\/sirkussirkus.com\/kauppa\/product\/play-saturn-ii-40cm\/","title":{"rendered":"Play Saturn II 40cm"},"content":{"rendered":"<p>Uusi versio Playn Saturn-renkaasta. Saturn-renkaiden ulkohalkaisija on saman kokoinen kuin Babachen vastaaavissa isoissa renkaissa, mutta sis\u00e4halkaisija on hieman pienempi. Renkaat ovat siis leve\u00e4mm\u00e4t Babachen standarimalleihin verrattuina, ja siksi tuntuvat k\u00e4teen erilaisilta. Suurimman eron kuitenkin tekee valmistusmateriaali, joka on eritt\u00e4in pehme\u00e4 ja joustava. T\u00e4m\u00e4 mahdollistaa renkaiden taivuttelun ja tarjoaa paljon uudenlaisia temppumahdollisuuksia renkaiden k\u00e4sittelyyn. Leve\u00e4mm\u00e4st\u00e4 muodostaan huolimatta renkaat ovat materiaalin ansiosta kevyemm\u00e4t kuin Babachen 40cm renkaat.<\/p>\n<p>Halkaisija 40cm \/ leveys 40mm \/ paksuus 4mm \/ 125g<\/p>\n","protected":false},"excerpt":{"rendered":"<p>Uusi versio Playn Saturn-renkaasta. Saturn-renkaiden ulkohalkaisija on saman kokoinen kuin Babachen vastaaavissa isoissa renkaissa, mutta sis\u00e4halkaisija on hieman pienempi. Renkaat ovat siis leve\u00e4mm\u00e4t Babachen standarimalleihin verrattuina, ja siksi tuntuvat k\u00e4teen erilaisilta. Suurimman eron kuitenkin tekee valmistusmateriaali, joka on eritt\u00e4in pehme\u00e4 ja joustava. T\u00e4m\u00e4 mahdollistaa renkaiden taivuttelun ja tarjoaa paljon uudenlaisia temppumahdollisuuksia renkaiden k\u00e4sittelyyn. Leve\u00e4mm\u00e4st\u00e4 muodostaan [&hellip;]<\/p>\n","protected":false},"featured_media":8176,"template":"","meta":{"site-sidebar-layout":"default","site-content-layout":"default","ast-site-content-layout":"default","site-content-style":"default","site-sidebar-style":"default","ast-global-header-display":"","ast-banner-title-visibility":"","ast-main-header-display":"","ast-hfb-above-header-display":"","ast-hfb-below-header-display":"","ast-hfb-mobile-header-display":"","site-post-title":"","ast-breadcrumbs-content":"","ast-featured-img":"","footer-sml-layout":"","theme-transparent-header-meta":"default","adv-header-id-meta":"","stick-header-meta":"","header-above-stick-meta":"","header-main-stick-meta":"","header-below-stick-meta":"","astra-migrate-meta-layouts":"set","ast-page-background-enabled":"default","ast-page-background-meta":{"desktop":{"background-color":"","background-image":"","background-repeat":"repeat","background-position":"center center","background-size":"auto","background-attachment":"scroll","background-type":"","background-media":"","overlay-type":"","overlay-color":"","overlay-opacity":"","overlay-gradient":""},"tablet":{"background-color":"","background-image":"","background-repeat":"repeat","background-position":"center center","background-size":"auto","background-attachment":"scroll","background-type":"","background-media":"","overlay-type":"","overlay-color":"","overlay-opacity":"","overlay-gradient":""},"mobile":{"background-color":"","background-image":"","background-repeat":"repeat","background-position":"center center","background-size":"auto","background-attachment":"scroll","background-type":"","background-media":"","overlay-type":"","overlay-color":"","overlay-opacity":"","overlay-gradient":""}},"ast-content-background-meta":{"desktop":{"background-color":"var(--ast-global-color-5)","background-image":"","background-repeat":"repeat","background-position":"center center","background-size":"auto","background-attachment":"scroll","background-type":"","background-media":"","overlay-type":"","overlay-color":"","overlay-opacity":"","overlay-gradient":""},"tablet":{"background-color":"var(--ast-global-color-5)","background-image":"","background-repeat":"repeat","background-position":"center center","background-size":"auto","background-attachment":"scroll","background-type":"","background-media":"","overlay-type":"","overlay-color":"","overlay-opacity":"","overlay-gradient":""},"mobile":{"background-color":"var(--ast-global-color-5)","background-image":"","background-repeat":"repeat","background-position":"center center","background-size":"auto","background-attachment":"scroll","background-type":"","background-media":"","overlay-type":"","overlay-color":"","overlay-opacity":"","overlay-gradient":""}}},"product_brand":[],"product_cat":[70,677],"product_tag":[352,80,108,166,168,353,842],"class_list":{"0":"post-7832","1":"product","2":"type-product","3":"status-publish","4":"has-post-thumbnail","6":"product_cat-jongleerausrenkaat","7":"product_cat-uutuudet","8":"product_tag-352","9":"product_tag-jongleeraus","10":"product_tag-play","11":"product_tag-rengas","12":"product_tag-renkaat","13":"product_tag-saturn","14":"product_tag-saturnus","15":"desktop-align-center","16":"tablet-align-left","17":"mobile-align-left","19":"first","20":"instock","21":"taxable","22":"shipping-taxable","23":"purchasable","24":"product-type-variable"},"_links":{"self":[{"href":"https:\/\/sirkussirkus.com\/kauppa\/wp-json\/wp\/v2\/product\/7832","targetHints":{"allow":["GET"]}}],"collection":[{"href":"https:\/\/sirkussirkus.com\/kauppa\/wp-json\/wp\/v2\/product"}],"about":[{"href":"https:\/\/sirkussirkus.com\/kauppa\/wp-json\/wp\/v2\/types\/product"}],"version-history":[{"count":1,"href":"https:\/\/sirkussirkus.com\/kauppa\/wp-json\/wp\/v2\/product\/7832\/revisions"}],"predecessor-version":[{"id":7840,"href":"https:\/\/sirkussirkus.com\/kauppa\/wp-json\/wp\/v2\/product\/7832\/revisions\/7840"}],"wp:featuredmedia":[{"embeddable":true,"href":"https:\/\/sirkussirkus.com\/kauppa\/wp-json\/wp\/v2\/media\/8176"}],"wp:attachment":[{"href":"https:\/\/sirkussirkus.com\/kauppa\/wp-json\/wp\/v2\/media?parent=7832"}],"wp:term":[{"taxonomy":"product_brand","embeddable":true,"href":"https:\/\/sirkussirkus.com\/kauppa\/wp-json\/wp\/v2\/product_brand?post=7832"},{"taxonomy":"product_cat","embeddable":true,"href":"https:\/\/sirkussirkus.com\/kauppa\/wp-json\/wp\/v2\/product_cat?post=7832"},{"taxonomy":"product_tag","embeddable":true,"href":"https:\/\/sirkussirkus.com\/kauppa\/wp-json\/wp\/v2\/product_tag?post=7832"}],"curies":[{"name":"wp","href":"https:\/\/api.w.org\/{rel}","templated":true}]}}