{"id":7707,"date":"2024-07-19T04:45:36","date_gmt":"2024-07-19T04:45:36","guid":{"rendered":"https:\/\/sirkussirkus.com\/kauppa\/?post_type=product&#038;p=7707"},"modified":"2024-07-29T15:58:38","modified_gmt":"2024-07-29T15:58:38","slug":"sirkussirkus-dosetti","status":"publish","type":"product","link":"https:\/\/sirkussirkus.com\/kauppa\/product\/sirkussirkus-dosetti\/","title":{"rendered":"Sirkussirkus &#8211; Dosetti"},"content":{"rendered":"<p>Sirkussirkus-dosetit! Otitpa sitten l\u00e4\u00e4kkeit\u00e4, vitamiineja, hivenaineita, ravintolisi\u00e4 tai steroideja niin Sirkussirkus-dosetti pit\u00e4\u00e4 sinut raiteilla tai raiteilta poissa tarkoitusper\u00e4si huomioiden.<\/p>\n<p>J\u00e4rjestelm\u00e4llisyys ja kurinalaisuus ovat ne ydinosaamisalueet, jotka useilta puuttuvat. Aloita matkasi menestykseen t\u00e4m\u00e4n yksinkertaisen apuv\u00e4lineen avulla. Mukaan tulee haluamasi v\u00e4rinen dosetti sek\u00e4 satunnaisen v\u00e4riset kaksi Sirkussirkus-tarraa.<\/p>\n<p>Kierr\u00e4tysaste: Tuntematon<br \/>\n(Ei takuita menestyksest\u00e4)<\/p>\n<p>#sirkussirkus #l\u00e4\u00e4keannostelija<\/p>\n","protected":false},"excerpt":{"rendered":"<p>Sirkussirkus-dosetit! Otitpa sitten l\u00e4\u00e4kkeit\u00e4, vitamiineja, hivenaineita, ravintolisi\u00e4 tai steroideja niin Sirkussirkus-dosetti pit\u00e4\u00e4 sinut raiteilla tai raiteilta poissa tarkoitusper\u00e4si huomioiden. J\u00e4rjestelm\u00e4llisyys ja kurinalaisuus ovat ne ydinosaamisalueet, jotka useilta puuttuvat. Aloita matkasi menestykseen t\u00e4m\u00e4n yksinkertaisen apuv\u00e4lineen avulla. Mukaan tulee haluamasi v\u00e4rinen dosetti sek\u00e4 satunnaisen v\u00e4riset kaksi Sirkussirkus-tarraa. Kierr\u00e4tysaste: Tuntematon (Ei takuita menestyksest\u00e4) #sirkussirkus #l\u00e4\u00e4keannostelija<\/p>\n","protected":false},"featured_media":7708,"template":"","meta":{"site-sidebar-layout":"default","site-content-layout":"default","ast-site-content-layout":"default","site-content-style":"default","site-sidebar-style":"default","ast-global-header-display":"","ast-banner-title-visibility":"","ast-main-header-display":"","ast-hfb-above-header-display":"","ast-hfb-below-header-display":"","ast-hfb-mobile-header-display":"","site-post-title":"","ast-breadcrumbs-content":"","ast-featured-img":"","footer-sml-layout":"","theme-transparent-header-meta":"default","adv-header-id-meta":"","stick-header-meta":"","header-above-stick-meta":"","header-main-stick-meta":"","header-below-stick-meta":"","astra-migrate-meta-layouts":"set","ast-page-background-enabled":"default","ast-page-background-meta":{"desktop":{"background-color":"","background-image":"","background-repeat":"repeat","background-position":"center center","background-size":"auto","background-attachment":"scroll","background-type":"","background-media":"","overlay-type":"","overlay-color":"","overlay-opacity":"","overlay-gradient":""},"tablet":{"background-color":"","background-image":"","background-repeat":"repeat","background-position":"center center","background-size":"auto","background-attachment":"scroll","background-type":"","background-media":"","overlay-type":"","overlay-color":"","overlay-opacity":"","overlay-gradient":""},"mobile":{"background-color":"","background-image":"","background-repeat":"repeat","background-position":"center center","background-size":"auto","background-attachment":"scroll","background-type":"","background-media":"","overlay-type":"","overlay-color":"","overlay-opacity":"","overlay-gradient":""}},"ast-content-background-meta":{"desktop":{"background-color":"var(--ast-global-color-5)","background-image":"","background-repeat":"repeat","background-position":"center center","background-size":"auto","background-attachment":"scroll","background-type":"","background-media":"","overlay-type":"","overlay-color":"","overlay-opacity":"","overlay-gradient":""},"tablet":{"background-color":"var(--ast-global-color-5)","background-image":"","background-repeat":"repeat","background-position":"center center","background-size":"auto","background-attachment":"scroll","background-type":"","background-media":"","overlay-type":"","overlay-color":"","overlay-opacity":"","overlay-gradient":""},"mobile":{"background-color":"var(--ast-global-color-5)","background-image":"","background-repeat":"repeat","background-position":"center center","background-size":"auto","background-attachment":"scroll","background-type":"","background-media":"","overlay-type":"","overlay-color":"","overlay-opacity":"","overlay-gradient":""}}},"product_brand":[],"product_cat":[606,642,677],"product_tag":[815,814,813,819,818,611,817,816,661],"class_list":{"0":"post-7707","1":"product","2":"type-product","3":"status-publish","4":"has-post-thumbnail","6":"product_cat-kehonhuolto","7":"product_cat-vaatteet","8":"product_cat-uutuudet","9":"product_tag-annos","10":"product_tag-annostelija","11":"product_tag-dosetti","12":"product_tag-fitness","13":"product_tag-jarjestys","14":"product_tag-kehonhuolto","15":"product_tag-kuri","16":"product_tag-laakeannostelija","17":"product_tag-sirkussirkus","18":"desktop-align-center","19":"tablet-align-left","20":"mobile-align-left","22":"first","23":"instock","24":"featured","25":"taxable","26":"shipping-taxable","27":"purchasable","28":"product-type-variable"},"_links":{"self":[{"href":"https:\/\/sirkussirkus.com\/kauppa\/wp-json\/wp\/v2\/product\/7707","targetHints":{"allow":["GET"]}}],"collection":[{"href":"https:\/\/sirkussirkus.com\/kauppa\/wp-json\/wp\/v2\/product"}],"about":[{"href":"https:\/\/sirkussirkus.com\/kauppa\/wp-json\/wp\/v2\/types\/product"}],"version-history":[{"count":2,"href":"https:\/\/sirkussirkus.com\/kauppa\/wp-json\/wp\/v2\/product\/7707\/revisions"}],"predecessor-version":[{"id":7724,"href":"https:\/\/sirkussirkus.com\/kauppa\/wp-json\/wp\/v2\/product\/7707\/revisions\/7724"}],"wp:featuredmedia":[{"embeddable":true,"href":"https:\/\/sirkussirkus.com\/kauppa\/wp-json\/wp\/v2\/media\/7708"}],"wp:attachment":[{"href":"https:\/\/sirkussirkus.com\/kauppa\/wp-json\/wp\/v2\/media?parent=7707"}],"wp:term":[{"taxonomy":"product_brand","embeddable":true,"href":"https:\/\/sirkussirkus.com\/kauppa\/wp-json\/wp\/v2\/product_brand?post=7707"},{"taxonomy":"product_cat","embeddable":true,"href":"https:\/\/sirkussirkus.com\/kauppa\/wp-json\/wp\/v2\/product_cat?post=7707"},{"taxonomy":"product_tag","embeddable":true,"href":"https:\/\/sirkussirkus.com\/kauppa\/wp-json\/wp\/v2\/product_tag?post=7707"}],"curies":[{"name":"wp","href":"https:\/\/api.w.org\/{rel}","templated":true}]}}