{"id":7465,"date":"2024-04-03T20:57:41","date_gmt":"2024-04-03T20:57:41","guid":{"rendered":"https:\/\/sirkussirkus.com\/kauppa\/?post_type=product&#038;p=7465"},"modified":"2026-02-14T21:11:08","modified_gmt":"2026-02-14T21:11:08","slug":"typhoon-diabolo","status":"publish","type":"product","link":"https:\/\/sirkussirkus.com\/kauppa\/product\/typhoon-diabolo\/","title":{"rendered":"Typhoon diabolo"},"content":{"rendered":"<p>Juggle Dreamin edullinen, mutta laadukas perinteinen ei-laakeroitu (fixed axle) diabolo. L\u00e4pin\u00e4kyv\u00e4t kupit ovat n\u00e4ytt\u00e4v\u00e4t esitysvaloissa, ja Typhoon-malliin on my\u00f6s erikseen saatavilla edullinen valosarja. Sopii my\u00f6s ammattik\u00e4ytt\u00f6\u00f6n. Typhoon on mitoiltaan normaalin esiintymis-diabolon kokoinen.<\/p>\n<p>Halkaisija 126mm \/ leveys 143mm \/ 240g<\/p>\n<p>Ei sis\u00e4ll\u00e4 keppej\u00e4. Kepit ostettava erikseen.<\/p>\n","protected":false},"excerpt":{"rendered":"<p>Juggle Dreamin edullinen, mutta laadukas perinteinen ei-laakeroitu (fixed axle) diabolo. L\u00e4pin\u00e4kyv\u00e4t kupit ovat n\u00e4ytt\u00e4v\u00e4t esitysvaloissa, ja Typhoon-malliin on my\u00f6s erikseen saatavilla edullinen valosarja. Sopii my\u00f6s ammattik\u00e4ytt\u00f6\u00f6n. Typhoon on mitoiltaan normaalin esiintymis-diabolon kokoinen. Halkaisija 126mm \/ leveys 143mm \/ 240g Ei sis\u00e4ll\u00e4 keppej\u00e4. Kepit ostettava erikseen.<\/p>\n","protected":false},"featured_media":7479,"template":"","meta":{"site-sidebar-layout":"default","site-content-layout":"default","ast-site-content-layout":"default","site-content-style":"default","site-sidebar-style":"default","ast-global-header-display":"","ast-banner-title-visibility":"","ast-main-header-display":"","ast-hfb-above-header-display":"","ast-hfb-below-header-display":"","ast-hfb-mobile-header-display":"","site-post-title":"","ast-breadcrumbs-content":"","ast-featured-img":"","footer-sml-layout":"","theme-transparent-header-meta":"default","adv-header-id-meta":"","stick-header-meta":"","header-above-stick-meta":"","header-main-stick-meta":"","header-below-stick-meta":"","astra-migrate-meta-layouts":"set","ast-page-background-enabled":"default","ast-page-background-meta":{"desktop":{"background-color":"","background-image":"","background-repeat":"repeat","background-position":"center center","background-size":"auto","background-attachment":"scroll","background-type":"","background-media":"","overlay-type":"","overlay-color":"","overlay-opacity":"","overlay-gradient":""},"tablet":{"background-color":"","background-image":"","background-repeat":"repeat","background-position":"center center","background-size":"auto","background-attachment":"scroll","background-type":"","background-media":"","overlay-type":"","overlay-color":"","overlay-opacity":"","overlay-gradient":""},"mobile":{"background-color":"","background-image":"","background-repeat":"repeat","background-position":"center center","background-size":"auto","background-attachment":"scroll","background-type":"","background-media":"","overlay-type":"","overlay-color":"","overlay-opacity":"","overlay-gradient":""}},"ast-content-background-meta":{"desktop":{"background-color":"var(--ast-global-color-5)","background-image":"","background-repeat":"repeat","background-position":"center center","background-size":"auto","background-attachment":"scroll","background-type":"","background-media":"","overlay-type":"","overlay-color":"","overlay-opacity":"","overlay-gradient":""},"tablet":{"background-color":"var(--ast-global-color-5)","background-image":"","background-repeat":"repeat","background-position":"center center","background-size":"auto","background-attachment":"scroll","background-type":"","background-media":"","overlay-type":"","overlay-color":"","overlay-opacity":"","overlay-gradient":""},"mobile":{"background-color":"var(--ast-global-color-5)","background-image":"","background-repeat":"repeat","background-position":"center center","background-size":"auto","background-attachment":"scroll","background-type":"","background-media":"","overlay-type":"","overlay-color":"","overlay-opacity":"","overlay-gradient":""}}},"product_brand":[],"product_cat":[71,677],"product_tag":[357,358,363,362,756,368,807,365,806],"class_list":{"0":"post-7465","1":"product","2":"type-product","3":"status-publish","4":"has-post-thumbnail","6":"product_cat-diabolo","7":"product_cat-uutuudet","8":"product_tag-diabolo","9":"product_tag-diabolot","10":"product_tag-dream","11":"product_tag-juggle","12":"product_tag-juggle-dream","13":"product_tag-laakeri","14":"product_tag-laakeridiabolo","15":"product_tag-triplalaakeri","16":"product_tag-typhoon","17":"desktop-align-center","18":"tablet-align-left","19":"mobile-align-left","21":"first","22":"instock","23":"taxable","24":"shipping-taxable","25":"purchasable","26":"product-type-variable","27":"has-default-attributes"},"_links":{"self":[{"href":"https:\/\/sirkussirkus.com\/kauppa\/wp-json\/wp\/v2\/product\/7465","targetHints":{"allow":["GET"]}}],"collection":[{"href":"https:\/\/sirkussirkus.com\/kauppa\/wp-json\/wp\/v2\/product"}],"about":[{"href":"https:\/\/sirkussirkus.com\/kauppa\/wp-json\/wp\/v2\/types\/product"}],"version-history":[{"count":2,"href":"https:\/\/sirkussirkus.com\/kauppa\/wp-json\/wp\/v2\/product\/7465\/revisions"}],"predecessor-version":[{"id":7487,"href":"https:\/\/sirkussirkus.com\/kauppa\/wp-json\/wp\/v2\/product\/7465\/revisions\/7487"}],"wp:featuredmedia":[{"embeddable":true,"href":"https:\/\/sirkussirkus.com\/kauppa\/wp-json\/wp\/v2\/media\/7479"}],"wp:attachment":[{"href":"https:\/\/sirkussirkus.com\/kauppa\/wp-json\/wp\/v2\/media?parent=7465"}],"wp:term":[{"taxonomy":"product_brand","embeddable":true,"href":"https:\/\/sirkussirkus.com\/kauppa\/wp-json\/wp\/v2\/product_brand?post=7465"},{"taxonomy":"product_cat","embeddable":true,"href":"https:\/\/sirkussirkus.com\/kauppa\/wp-json\/wp\/v2\/product_cat?post=7465"},{"taxonomy":"product_tag","embeddable":true,"href":"https:\/\/sirkussirkus.com\/kauppa\/wp-json\/wp\/v2\/product_tag?post=7465"}],"curies":[{"name":"wp","href":"https:\/\/api.w.org\/{rel}","templated":true}]}}