{"id":7452,"date":"2024-04-03T18:57:12","date_gmt":"2024-04-03T18:57:12","guid":{"rendered":"https:\/\/sirkussirkus.com\/kauppa\/?post_type=product&#038;p=7452"},"modified":"2025-11-21T12:07:32","modified_gmt":"2025-11-21T12:07:32","slug":"jongleerausvanne-55cm","status":"publish","type":"product","link":"https:\/\/sirkussirkus.com\/kauppa\/product\/jongleerausvanne-55cm\/","title":{"rendered":"Jongleerausvanne 55cm"},"content":{"rendered":"<p>Useamman vanteen heittojongleeraustemppuihin soveltuva Playn valmistama vanne. Kirkasv\u00e4rinen ja kest\u00e4v\u00e4. Ei kokoontaitettava. Sopii my\u00f6s hyvin isolaatiotekniikoihin sek\u00e4 muuhun vannemanipulaatioon. UV-merkatut v\u00e4rit ovat fluorisoivia.<\/p>\n<p>55cm \/ 140g<\/p>\n","protected":false},"excerpt":{"rendered":"<p>Useamman vanteen heittojongleeraustemppuihin soveltuva Playn valmistama vanne. Kirkasv\u00e4rinen ja kest\u00e4v\u00e4. Ei kokoontaitettava. Sopii my\u00f6s hyvin isolaatiotekniikoihin sek\u00e4 muuhun vannemanipulaatioon. UV-merkatut v\u00e4rit ovat fluorisoivia. 55cm \/ 140g<\/p>\n","protected":false},"featured_media":7461,"template":"","meta":{"site-sidebar-layout":"default","site-content-layout":"","ast-site-content-layout":"default","site-content-style":"default","site-sidebar-style":"default","ast-global-header-display":"","ast-banner-title-visibility":"","ast-main-header-display":"","ast-hfb-above-header-display":"","ast-hfb-below-header-display":"","ast-hfb-mobile-header-display":"","site-post-title":"","ast-breadcrumbs-content":"","ast-featured-img":"","footer-sml-layout":"","theme-transparent-header-meta":"default","adv-header-id-meta":"","stick-header-meta":"","header-above-stick-meta":"","header-main-stick-meta":"","header-below-stick-meta":"","astra-migrate-meta-layouts":"set","ast-page-background-enabled":"default","ast-page-background-meta":{"desktop":{"background-color":"","background-image":"","background-repeat":"repeat","background-position":"center center","background-size":"auto","background-attachment":"scroll","background-type":"","background-media":"","overlay-type":"","overlay-color":"","overlay-opacity":"","overlay-gradient":""},"tablet":{"background-color":"","background-image":"","background-repeat":"repeat","background-position":"center center","background-size":"auto","background-attachment":"scroll","background-type":"","background-media":"","overlay-type":"","overlay-color":"","overlay-opacity":"","overlay-gradient":""},"mobile":{"background-color":"","background-image":"","background-repeat":"repeat","background-position":"center center","background-size":"auto","background-attachment":"scroll","background-type":"","background-media":"","overlay-type":"","overlay-color":"","overlay-opacity":"","overlay-gradient":""}},"ast-content-background-meta":{"desktop":{"background-color":"var(--ast-global-color-5)","background-image":"","background-repeat":"repeat","background-position":"center center","background-size":"auto","background-attachment":"scroll","background-type":"","background-media":"","overlay-type":"","overlay-color":"","overlay-opacity":"","overlay-gradient":""},"tablet":{"background-color":"var(--ast-global-color-5)","background-image":"","background-repeat":"repeat","background-position":"center center","background-size":"auto","background-attachment":"scroll","background-type":"","background-media":"","overlay-type":"","overlay-color":"","overlay-opacity":"","overlay-gradient":""},"mobile":{"background-color":"var(--ast-global-color-5)","background-image":"","background-repeat":"repeat","background-position":"center center","background-size":"auto","background-attachment":"scroll","background-type":"","background-media":"","overlay-type":"","overlay-color":"","overlay-opacity":"","overlay-gradient":""}}},"product_brand":[],"product_cat":[72,70,677],"product_tag":[331,417,80,809,808,235,418],"class_list":{"0":"post-7452","1":"product","2":"type-product","3":"status-publish","4":"has-post-thumbnail","6":"product_cat-hulavanteet","7":"product_cat-jongleerausrenkaat","8":"product_cat-uutuudet","9":"product_tag-331","10":"product_tag-hula","11":"product_tag-jongleeraus","12":"product_tag-jongleerausvanne","13":"product_tag-manipulaatio","14":"product_tag-pieni","15":"product_tag-vanne","16":"desktop-align-center","17":"tablet-align-left","18":"mobile-align-left","20":"first","21":"instock","22":"taxable","23":"shipping-taxable","24":"purchasable","25":"product-type-variable"},"_links":{"self":[{"href":"https:\/\/sirkussirkus.com\/kauppa\/wp-json\/wp\/v2\/product\/7452","targetHints":{"allow":["GET"]}}],"collection":[{"href":"https:\/\/sirkussirkus.com\/kauppa\/wp-json\/wp\/v2\/product"}],"about":[{"href":"https:\/\/sirkussirkus.com\/kauppa\/wp-json\/wp\/v2\/types\/product"}],"version-history":[{"count":1,"href":"https:\/\/sirkussirkus.com\/kauppa\/wp-json\/wp\/v2\/product\/7452\/revisions"}],"predecessor-version":[{"id":7462,"href":"https:\/\/sirkussirkus.com\/kauppa\/wp-json\/wp\/v2\/product\/7452\/revisions\/7462"}],"wp:featuredmedia":[{"embeddable":true,"href":"https:\/\/sirkussirkus.com\/kauppa\/wp-json\/wp\/v2\/media\/7461"}],"wp:attachment":[{"href":"https:\/\/sirkussirkus.com\/kauppa\/wp-json\/wp\/v2\/media?parent=7452"}],"wp:term":[{"taxonomy":"product_brand","embeddable":true,"href":"https:\/\/sirkussirkus.com\/kauppa\/wp-json\/wp\/v2\/product_brand?post=7452"},{"taxonomy":"product_cat","embeddable":true,"href":"https:\/\/sirkussirkus.com\/kauppa\/wp-json\/wp\/v2\/product_cat?post=7452"},{"taxonomy":"product_tag","embeddable":true,"href":"https:\/\/sirkussirkus.com\/kauppa\/wp-json\/wp\/v2\/product_tag?post=7452"}],"curies":[{"name":"wp","href":"https:\/\/api.w.org\/{rel}","templated":true}]}}