{"id":7370,"date":"2024-02-15T19:08:38","date_gmt":"2024-02-15T19:08:38","guid":{"rendered":"https:\/\/sirkussirkus.com\/kauppa\/?post_type=product&#038;p=7370"},"modified":"2026-02-23T07:41:26","modified_gmt":"2026-02-23T07:41:26","slug":"jongleerauspullo","status":"publish","type":"product","link":"https:\/\/sirkussirkus.com\/kauppa\/product\/jongleerauspullo\/","title":{"rendered":"Jongleerauspullo"},"content":{"rendered":"<p>Niels Duinkerin kehitt\u00e4m\u00e4 jongleerauspullo, joka on valmistettu polyeteenist\u00e4 jongl\u00f6\u00f6ri Tommy Curtinin vanhan muotin mukaan. Pullo on eritt\u00e4in kest\u00e4v\u00e4 ja my\u00f6s eritt\u00e4in kova.<\/p>\n<p>Jokaisen pullon mukana tulee samppanjatyylinen etikettitarra. Koristelun voi jokainen viimeistell\u00e4 itse omaan esitykseen sopivaksi. Viini, samppanja, brandy vai mehu?<\/p>\n<p>Myyd\u00e4\u00e4n kolmen pullon seteiss\u00e4.<br \/>\n<span style=\"font-size: 16px;\">Paino 240g \/ Pituus 52cm<\/span><\/p>\n","protected":false},"excerpt":{"rendered":"<p>Niels Duinkerin kehitt\u00e4m\u00e4 jongleerauspullo, joka on valmistettu polyeteenist\u00e4 jongl\u00f6\u00f6ri Tommy Curtinin vanhan muotin mukaan. Pullo on eritt\u00e4in kest\u00e4v\u00e4 ja my\u00f6s eritt\u00e4in kova. Jokaisen pullon mukana tulee samppanjatyylinen etikettitarra. Koristelun voi jokainen viimeistell\u00e4 itse omaan esitykseen sopivaksi. Viini, samppanja, brandy vai mehu? Myyd\u00e4\u00e4n kolmen pullon seteiss\u00e4. Paino 240g \/ Pituus 52cm<\/p>\n","protected":false},"featured_media":7375,"template":"","meta":{"site-sidebar-layout":"default","site-content-layout":"","ast-site-content-layout":"default","site-content-style":"default","site-sidebar-style":"default","ast-global-header-display":"","ast-banner-title-visibility":"","ast-main-header-display":"","ast-hfb-above-header-display":"","ast-hfb-below-header-display":"","ast-hfb-mobile-header-display":"","site-post-title":"","ast-breadcrumbs-content":"","ast-featured-img":"","footer-sml-layout":"","theme-transparent-header-meta":"default","adv-header-id-meta":"","stick-header-meta":"","header-above-stick-meta":"","header-main-stick-meta":"","header-below-stick-meta":"","astra-migrate-meta-layouts":"set","ast-page-background-enabled":"default","ast-page-background-meta":{"desktop":{"background-color":"","background-image":"","background-repeat":"repeat","background-position":"center center","background-size":"auto","background-attachment":"scroll","background-type":"","background-media":"","overlay-type":"","overlay-color":"","overlay-opacity":"","overlay-gradient":""},"tablet":{"background-color":"","background-image":"","background-repeat":"repeat","background-position":"center center","background-size":"auto","background-attachment":"scroll","background-type":"","background-media":"","overlay-type":"","overlay-color":"","overlay-opacity":"","overlay-gradient":""},"mobile":{"background-color":"","background-image":"","background-repeat":"repeat","background-position":"center center","background-size":"auto","background-attachment":"scroll","background-type":"","background-media":"","overlay-type":"","overlay-color":"","overlay-opacity":"","overlay-gradient":""}},"ast-content-background-meta":{"desktop":{"background-color":"var(--ast-global-color-5)","background-image":"","background-repeat":"repeat","background-position":"center center","background-size":"auto","background-attachment":"scroll","background-type":"","background-media":"","overlay-type":"","overlay-color":"","overlay-opacity":"","overlay-gradient":""},"tablet":{"background-color":"var(--ast-global-color-5)","background-image":"","background-repeat":"repeat","background-position":"center center","background-size":"auto","background-attachment":"scroll","background-type":"","background-media":"","overlay-type":"","overlay-color":"","overlay-opacity":"","overlay-gradient":""},"mobile":{"background-color":"var(--ast-global-color-5)","background-image":"","background-repeat":"repeat","background-position":"center center","background-size":"auto","background-attachment":"scroll","background-type":"","background-media":"","overlay-type":"","overlay-color":"","overlay-opacity":"","overlay-gradient":""}}},"product_brand":[],"product_cat":[69,73,677],"product_tag":[526,80,78,79,803,799,800,801,802],"class_list":{"0":"post-7370","1":"product","2":"type-product","3":"status-publish","4":"has-post-thumbnail","6":"product_cat-jongleerauskeilat","7":"product_cat-muut-jongleeraus","8":"product_cat-uutuudet","9":"product_tag-duinker","10":"product_tag-jongleeraus","11":"product_tag-keila","12":"product_tag-keilat","13":"product_tag-mehu","14":"product_tag-pullo","15":"product_tag-pullot","16":"product_tag-samppanja","17":"product_tag-viini","18":"desktop-align-center","19":"tablet-align-left","20":"mobile-align-left","22":"first","23":"instock","24":"taxable","25":"shipping-taxable","26":"purchasable","27":"product-type-simple"},"_links":{"self":[{"href":"https:\/\/sirkussirkus.com\/kauppa\/wp-json\/wp\/v2\/product\/7370","targetHints":{"allow":["GET"]}}],"collection":[{"href":"https:\/\/sirkussirkus.com\/kauppa\/wp-json\/wp\/v2\/product"}],"about":[{"href":"https:\/\/sirkussirkus.com\/kauppa\/wp-json\/wp\/v2\/types\/product"}],"version-history":[{"count":2,"href":"https:\/\/sirkussirkus.com\/kauppa\/wp-json\/wp\/v2\/product\/7370\/revisions"}],"predecessor-version":[{"id":8852,"href":"https:\/\/sirkussirkus.com\/kauppa\/wp-json\/wp\/v2\/product\/7370\/revisions\/8852"}],"wp:featuredmedia":[{"embeddable":true,"href":"https:\/\/sirkussirkus.com\/kauppa\/wp-json\/wp\/v2\/media\/7375"}],"wp:attachment":[{"href":"https:\/\/sirkussirkus.com\/kauppa\/wp-json\/wp\/v2\/media?parent=7370"}],"wp:term":[{"taxonomy":"product_brand","embeddable":true,"href":"https:\/\/sirkussirkus.com\/kauppa\/wp-json\/wp\/v2\/product_brand?post=7370"},{"taxonomy":"product_cat","embeddable":true,"href":"https:\/\/sirkussirkus.com\/kauppa\/wp-json\/wp\/v2\/product_cat?post=7370"},{"taxonomy":"product_tag","embeddable":true,"href":"https:\/\/sirkussirkus.com\/kauppa\/wp-json\/wp\/v2\/product_tag?post=7370"}],"curies":[{"name":"wp","href":"https:\/\/api.w.org\/{rel}","templated":true}]}}