{"id":7363,"date":"2024-02-14T19:42:06","date_gmt":"2024-02-14T19:42:06","guid":{"rendered":"https:\/\/sirkussirkus.com\/kauppa\/?post_type=product&#038;p=7363"},"modified":"2024-09-02T14:11:53","modified_gmt":"2024-09-02T14:11:53","slug":"isot-tulipoit-pari-kopio","status":"publish","type":"product","link":"https:\/\/sirkussirkus.com\/kauppa\/product\/isot-tulipoit-pari-kopio\/","title":{"rendered":"Isot Tulipoit (pari)"},"content":{"rendered":"<p>Py\u00f6ritett\u00e4v\u00e4t suuret tulipoit. Tulip\u00e4\u00e4n koon puolesta sopivat poit tuliesityksiin. Tulip\u00e4\u00e4n koko 10cm. Tutustu ennen k\u00e4ytt\u00f6\u00e4 yleisiin paloturvallisuusohjeisiin, tulijongleerauksessa k\u00e4ytett\u00e4viin palonesteisiin, turvalliseen pukeutumiseen, \u00e4l\u00e4k\u00e4 koskaan harjoittele yksin. Kevlar-kangas sis\u00e4ltyy hintaan. Myyd\u00e4\u00e4n pareittain.<\/p>\n<p>N\u00e4pp\u00e4r\u00e4n S-j\u00e4rjestelm\u00e4n ansiosta kevlar-kankaan kiinnitt\u00e4miseen ei tarvita ruuveja. Katso kuvasta ohjeet kankaan vaihtoon. Isoihin tulipoihin kuluu 10cm leve\u00e4\u00e4 kevlar nauhaa 75cm per poi.<\/p>\n<p>Ketju 55cm \/ Tulip\u00e4\u00e4 10cm \/ Paino 500g<\/p>\n<p>Hinta sis\u00e4lt\u00e4\u00e4 kaksi poita.<\/p>\n","protected":false},"excerpt":{"rendered":"<p>Py\u00f6ritett\u00e4v\u00e4t suuret tulipoit. Tulip\u00e4\u00e4n koon puolesta sopivat poit tuliesityksiin. Tulip\u00e4\u00e4n koko 10cm. Tutustu ennen k\u00e4ytt\u00f6\u00e4 yleisiin paloturvallisuusohjeisiin, tulijongleerauksessa k\u00e4ytett\u00e4viin palonesteisiin, turvalliseen pukeutumiseen, \u00e4l\u00e4k\u00e4 koskaan harjoittele yksin. Kevlar-kangas sis\u00e4ltyy hintaan. Myyd\u00e4\u00e4n pareittain. N\u00e4pp\u00e4r\u00e4n S-j\u00e4rjestelm\u00e4n ansiosta kevlar-kankaan kiinnitt\u00e4miseen ei tarvita ruuveja. Katso kuvasta ohjeet kankaan vaihtoon. Isoihin tulipoihin kuluu 10cm leve\u00e4\u00e4 kevlar nauhaa 75cm per poi. Ketju [&hellip;]<\/p>\n","protected":false},"featured_media":7358,"template":"","meta":{"site-sidebar-layout":"default","site-content-layout":"default","ast-site-content-layout":"default","site-content-style":"default","site-sidebar-style":"default","ast-global-header-display":"","ast-banner-title-visibility":"","ast-main-header-display":"","ast-hfb-above-header-display":"","ast-hfb-below-header-display":"","ast-hfb-mobile-header-display":"","site-post-title":"","ast-breadcrumbs-content":"","ast-featured-img":"","footer-sml-layout":"","theme-transparent-header-meta":"default","adv-header-id-meta":"","stick-header-meta":"","header-above-stick-meta":"","header-main-stick-meta":"","header-below-stick-meta":"","astra-migrate-meta-layouts":"set","ast-page-background-enabled":"default","ast-page-background-meta":{"desktop":{"background-color":"","background-image":"","background-repeat":"repeat","background-position":"center center","background-size":"auto","background-attachment":"scroll","background-type":"","background-media":"","overlay-type":"","overlay-color":"","overlay-opacity":"","overlay-gradient":""},"tablet":{"background-color":"","background-image":"","background-repeat":"repeat","background-position":"center center","background-size":"auto","background-attachment":"scroll","background-type":"","background-media":"","overlay-type":"","overlay-color":"","overlay-opacity":"","overlay-gradient":""},"mobile":{"background-color":"","background-image":"","background-repeat":"repeat","background-position":"center center","background-size":"auto","background-attachment":"scroll","background-type":"","background-media":"","overlay-type":"","overlay-color":"","overlay-opacity":"","overlay-gradient":""}},"ast-content-background-meta":{"desktop":{"background-color":"var(--ast-global-color-5)","background-image":"","background-repeat":"repeat","background-position":"center center","background-size":"auto","background-attachment":"scroll","background-type":"","background-media":"","overlay-type":"","overlay-color":"","overlay-opacity":"","overlay-gradient":""},"tablet":{"background-color":"var(--ast-global-color-5)","background-image":"","background-repeat":"repeat","background-position":"center center","background-size":"auto","background-attachment":"scroll","background-type":"","background-media":"","overlay-type":"","overlay-color":"","overlay-opacity":"","overlay-gradient":""},"mobile":{"background-color":"var(--ast-global-color-5)","background-image":"","background-repeat":"repeat","background-position":"center center","background-size":"auto","background-attachment":"scroll","background-type":"","background-media":"","overlay-type":"","overlay-color":"","overlay-opacity":"","overlay-gradient":""}}},"product_brand":[],"product_cat":[74,677],"product_tag":[80,404,447,705,396,397,398],"class_list":{"0":"post-7363","1":"product","2":"type-product","3":"status-publish","4":"has-post-thumbnail","6":"product_cat-tuli","7":"product_cat-uutuudet","8":"product_tag-jongleeraus","9":"product_tag-kevlar","10":"product_tag-poi","11":"product_tag-poit","12":"product_tag-tulipoi","13":"product_tag-tulipoit","14":"product_tag-tulivalineet","15":"desktop-align-center","16":"tablet-align-left","17":"mobile-align-left","19":"first","20":"instock","21":"taxable","22":"shipping-taxable","23":"purchasable","24":"product-type-simple"},"_links":{"self":[{"href":"https:\/\/sirkussirkus.com\/kauppa\/wp-json\/wp\/v2\/product\/7363","targetHints":{"allow":["GET"]}}],"collection":[{"href":"https:\/\/sirkussirkus.com\/kauppa\/wp-json\/wp\/v2\/product"}],"about":[{"href":"https:\/\/sirkussirkus.com\/kauppa\/wp-json\/wp\/v2\/types\/product"}],"version-history":[{"count":2,"href":"https:\/\/sirkussirkus.com\/kauppa\/wp-json\/wp\/v2\/product\/7363\/revisions"}],"predecessor-version":[{"id":7674,"href":"https:\/\/sirkussirkus.com\/kauppa\/wp-json\/wp\/v2\/product\/7363\/revisions\/7674"}],"wp:featuredmedia":[{"embeddable":true,"href":"https:\/\/sirkussirkus.com\/kauppa\/wp-json\/wp\/v2\/media\/7358"}],"wp:attachment":[{"href":"https:\/\/sirkussirkus.com\/kauppa\/wp-json\/wp\/v2\/media?parent=7363"}],"wp:term":[{"taxonomy":"product_brand","embeddable":true,"href":"https:\/\/sirkussirkus.com\/kauppa\/wp-json\/wp\/v2\/product_brand?post=7363"},{"taxonomy":"product_cat","embeddable":true,"href":"https:\/\/sirkussirkus.com\/kauppa\/wp-json\/wp\/v2\/product_cat?post=7363"},{"taxonomy":"product_tag","embeddable":true,"href":"https:\/\/sirkussirkus.com\/kauppa\/wp-json\/wp\/v2\/product_tag?post=7363"}],"curies":[{"name":"wp","href":"https:\/\/api.w.org\/{rel}","templated":true}]}}