{"id":7325,"date":"2024-02-14T07:52:08","date_gmt":"2024-02-14T07:52:08","guid":{"rendered":"https:\/\/sirkussirkus.com\/kauppa\/?post_type=product&#038;p=7325"},"modified":"2026-04-04T20:11:11","modified_gmt":"2026-04-04T20:11:11","slug":"ankkurilevy-teras","status":"publish","type":"product","link":"https:\/\/sirkussirkus.com\/kauppa\/product\/ankkurilevy-teras\/","title":{"rendered":"Pieni Ankkurilevy 1\/2 (ter\u00e4s)"},"content":{"rendered":"<p>J\u00e4mer\u00e4 ter\u00e4ksinen ankkurilevy. Reiki\u00e4 suojaa kumirengas, joka est\u00e4\u00e4 mukavasti mahdollisen kilin\u00e4n. Kumin voi ottaa helposti halutessaan pois. Kumien alla olevien reikien reunat ovat py\u00f6ristetyt. Reikien halkaisija on 18mm ja kumin kanssa 12mm. Sopii yhteen normaalikokoisten sulkurenkaiden kanssa.<\/p>\n<p>Ty\u00f6skentelypainoraja 400kg<br \/>\nMurtumispainoraja 3000kg<br \/>\nPaino 155g \/ Leveys 75mm \/ Korkeus 81mm \/ Paksuus 6mm<br \/>\nReikien halkaisija 12mm \/ 18mm<\/p>\n","protected":false},"excerpt":{"rendered":"<p>J\u00e4mer\u00e4 ter\u00e4ksinen ankkurilevy. Reiki\u00e4 suojaa kumirengas, joka est\u00e4\u00e4 mukavasti mahdollisen kilin\u00e4n. Kumin voi ottaa helposti halutessaan pois. Kumien alla olevien reikien reunat ovat py\u00f6ristetyt. Reikien halkaisija on 18mm ja kumin kanssa 12mm. Sopii yhteen normaalikokoisten sulkurenkaiden kanssa. Ty\u00f6skentelypainoraja 400kg Murtumispainoraja 3000kg Paino 155g \/ Leveys 75mm \/ Korkeus 81mm \/ Paksuus 6mm Reikien halkaisija 12mm [&hellip;]<\/p>\n","protected":false},"featured_media":7327,"template":"","meta":{"site-sidebar-layout":"default","site-content-layout":"","ast-site-content-layout":"default","site-content-style":"default","site-sidebar-style":"default","ast-global-header-display":"","ast-banner-title-visibility":"","ast-main-header-display":"","ast-hfb-above-header-display":"","ast-hfb-below-header-display":"","ast-hfb-mobile-header-display":"","site-post-title":"","ast-breadcrumbs-content":"","ast-featured-img":"","footer-sml-layout":"","theme-transparent-header-meta":"default","adv-header-id-meta":"","stick-header-meta":"","header-above-stick-meta":"","header-main-stick-meta":"","header-below-stick-meta":"","astra-migrate-meta-layouts":"set","ast-page-background-enabled":"default","ast-page-background-meta":{"desktop":{"background-color":"","background-image":"","background-repeat":"repeat","background-position":"center center","background-size":"auto","background-attachment":"scroll","background-type":"","background-media":"","overlay-type":"","overlay-color":"","overlay-opacity":"","overlay-gradient":""},"tablet":{"background-color":"","background-image":"","background-repeat":"repeat","background-position":"center center","background-size":"auto","background-attachment":"scroll","background-type":"","background-media":"","overlay-type":"","overlay-color":"","overlay-opacity":"","overlay-gradient":""},"mobile":{"background-color":"","background-image":"","background-repeat":"repeat","background-position":"center center","background-size":"auto","background-attachment":"scroll","background-type":"","background-media":"","overlay-type":"","overlay-color":"","overlay-opacity":"","overlay-gradient":""}},"ast-content-background-meta":{"desktop":{"background-color":"var(--ast-global-color-5)","background-image":"","background-repeat":"repeat","background-position":"center center","background-size":"auto","background-attachment":"scroll","background-type":"","background-media":"","overlay-type":"","overlay-color":"","overlay-opacity":"","overlay-gradient":""},"tablet":{"background-color":"var(--ast-global-color-5)","background-image":"","background-repeat":"repeat","background-position":"center center","background-size":"auto","background-attachment":"scroll","background-type":"","background-media":"","overlay-type":"","overlay-color":"","overlay-opacity":"","overlay-gradient":""},"mobile":{"background-color":"var(--ast-global-color-5)","background-image":"","background-repeat":"repeat","background-position":"center center","background-size":"auto","background-attachment":"scroll","background-type":"","background-media":"","overlay-type":"","overlay-color":"","overlay-opacity":"","overlay-gradient":""}}},"product_brand":[],"product_cat":[119,677],"product_tag":[798,193,797,615,190,204],"class_list":{"0":"post-7325","1":"product","2":"type-product","3":"status-publish","4":"has-post-thumbnail","6":"product_cat-ripustus","7":"product_cat-uutuudet","8":"product_tag-ankkuri","9":"product_tag-ankkurilevy","10":"product_tag-levy","11":"product_tag-riggaus","12":"product_tag-ripustus","13":"product_tag-teras","14":"desktop-align-center","15":"tablet-align-left","16":"mobile-align-left","18":"first","19":"instock","20":"taxable","21":"shipping-taxable","22":"purchasable","23":"product-type-simple"},"_links":{"self":[{"href":"https:\/\/sirkussirkus.com\/kauppa\/wp-json\/wp\/v2\/product\/7325","targetHints":{"allow":["GET"]}}],"collection":[{"href":"https:\/\/sirkussirkus.com\/kauppa\/wp-json\/wp\/v2\/product"}],"about":[{"href":"https:\/\/sirkussirkus.com\/kauppa\/wp-json\/wp\/v2\/types\/product"}],"version-history":[{"count":7,"href":"https:\/\/sirkussirkus.com\/kauppa\/wp-json\/wp\/v2\/product\/7325\/revisions"}],"predecessor-version":[{"id":8927,"href":"https:\/\/sirkussirkus.com\/kauppa\/wp-json\/wp\/v2\/product\/7325\/revisions\/8927"}],"wp:featuredmedia":[{"embeddable":true,"href":"https:\/\/sirkussirkus.com\/kauppa\/wp-json\/wp\/v2\/media\/7327"}],"wp:attachment":[{"href":"https:\/\/sirkussirkus.com\/kauppa\/wp-json\/wp\/v2\/media?parent=7325"}],"wp:term":[{"taxonomy":"product_brand","embeddable":true,"href":"https:\/\/sirkussirkus.com\/kauppa\/wp-json\/wp\/v2\/product_brand?post=7325"},{"taxonomy":"product_cat","embeddable":true,"href":"https:\/\/sirkussirkus.com\/kauppa\/wp-json\/wp\/v2\/product_cat?post=7325"},{"taxonomy":"product_tag","embeddable":true,"href":"https:\/\/sirkussirkus.com\/kauppa\/wp-json\/wp\/v2\/product_tag?post=7325"}],"curies":[{"name":"wp","href":"https:\/\/api.w.org\/{rel}","templated":true}]}}