{"id":7316,"date":"2022-02-13T18:16:13","date_gmt":"2022-02-13T18:16:13","guid":{"rendered":"https:\/\/sirkussirkus.com\/kauppa\/?post_type=product&#038;p=7316"},"modified":"2025-08-06T07:25:57","modified_gmt":"2025-08-06T07:25:57","slug":"reikarengas-32cm","status":"publish","type":"product","link":"https:\/\/sirkussirkus.com\/kauppa\/product\/reikarengas-32cm\/","title":{"rendered":"Reik\u00e4rengas 32cm"},"content":{"rendered":"<p>T\u00e4m\u00e4 rei\u00e4llinen jongleerausrengas tunnetaan kansainv\u00e4lisesti nimell\u00e4 Wind Ring eli tuulirengas. Me emme kuitenkaan k\u00e4yt\u00e4 t\u00e4t\u00e4 nime\u00e4, koska se on harhaanjohtava. Tuuli vie n\u00e4m\u00e4 renkaat menness\u00e4\u00e4n siin\u00e4 miss\u00e4 muutkin renkaat, vaikka n\u00e4iss\u00e4 renkaissa onkin lis\u00e4reiki\u00e4.<\/p>\n<p>Rengas on vain puoli sentti\u00e4 suurempi perusrengasta halkaisijaltaan. Suurin ero normaalirenkaaaseen tulee kuitenkin lis\u00e4tyss\u00e4 painossa ja paksuudessa. Visuaalisesti rengas on my\u00f6s mukavan n\u00e4k\u00f6inen, koska py\u00f6rimisliikkeen voi n\u00e4hd\u00e4.<\/p>\n<p>Paino 140g. Halkaisija 32,5cm. Paksuus 5mm.<\/p>\n","protected":false},"excerpt":{"rendered":"<p>T\u00e4m\u00e4 rei\u00e4llinen jongleerausrengas tunnetaan kansainv\u00e4lisesti nimell\u00e4 Wind Ring eli tuulirengas. Me emme kuitenkaan k\u00e4yt\u00e4 t\u00e4t\u00e4 nime\u00e4, koska se on harhaanjohtava. Tuuli vie n\u00e4m\u00e4 renkaat menness\u00e4\u00e4n siin\u00e4 miss\u00e4 muutkin renkaat, vaikka n\u00e4iss\u00e4 renkaissa onkin lis\u00e4reiki\u00e4. Rengas on vain puoli sentti\u00e4 suurempi perusrengasta halkaisijaltaan. Suurin ero normaalirenkaaaseen tulee kuitenkin lis\u00e4tyss\u00e4 painossa ja paksuudessa. Visuaalisesti rengas on my\u00f6s [&hellip;]<\/p>\n","protected":false},"featured_media":7321,"template":"","meta":{"site-sidebar-layout":"default","site-content-layout":"","ast-site-content-layout":"default","site-content-style":"default","site-sidebar-style":"default","ast-global-header-display":"","ast-banner-title-visibility":"","ast-main-header-display":"","ast-hfb-above-header-display":"","ast-hfb-below-header-display":"","ast-hfb-mobile-header-display":"","site-post-title":"","ast-breadcrumbs-content":"","ast-featured-img":"","footer-sml-layout":"","theme-transparent-header-meta":"default","adv-header-id-meta":"","stick-header-meta":"","header-above-stick-meta":"","header-main-stick-meta":"","header-below-stick-meta":"","astra-migrate-meta-layouts":"set","ast-page-background-enabled":"default","ast-page-background-meta":{"desktop":{"background-color":"","background-image":"","background-repeat":"repeat","background-position":"center center","background-size":"auto","background-attachment":"scroll","background-type":"","background-media":"","overlay-type":"","overlay-color":"","overlay-opacity":"","overlay-gradient":""},"tablet":{"background-color":"","background-image":"","background-repeat":"repeat","background-position":"center center","background-size":"auto","background-attachment":"scroll","background-type":"","background-media":"","overlay-type":"","overlay-color":"","overlay-opacity":"","overlay-gradient":""},"mobile":{"background-color":"","background-image":"","background-repeat":"repeat","background-position":"center center","background-size":"auto","background-attachment":"scroll","background-type":"","background-media":"","overlay-type":"","overlay-color":"","overlay-opacity":"","overlay-gradient":""}},"ast-content-background-meta":{"desktop":{"background-color":"var(--ast-global-color-5)","background-image":"","background-repeat":"repeat","background-position":"center center","background-size":"auto","background-attachment":"scroll","background-type":"","background-media":"","overlay-type":"","overlay-color":"","overlay-opacity":"","overlay-gradient":""},"tablet":{"background-color":"var(--ast-global-color-5)","background-image":"","background-repeat":"repeat","background-position":"center center","background-size":"auto","background-attachment":"scroll","background-type":"","background-media":"","overlay-type":"","overlay-color":"","overlay-opacity":"","overlay-gradient":""},"mobile":{"background-color":"var(--ast-global-color-5)","background-image":"","background-repeat":"repeat","background-position":"center center","background-size":"auto","background-attachment":"scroll","background-type":"","background-media":"","overlay-type":"","overlay-color":"","overlay-opacity":"","overlay-gradient":""}}},"product_brand":[],"product_cat":[54,70,677],"product_tag":[149,796,166,795],"class_list":{"0":"post-7316","1":"product","2":"type-product","3":"status-publish","4":"has-post-thumbnail","6":"product_cat-jongleeraus","7":"product_cat-jongleerausrenkaat","8":"product_cat-uutuudet","9":"product_tag-babache","10":"product_tag-reikarengas","11":"product_tag-rengas","12":"product_tag-tuulirengas","13":"desktop-align-center","14":"tablet-align-left","15":"mobile-align-left","17":"first","18":"instock","19":"taxable","20":"shipping-taxable","21":"purchasable","22":"product-type-variable","23":"has-default-attributes"},"_links":{"self":[{"href":"https:\/\/sirkussirkus.com\/kauppa\/wp-json\/wp\/v2\/product\/7316","targetHints":{"allow":["GET"]}}],"collection":[{"href":"https:\/\/sirkussirkus.com\/kauppa\/wp-json\/wp\/v2\/product"}],"about":[{"href":"https:\/\/sirkussirkus.com\/kauppa\/wp-json\/wp\/v2\/types\/product"}],"version-history":[{"count":1,"href":"https:\/\/sirkussirkus.com\/kauppa\/wp-json\/wp\/v2\/product\/7316\/revisions"}],"predecessor-version":[{"id":7324,"href":"https:\/\/sirkussirkus.com\/kauppa\/wp-json\/wp\/v2\/product\/7316\/revisions\/7324"}],"wp:featuredmedia":[{"embeddable":true,"href":"https:\/\/sirkussirkus.com\/kauppa\/wp-json\/wp\/v2\/media\/7321"}],"wp:attachment":[{"href":"https:\/\/sirkussirkus.com\/kauppa\/wp-json\/wp\/v2\/media?parent=7316"}],"wp:term":[{"taxonomy":"product_brand","embeddable":true,"href":"https:\/\/sirkussirkus.com\/kauppa\/wp-json\/wp\/v2\/product_brand?post=7316"},{"taxonomy":"product_cat","embeddable":true,"href":"https:\/\/sirkussirkus.com\/kauppa\/wp-json\/wp\/v2\/product_cat?post=7316"},{"taxonomy":"product_tag","embeddable":true,"href":"https:\/\/sirkussirkus.com\/kauppa\/wp-json\/wp\/v2\/product_tag?post=7316"}],"curies":[{"name":"wp","href":"https:\/\/api.w.org\/{rel}","templated":true}]}}