{"id":7026,"date":"2023-09-07T05:30:39","date_gmt":"2023-09-07T05:30:39","guid":{"rendered":"https:\/\/sirkussirkus.com\/kauppa\/?post_type=product&#038;p=7026"},"modified":"2024-11-13T08:14:11","modified_gmt":"2024-11-13T08:14:11","slug":"contemporary-circus-handbook","status":"publish","type":"product","link":"https:\/\/sirkussirkus.com\/kauppa\/product\/contemporary-circus-handbook\/","title":{"rendered":"The Contemporary Circus Handbook"},"content":{"rendered":"<p>Nykysirkuksen k\u00e4sikirja on monipuolinen teos, joka on opas teatraalisten esityskokonaisuuksien rakentamiseen ja suunnitteluun 2000-luvulla. K\u00e4sikirja k\u00e4y l\u00e4pi esityksen luomisen, rahoituksen, tuotannon, j\u00e4rjest\u00e4misen sek\u00e4 kiertuetoiminnan. Kirjan sis\u00e4lt\u00e4 on rakennut monien alan tekij\u00f6iden haastattelujen varaan, jotka ovat uransa aikana tehneet ja toteuttaneet lukuisia isoja ja pieni\u00e4 esityshankkeita. Kirjan kirjoittajan omaa sirkustaustaa k\u00e4ytet\u00e4\u00e4n apuna ja k\u00e4yt\u00e4nn\u00f6n esimerkkin\u00e4 kenelle tahansa esiintyv\u00e4lle taiteilijalle. Sit\u00e4 on helppo seurailla askel askeleelta aina rahoituksen hankkimisesta ja ryhm\u00e4n rakentamista, ty\u00f6pajojen suunnitteluun ja residenssien toteuttamiseen, Kirjassa k\u00e4yd\u00e4\u00e4n l\u00e4pi monien menestysesitysten tunnusmerkkej\u00e4. Kirjan anti on sovellettavissa kaikkiin esitt\u00e4v\u00e4n taiteen muotoihin.<\/p>\n<p>Englanninkielinen \/ 367 sivua \/ pehme\u00e4kantinen \/ 2023<br \/>\nModern Vaudeville Express<\/p>\n","protected":false},"excerpt":{"rendered":"<p>Nykysirkuksen k\u00e4sikirja on monipuolinen teos, joka on opas teatraalisten esityskokonaisuuksien rakentamiseen ja suunnitteluun 2000-luvulla. K\u00e4sikirja k\u00e4y l\u00e4pi esityksen luomisen, rahoituksen, tuotannon, j\u00e4rjest\u00e4misen sek\u00e4 kiertuetoiminnan. Kirjan sis\u00e4lt\u00e4 on rakennut monien alan tekij\u00f6iden haastattelujen varaan, jotka ovat uransa aikana tehneet ja toteuttaneet lukuisia isoja ja pieni\u00e4 esityshankkeita. Kirjan kirjoittajan omaa sirkustaustaa k\u00e4ytet\u00e4\u00e4n apuna ja k\u00e4yt\u00e4nn\u00f6n esimerkkin\u00e4 kenelle [&hellip;]<\/p>\n","protected":false},"featured_media":7079,"template":"","meta":{"site-sidebar-layout":"default","site-content-layout":"default","ast-site-content-layout":"default","site-content-style":"default","site-sidebar-style":"default","ast-global-header-display":"","ast-banner-title-visibility":"","ast-main-header-display":"","ast-hfb-above-header-display":"","ast-hfb-below-header-display":"","ast-hfb-mobile-header-display":"","site-post-title":"","ast-breadcrumbs-content":"","ast-featured-img":"","footer-sml-layout":"","theme-transparent-header-meta":"default","adv-header-id-meta":"","stick-header-meta":"","header-above-stick-meta":"","header-main-stick-meta":"","header-below-stick-meta":"","astra-migrate-meta-layouts":"default","ast-page-background-enabled":"default","ast-page-background-meta":{"desktop":{"background-color":"","background-image":"","background-repeat":"repeat","background-position":"center center","background-size":"auto","background-attachment":"scroll","background-type":"","background-media":"","overlay-type":"","overlay-color":"","overlay-opacity":"","overlay-gradient":""},"tablet":{"background-color":"","background-image":"","background-repeat":"repeat","background-position":"center center","background-size":"auto","background-attachment":"scroll","background-type":"","background-media":"","overlay-type":"","overlay-color":"","overlay-opacity":"","overlay-gradient":""},"mobile":{"background-color":"","background-image":"","background-repeat":"repeat","background-position":"center center","background-size":"auto","background-attachment":"scroll","background-type":"","background-media":"","overlay-type":"","overlay-color":"","overlay-opacity":"","overlay-gradient":""}},"ast-content-background-meta":{"desktop":{"background-color":"var(--ast-global-color-5)","background-image":"","background-repeat":"repeat","background-position":"center center","background-size":"auto","background-attachment":"scroll","background-type":"","background-media":"","overlay-type":"","overlay-color":"","overlay-opacity":"","overlay-gradient":""},"tablet":{"background-color":"var(--ast-global-color-5)","background-image":"","background-repeat":"repeat","background-position":"center center","background-size":"auto","background-attachment":"scroll","background-type":"","background-media":"","overlay-type":"","overlay-color":"","overlay-opacity":"","overlay-gradient":""},"mobile":{"background-color":"var(--ast-global-color-5)","background-image":"","background-repeat":"repeat","background-position":"center center","background-size":"auto","background-attachment":"scroll","background-type":"","background-media":"","overlay-type":"","overlay-color":"","overlay-opacity":"","overlay-gradient":""}}},"product_brand":[],"product_cat":[64,677],"product_tag":[787,713,788,87,459,789,784,785,786],"class_list":{"0":"post-7026","1":"product","2":"type-product","3":"status-publish","4":"has-post-thumbnail","6":"product_cat-kirjat","7":"product_cat-uutuudet","8":"product_tag-jarjestaminen","9":"product_tag-kasikirja","10":"product_tag-kiertue","11":"product_tag-kirja","12":"product_tag-kirjat","13":"product_tag-modern-vaudeville-express","14":"product_tag-nykysirkus","15":"product_tag-taide","16":"product_tag-tuotanto","17":"desktop-align-center","18":"tablet-align-left","19":"mobile-align-left","21":"first","22":"instock","23":"taxable","24":"shipping-taxable","25":"purchasable","26":"product-type-simple"},"_links":{"self":[{"href":"https:\/\/sirkussirkus.com\/kauppa\/wp-json\/wp\/v2\/product\/7026","targetHints":{"allow":["GET"]}}],"collection":[{"href":"https:\/\/sirkussirkus.com\/kauppa\/wp-json\/wp\/v2\/product"}],"about":[{"href":"https:\/\/sirkussirkus.com\/kauppa\/wp-json\/wp\/v2\/types\/product"}],"version-history":[{"count":3,"href":"https:\/\/sirkussirkus.com\/kauppa\/wp-json\/wp\/v2\/product\/7026\/revisions"}],"predecessor-version":[{"id":7092,"href":"https:\/\/sirkussirkus.com\/kauppa\/wp-json\/wp\/v2\/product\/7026\/revisions\/7092"}],"wp:featuredmedia":[{"embeddable":true,"href":"https:\/\/sirkussirkus.com\/kauppa\/wp-json\/wp\/v2\/media\/7079"}],"wp:attachment":[{"href":"https:\/\/sirkussirkus.com\/kauppa\/wp-json\/wp\/v2\/media?parent=7026"}],"wp:term":[{"taxonomy":"product_brand","embeddable":true,"href":"https:\/\/sirkussirkus.com\/kauppa\/wp-json\/wp\/v2\/product_brand?post=7026"},{"taxonomy":"product_cat","embeddable":true,"href":"https:\/\/sirkussirkus.com\/kauppa\/wp-json\/wp\/v2\/product_cat?post=7026"},{"taxonomy":"product_tag","embeddable":true,"href":"https:\/\/sirkussirkus.com\/kauppa\/wp-json\/wp\/v2\/product_tag?post=7026"}],"curies":[{"name":"wp","href":"https:\/\/api.w.org\/{rel}","templated":true}]}}