{"id":6915,"date":"2023-06-22T08:19:34","date_gmt":"2023-06-22T08:19:34","guid":{"rendered":"https:\/\/sirkussirkus.com\/kauppa\/?post_type=product&#038;p=6915"},"modified":"2025-08-19T05:44:54","modified_gmt":"2025-08-19T05:44:54","slug":"singing-rock-nauhalenkki-80-cm-slingi","status":"publish","type":"product","link":"https:\/\/sirkussirkus.com\/kauppa\/product\/singing-rock-nauhalenkki-80-cm-slingi\/","title":{"rendered":"Singing Rock &#8211; Nauhalenkki 80 cm (slingi)"},"content":{"rendered":"<p>Singing Rock -merkkinen korkean paikan ty\u00f6skentelyyn tarkoitettu 80 cm nauhalenkki eli &#8221;slingi&#8221;. Pehme\u00e4pintainen slingi on helppo k\u00e4sitell\u00e4, solmia ja avata. Kest\u00e4\u00e4 hyvin kulutusta ja k\u00e4ytt\u00f6\u00e4 ankkureissa. Valmistettu polyamidista putkimalliseksi slingiksi.<\/p>\n<p>Pituus 80cm<br \/>\nLeveys 20mm<br \/>\nPaino 60g<\/p>\n<p>Murtumispainoraja 2200kg<br \/>\n(Sertifikaatit: CE 1019, EN 566, EN 795B, EN 354)<\/p>\n","protected":false},"excerpt":{"rendered":"<p>Singing Rock -merkkinen korkean paikan ty\u00f6skentelyyn tarkoitettu 80 cm nauhalenkki eli &#8221;slingi&#8221;. Pehme\u00e4pintainen slingi on helppo k\u00e4sitell\u00e4, solmia ja avata. Kest\u00e4\u00e4 hyvin kulutusta ja k\u00e4ytt\u00f6\u00e4 ankkureissa. Valmistettu polyamidista putkimalliseksi slingiksi. Pituus 80cm Leveys 20mm Paino 60g Murtumispainoraja 2200kg (Sertifikaatit: CE 1019, EN 566, EN 795B, EN 354)<\/p>\n","protected":false},"featured_media":4178,"template":"","meta":{"site-sidebar-layout":"default","site-content-layout":"default","ast-site-content-layout":"default","site-content-style":"default","site-sidebar-style":"default","ast-global-header-display":"","ast-banner-title-visibility":"","ast-main-header-display":"","ast-hfb-above-header-display":"","ast-hfb-below-header-display":"","ast-hfb-mobile-header-display":"","site-post-title":"","ast-breadcrumbs-content":"","ast-featured-img":"","footer-sml-layout":"","theme-transparent-header-meta":"default","adv-header-id-meta":"","stick-header-meta":"","header-above-stick-meta":"","header-main-stick-meta":"","header-below-stick-meta":"","astra-migrate-meta-layouts":"set","ast-page-background-enabled":"default","ast-page-background-meta":{"desktop":{"background-color":"","background-image":"","background-repeat":"repeat","background-position":"center center","background-size":"auto","background-attachment":"scroll","background-type":"","background-media":"","overlay-type":"","overlay-color":"","overlay-opacity":"","overlay-gradient":""},"tablet":{"background-color":"","background-image":"","background-repeat":"repeat","background-position":"center center","background-size":"auto","background-attachment":"scroll","background-type":"","background-media":"","overlay-type":"","overlay-color":"","overlay-opacity":"","overlay-gradient":""},"mobile":{"background-color":"","background-image":"","background-repeat":"repeat","background-position":"center center","background-size":"auto","background-attachment":"scroll","background-type":"","background-media":"","overlay-type":"","overlay-color":"","overlay-opacity":"","overlay-gradient":""}},"ast-content-background-meta":{"desktop":{"background-color":"var(--ast-global-color-5)","background-image":"","background-repeat":"repeat","background-position":"center center","background-size":"auto","background-attachment":"scroll","background-type":"","background-media":"","overlay-type":"","overlay-color":"","overlay-opacity":"","overlay-gradient":""},"tablet":{"background-color":"var(--ast-global-color-5)","background-image":"","background-repeat":"repeat","background-position":"center center","background-size":"auto","background-attachment":"scroll","background-type":"","background-media":"","overlay-type":"","overlay-color":"","overlay-opacity":"","overlay-gradient":""},"mobile":{"background-color":"var(--ast-global-color-5)","background-image":"","background-repeat":"repeat","background-position":"center center","background-size":"auto","background-attachment":"scroll","background-type":"","background-media":"","overlay-type":"","overlay-color":"","overlay-opacity":"","overlay-gradient":""}}},"product_brand":[],"product_cat":[119],"product_tag":[187,94,214,213,757,215,767,212],"class_list":{"0":"post-6915","1":"product","2":"type-product","3":"status-publish","4":"has-post-thumbnail","6":"product_cat-ripustus","7":"product_tag-187","8":"product_tag-ilma-akrobatia","9":"product_tag-lenkki","10":"product_tag-nauha","11":"product_tag-nauhalenkki","12":"product_tag-polyamidi","13":"product_tag-singing-rock","14":"product_tag-slingi","15":"desktop-align-center","16":"tablet-align-left","17":"mobile-align-left","19":"first","20":"outofstock","21":"taxable","22":"shipping-taxable","23":"purchasable","24":"product-type-simple"},"_links":{"self":[{"href":"https:\/\/sirkussirkus.com\/kauppa\/wp-json\/wp\/v2\/product\/6915","targetHints":{"allow":["GET"]}}],"collection":[{"href":"https:\/\/sirkussirkus.com\/kauppa\/wp-json\/wp\/v2\/product"}],"about":[{"href":"https:\/\/sirkussirkus.com\/kauppa\/wp-json\/wp\/v2\/types\/product"}],"version-history":[{"count":1,"href":"https:\/\/sirkussirkus.com\/kauppa\/wp-json\/wp\/v2\/product\/6915\/revisions"}],"predecessor-version":[{"id":6916,"href":"https:\/\/sirkussirkus.com\/kauppa\/wp-json\/wp\/v2\/product\/6915\/revisions\/6916"}],"wp:featuredmedia":[{"embeddable":true,"href":"https:\/\/sirkussirkus.com\/kauppa\/wp-json\/wp\/v2\/media\/4178"}],"wp:attachment":[{"href":"https:\/\/sirkussirkus.com\/kauppa\/wp-json\/wp\/v2\/media?parent=6915"}],"wp:term":[{"taxonomy":"product_brand","embeddable":true,"href":"https:\/\/sirkussirkus.com\/kauppa\/wp-json\/wp\/v2\/product_brand?post=6915"},{"taxonomy":"product_cat","embeddable":true,"href":"https:\/\/sirkussirkus.com\/kauppa\/wp-json\/wp\/v2\/product_cat?post=6915"},{"taxonomy":"product_tag","embeddable":true,"href":"https:\/\/sirkussirkus.com\/kauppa\/wp-json\/wp\/v2\/product_tag?post=6915"}],"curies":[{"name":"wp","href":"https:\/\/api.w.org\/{rel}","templated":true}]}}