{"id":6891,"date":"2023-06-09T14:10:48","date_gmt":"2023-06-09T14:10:48","guid":{"rendered":"https:\/\/sirkussirkus.com\/kauppa\/?post_type=product&#038;p=6891"},"modified":"2026-03-19T18:54:30","modified_gmt":"2026-03-19T18:54:30","slug":"gettagrip-pro-ranteen-kuntouttaja","status":"publish","type":"product","link":"https:\/\/sirkussirkus.com\/kauppa\/product\/gettagrip-pro-ranteen-kuntouttaja\/","title":{"rendered":"Gettagrip Pro &#8211; Ranteen kuntouttaja"},"content":{"rendered":"<div class=\"product-text\">\n<p>T\u00e4m\u00e4 on erinomainen apuv\u00e4line ranteiden ja kyyn\u00e4rvarsien l\u00e4mmitt\u00e4miseen ja vahvistamiseen. Ranneterapiasta hy\u00f6tyy jongl\u00f6\u00f6ri, akrobaatti kuin my\u00f6s ilma-akrobaatti. Ehk\u00e4ise vammat ja loukkaantumiset ennalta! Helppo k\u00e4ytt\u00e4\u00e4 ja helppo pit\u00e4\u00e4 mukana matkassa. Pallon sis\u00e4lmys vedet\u00e4\u00e4n vauhtiin pintaa tai k\u00e4tt\u00e4 vasten. Sen j\u00e4lkeen se antaa py\u00f6riess\u00e4\u00e4n keskipakoisvoiman avulla vastusta ranteen py\u00f6ritt\u00e4miseen ja ranteen liikuttamisen avulla voi vastaavasti yll\u00e4pit\u00e4\u00e4 tai lis\u00e4t\u00e4 py\u00f6rimisnopeutta.<\/p>\n<p>LCD-n\u00e4yt\u00f6st\u00e4 seuraat suoritustasi ja my\u00f6s kilpailet halutessasi kaverin tai itsesi kanssa huippunopeuksista. Toimii hyvin my\u00f6s seurapelin\u00e4. Gettagrip ei tarvitse paristoja! Tarvittava virta n\u00e4ytt\u00f6\u00f6n syntyy pallon py\u00f6rimisest\u00e4.<\/p>\n<\/div>\n","protected":false},"excerpt":{"rendered":"<p>T\u00e4m\u00e4 on erinomainen apuv\u00e4line ranteiden ja kyyn\u00e4rvarsien l\u00e4mmitt\u00e4miseen ja vahvistamiseen. Ranneterapiasta hy\u00f6tyy jongl\u00f6\u00f6ri, akrobaatti kuin my\u00f6s ilma-akrobaatti. Ehk\u00e4ise vammat ja loukkaantumiset ennalta! Helppo k\u00e4ytt\u00e4\u00e4 ja helppo pit\u00e4\u00e4 mukana matkassa. Pallon sis\u00e4lmys vedet\u00e4\u00e4n vauhtiin pintaa tai k\u00e4tt\u00e4 vasten. Sen j\u00e4lkeen se antaa py\u00f6riess\u00e4\u00e4n keskipakoisvoiman avulla vastusta ranteen py\u00f6ritt\u00e4miseen ja ranteen liikuttamisen avulla voi vastaavasti yll\u00e4pit\u00e4\u00e4 tai [&hellip;]<\/p>\n","protected":false},"featured_media":6898,"template":"","meta":{"site-sidebar-layout":"default","site-content-layout":"default","ast-site-content-layout":"default","site-content-style":"default","site-sidebar-style":"default","ast-global-header-display":"","ast-banner-title-visibility":"","ast-main-header-display":"","ast-hfb-above-header-display":"","ast-hfb-below-header-display":"","ast-hfb-mobile-header-display":"","site-post-title":"","ast-breadcrumbs-content":"","ast-featured-img":"","footer-sml-layout":"","theme-transparent-header-meta":"default","adv-header-id-meta":"","stick-header-meta":"","header-above-stick-meta":"","header-main-stick-meta":"","header-below-stick-meta":"","astra-migrate-meta-layouts":"set","ast-page-background-enabled":"default","ast-page-background-meta":{"desktop":{"background-color":"","background-image":"","background-repeat":"repeat","background-position":"center center","background-size":"auto","background-attachment":"scroll","background-type":"","background-media":"","overlay-type":"","overlay-color":"","overlay-opacity":"","overlay-gradient":""},"tablet":{"background-color":"","background-image":"","background-repeat":"repeat","background-position":"center center","background-size":"auto","background-attachment":"scroll","background-type":"","background-media":"","overlay-type":"","overlay-color":"","overlay-opacity":"","overlay-gradient":""},"mobile":{"background-color":"","background-image":"","background-repeat":"repeat","background-position":"center center","background-size":"auto","background-attachment":"scroll","background-type":"","background-media":"","overlay-type":"","overlay-color":"","overlay-opacity":"","overlay-gradient":""}},"ast-content-background-meta":{"desktop":{"background-color":"var(--ast-global-color-5)","background-image":"","background-repeat":"repeat","background-position":"center center","background-size":"auto","background-attachment":"scroll","background-type":"","background-media":"","overlay-type":"","overlay-color":"","overlay-opacity":"","overlay-gradient":""},"tablet":{"background-color":"var(--ast-global-color-5)","background-image":"","background-repeat":"repeat","background-position":"center center","background-size":"auto","background-attachment":"scroll","background-type":"","background-media":"","overlay-type":"","overlay-color":"","overlay-opacity":"","overlay-gradient":""},"mobile":{"background-color":"var(--ast-global-color-5)","background-image":"","background-repeat":"repeat","background-position":"center center","background-size":"auto","background-attachment":"scroll","background-type":"","background-media":"","overlay-type":"","overlay-color":"","overlay-opacity":"","overlay-gradient":""}}},"product_brand":[],"product_cat":[606,677],"product_tag":[611,610,607,608,285,609],"class_list":{"0":"post-6891","1":"product","2":"type-product","3":"status-publish","4":"has-post-thumbnail","6":"product_cat-kehonhuolto","7":"product_cat-uutuudet","8":"product_tag-kehonhuolto","9":"product_tag-kuntouttaja","10":"product_tag-nsd","11":"product_tag-powerball","12":"product_tag-pro","13":"product_tag-ranteen","14":"desktop-align-center","15":"tablet-align-left","16":"mobile-align-left","18":"first","19":"instock","20":"taxable","21":"shipping-taxable","22":"purchasable","23":"product-type-simple"},"_links":{"self":[{"href":"https:\/\/sirkussirkus.com\/kauppa\/wp-json\/wp\/v2\/product\/6891","targetHints":{"allow":["GET"]}}],"collection":[{"href":"https:\/\/sirkussirkus.com\/kauppa\/wp-json\/wp\/v2\/product"}],"about":[{"href":"https:\/\/sirkussirkus.com\/kauppa\/wp-json\/wp\/v2\/types\/product"}],"version-history":[{"count":3,"href":"https:\/\/sirkussirkus.com\/kauppa\/wp-json\/wp\/v2\/product\/6891\/revisions"}],"predecessor-version":[{"id":8829,"href":"https:\/\/sirkussirkus.com\/kauppa\/wp-json\/wp\/v2\/product\/6891\/revisions\/8829"}],"wp:featuredmedia":[{"embeddable":true,"href":"https:\/\/sirkussirkus.com\/kauppa\/wp-json\/wp\/v2\/media\/6898"}],"wp:attachment":[{"href":"https:\/\/sirkussirkus.com\/kauppa\/wp-json\/wp\/v2\/media?parent=6891"}],"wp:term":[{"taxonomy":"product_brand","embeddable":true,"href":"https:\/\/sirkussirkus.com\/kauppa\/wp-json\/wp\/v2\/product_brand?post=6891"},{"taxonomy":"product_cat","embeddable":true,"href":"https:\/\/sirkussirkus.com\/kauppa\/wp-json\/wp\/v2\/product_cat?post=6891"},{"taxonomy":"product_tag","embeddable":true,"href":"https:\/\/sirkussirkus.com\/kauppa\/wp-json\/wp\/v2\/product_tag?post=6891"}],"curies":[{"name":"wp","href":"https:\/\/api.w.org\/{rel}","templated":true}]}}