{"id":6886,"date":"2023-06-09T12:49:29","date_gmt":"2023-06-09T12:49:29","guid":{"rendered":"https:\/\/sirkussirkus.com\/kauppa\/?post_type=product&#038;p=6886"},"modified":"2026-02-10T04:12:55","modified_gmt":"2026-02-10T04:12:55","slug":"camp-pro-d-sulkurengas-teras","status":"publish","type":"product","link":"https:\/\/sirkussirkus.com\/kauppa\/product\/camp-pro-d-sulkurengas-teras\/","title":{"rendered":"CAMP Pro-D sulkurengas (ter\u00e4s)"},"content":{"rendered":"<p>Ter\u00e4ksinen D-mallinen ruuvilukitteinen lukkosulkurengas. Murtolujuus jopa 52Kn! Eritt\u00e4in kest\u00e4v\u00e4 karabiini suuremmalla portin avaumalla (24mm). Sopii hyvin ilma-akrobatiak\u00f6ysien ripustamiseen, joissa silmukkaa voi olla vaikea saada sis\u00e4\u00e4n tavallisen kokoiseen karabiiniin. Sinkitty pinta est\u00e4\u00e4 ruostetta.<\/p>\n<p>Pituus 114mm<br \/>\nLeveys 72mm<br \/>\nPortin avauma 24mm<br \/>\nPaino 250g<br \/>\nMurtumispainoraja 5200kg<\/p>\n<p>CE EN362B EN12275\/B. Maksimi elinik\u00e4 rajoittamaton. Materiaali- ja valmistusvirhetakuu 3 vuotta.<\/p>\n","protected":false},"excerpt":{"rendered":"<p>Ter\u00e4ksinen D-mallinen ruuvilukitteinen lukkosulkurengas. Murtolujuus jopa 52Kn! Eritt\u00e4in kest\u00e4v\u00e4 karabiini suuremmalla portin avaumalla (24mm). Sopii hyvin ilma-akrobatiak\u00f6ysien ripustamiseen, joissa silmukkaa voi olla vaikea saada sis\u00e4\u00e4n tavallisen kokoiseen karabiiniin. Sinkitty pinta est\u00e4\u00e4 ruostetta. Pituus 114mm Leveys 72mm Portin avauma 24mm Paino 250g Murtumispainoraja 5200kg CE EN362B EN12275\/B. Maksimi elinik\u00e4 rajoittamaton. Materiaali- ja valmistusvirhetakuu 3 vuotta.<\/p>\n","protected":false},"featured_media":6888,"template":"","meta":{"site-sidebar-layout":"default","site-content-layout":"default","ast-site-content-layout":"default","site-content-style":"default","site-sidebar-style":"default","ast-global-header-display":"","ast-banner-title-visibility":"","ast-main-header-display":"","ast-hfb-above-header-display":"","ast-hfb-below-header-display":"","ast-hfb-mobile-header-display":"","site-post-title":"","ast-breadcrumbs-content":"","ast-featured-img":"","footer-sml-layout":"","theme-transparent-header-meta":"default","adv-header-id-meta":"","stick-header-meta":"","header-above-stick-meta":"","header-main-stick-meta":"","header-below-stick-meta":"","astra-migrate-meta-layouts":"default","ast-page-background-enabled":"default","ast-page-background-meta":{"desktop":{"background-color":"","background-image":"","background-repeat":"repeat","background-position":"center center","background-size":"auto","background-attachment":"scroll","background-type":"","background-media":"","overlay-type":"","overlay-color":"","overlay-opacity":"","overlay-gradient":""},"tablet":{"background-color":"","background-image":"","background-repeat":"repeat","background-position":"center center","background-size":"auto","background-attachment":"scroll","background-type":"","background-media":"","overlay-type":"","overlay-color":"","overlay-opacity":"","overlay-gradient":""},"mobile":{"background-color":"","background-image":"","background-repeat":"repeat","background-position":"center center","background-size":"auto","background-attachment":"scroll","background-type":"","background-media":"","overlay-type":"","overlay-color":"","overlay-opacity":"","overlay-gradient":""}},"ast-content-background-meta":{"desktop":{"background-color":"var(--ast-global-color-5)","background-image":"","background-repeat":"repeat","background-position":"center center","background-size":"auto","background-attachment":"scroll","background-type":"","background-media":"","overlay-type":"","overlay-color":"","overlay-opacity":"","overlay-gradient":""},"tablet":{"background-color":"var(--ast-global-color-5)","background-image":"","background-repeat":"repeat","background-position":"center center","background-size":"auto","background-attachment":"scroll","background-type":"","background-media":"","overlay-type":"","overlay-color":"","overlay-opacity":"","overlay-gradient":""},"mobile":{"background-color":"var(--ast-global-color-5)","background-image":"","background-repeat":"repeat","background-position":"center center","background-size":"auto","background-attachment":"scroll","background-type":"","background-media":"","overlay-type":"","overlay-color":"","overlay-opacity":"","overlay-gradient":""}}},"product_brand":[],"product_cat":[119],"product_tag":[201,766,94,203,285,206,204],"class_list":{"0":"post-6886","1":"product","2":"type-product","3":"status-publish","4":"has-post-thumbnail","6":"product_cat-ripustus","7":"product_tag-camp","8":"product_tag-d-lock","9":"product_tag-ilma-akrobatia","10":"product_tag-karabiini","11":"product_tag-pro","12":"product_tag-sulkurengas","13":"product_tag-teras","14":"desktop-align-center","15":"tablet-align-left","16":"mobile-align-left","18":"first","19":"instock","20":"taxable","21":"shipping-taxable","22":"purchasable","23":"product-type-simple"},"_links":{"self":[{"href":"https:\/\/sirkussirkus.com\/kauppa\/wp-json\/wp\/v2\/product\/6886","targetHints":{"allow":["GET"]}}],"collection":[{"href":"https:\/\/sirkussirkus.com\/kauppa\/wp-json\/wp\/v2\/product"}],"about":[{"href":"https:\/\/sirkussirkus.com\/kauppa\/wp-json\/wp\/v2\/types\/product"}],"version-history":[{"count":1,"href":"https:\/\/sirkussirkus.com\/kauppa\/wp-json\/wp\/v2\/product\/6886\/revisions"}],"predecessor-version":[{"id":6887,"href":"https:\/\/sirkussirkus.com\/kauppa\/wp-json\/wp\/v2\/product\/6886\/revisions\/6887"}],"wp:featuredmedia":[{"embeddable":true,"href":"https:\/\/sirkussirkus.com\/kauppa\/wp-json\/wp\/v2\/media\/6888"}],"wp:attachment":[{"href":"https:\/\/sirkussirkus.com\/kauppa\/wp-json\/wp\/v2\/media?parent=6886"}],"wp:term":[{"taxonomy":"product_brand","embeddable":true,"href":"https:\/\/sirkussirkus.com\/kauppa\/wp-json\/wp\/v2\/product_brand?post=6886"},{"taxonomy":"product_cat","embeddable":true,"href":"https:\/\/sirkussirkus.com\/kauppa\/wp-json\/wp\/v2\/product_cat?post=6886"},{"taxonomy":"product_tag","embeddable":true,"href":"https:\/\/sirkussirkus.com\/kauppa\/wp-json\/wp\/v2\/product_tag?post=6886"}],"curies":[{"name":"wp","href":"https:\/\/api.w.org\/{rel}","templated":true}]}}