{"id":6842,"date":"2023-05-30T19:22:50","date_gmt":"2023-05-30T19:22:50","guid":{"rendered":"https:\/\/sirkussirkus.com\/kauppa\/?post_type=product&#038;p=6842"},"modified":"2024-02-15T21:50:43","modified_gmt":"2024-02-15T21:50:43","slug":"firetoys-taitettava-alastulopatja","status":"publish","type":"product","link":"https:\/\/sirkussirkus.com\/kauppa\/product\/firetoys-taitettava-alastulopatja\/","title":{"rendered":"Firetoys &#8211; Taitettava alastulopatja"},"content":{"rendered":"<p>Taitettava laadukas ja kest\u00e4v\u00e4 alastulopatja esim. ilma-akrobatian harjoitteluun. Pintamateriaalina vahva ja tulta hylkiv\u00e4 PVC. Patjan sivuilla on taitoskohdassa tarranauhakiinnitteiset vahvistel\u00e4p\u00e4t (katso kuva). Kun patjaan kohdistuu painetta, l\u00e4p\u00e4t pit\u00e4v\u00e4t sen muodossa taitoksesta huolimatta. Kummallakin sivulla my\u00f6s kaksi kantokahvaa.<\/p>\n<p>Patja toimitetaan vakuumipakattuna. Se menee vakuumipakattuna huomattavasti pienemp\u00e4\u00e4n tilaan!<\/p>\n<p>HUOM! kun avaat patjat vakuumista, anna niiden kasvaa muotoonsa v\u00e4hint\u00e4\u00e4n 36 tuntia ennen ensimm\u00e4ist\u00e4 k\u00e4ytt\u00f6\u00e4!<\/p>\n<p>Mitat avattuna cm &#8211; 200 x 120 x 20<br \/>\nMitat taitettuna cm &#8211; 100 x 120 x 40<br \/>\nToimitus (vakuumi) cm &#8211; 104 x 54 x 22<br \/>\nPaino 22kg<\/p>\n","protected":false},"excerpt":{"rendered":"<p>Taitettava laadukas ja kest\u00e4v\u00e4 alastulopatja esim. ilma-akrobatian harjoitteluun. Pintamateriaalina vahva ja tulta hylkiv\u00e4 PVC. Patjan sivuilla on taitoskohdassa tarranauhakiinnitteiset vahvistel\u00e4p\u00e4t (katso kuva). Kun patjaan kohdistuu painetta, l\u00e4p\u00e4t pit\u00e4v\u00e4t sen muodossa taitoksesta huolimatta. Kummallakin sivulla my\u00f6s kaksi kantokahvaa. Patja toimitetaan vakuumipakattuna. Se menee vakuumipakattuna huomattavasti pienemp\u00e4\u00e4n tilaan! HUOM! kun avaat patjat vakuumista, anna niiden kasvaa muotoonsa [&hellip;]<\/p>\n","protected":false},"featured_media":6844,"template":"","meta":{"site-sidebar-layout":"default","site-content-layout":"default","ast-site-content-layout":"default","site-content-style":"default","site-sidebar-style":"default","ast-global-header-display":"","ast-banner-title-visibility":"","ast-main-header-display":"","ast-hfb-above-header-display":"","ast-hfb-below-header-display":"","ast-hfb-mobile-header-display":"","site-post-title":"","ast-breadcrumbs-content":"","ast-featured-img":"","footer-sml-layout":"","theme-transparent-header-meta":"default","adv-header-id-meta":"","stick-header-meta":"","header-above-stick-meta":"","header-main-stick-meta":"","header-below-stick-meta":"","astra-migrate-meta-layouts":"default","ast-page-background-enabled":"default","ast-page-background-meta":{"desktop":{"background-color":"","background-image":"","background-repeat":"repeat","background-position":"center center","background-size":"auto","background-attachment":"scroll","background-type":"","background-media":"","overlay-type":"","overlay-color":"","overlay-opacity":"","overlay-gradient":""},"tablet":{"background-color":"","background-image":"","background-repeat":"repeat","background-position":"center center","background-size":"auto","background-attachment":"scroll","background-type":"","background-media":"","overlay-type":"","overlay-color":"","overlay-opacity":"","overlay-gradient":""},"mobile":{"background-color":"","background-image":"","background-repeat":"repeat","background-position":"center center","background-size":"auto","background-attachment":"scroll","background-type":"","background-media":"","overlay-type":"","overlay-color":"","overlay-opacity":"","overlay-gradient":""}},"ast-content-background-meta":{"desktop":{"background-color":"var(--ast-global-color-5)","background-image":"","background-repeat":"repeat","background-position":"center center","background-size":"auto","background-attachment":"scroll","background-type":"","background-media":"","overlay-type":"","overlay-color":"","overlay-opacity":"","overlay-gradient":""},"tablet":{"background-color":"var(--ast-global-color-5)","background-image":"","background-repeat":"repeat","background-position":"center center","background-size":"auto","background-attachment":"scroll","background-type":"","background-media":"","overlay-type":"","overlay-color":"","overlay-opacity":"","overlay-gradient":""},"mobile":{"background-color":"var(--ast-global-color-5)","background-image":"","background-repeat":"repeat","background-position":"center center","background-size":"auto","background-attachment":"scroll","background-type":"","background-media":"","overlay-type":"","overlay-color":"","overlay-opacity":"","overlay-gradient":""}}},"product_brand":[],"product_cat":[760,119],"product_tag":[763,764,184,761,762,765],"class_list":{"0":"post-6842","1":"product","2":"type-product","3":"status-publish","4":"has-post-thumbnail","6":"product_cat-patjat","7":"product_cat-ripustus","8":"product_tag-alastulo","9":"product_tag-alastulopatja","10":"product_tag-firetoys","11":"product_tag-patja","12":"product_tag-patjat","13":"product_tag-turvallisuus","14":"desktop-align-center","15":"tablet-align-left","16":"mobile-align-left","18":"first","19":"outofstock","20":"taxable","21":"shipping-taxable","22":"purchasable","23":"product-type-simple"},"_links":{"self":[{"href":"https:\/\/sirkussirkus.com\/kauppa\/wp-json\/wp\/v2\/product\/6842","targetHints":{"allow":["GET"]}}],"collection":[{"href":"https:\/\/sirkussirkus.com\/kauppa\/wp-json\/wp\/v2\/product"}],"about":[{"href":"https:\/\/sirkussirkus.com\/kauppa\/wp-json\/wp\/v2\/types\/product"}],"version-history":[{"count":3,"href":"https:\/\/sirkussirkus.com\/kauppa\/wp-json\/wp\/v2\/product\/6842\/revisions"}],"predecessor-version":[{"id":6866,"href":"https:\/\/sirkussirkus.com\/kauppa\/wp-json\/wp\/v2\/product\/6842\/revisions\/6866"}],"wp:featuredmedia":[{"embeddable":true,"href":"https:\/\/sirkussirkus.com\/kauppa\/wp-json\/wp\/v2\/media\/6844"}],"wp:attachment":[{"href":"https:\/\/sirkussirkus.com\/kauppa\/wp-json\/wp\/v2\/media?parent=6842"}],"wp:term":[{"taxonomy":"product_brand","embeddable":true,"href":"https:\/\/sirkussirkus.com\/kauppa\/wp-json\/wp\/v2\/product_brand?post=6842"},{"taxonomy":"product_cat","embeddable":true,"href":"https:\/\/sirkussirkus.com\/kauppa\/wp-json\/wp\/v2\/product_cat?post=6842"},{"taxonomy":"product_tag","embeddable":true,"href":"https:\/\/sirkussirkus.com\/kauppa\/wp-json\/wp\/v2\/product_tag?post=6842"}],"curies":[{"name":"wp","href":"https:\/\/api.w.org\/{rel}","templated":true}]}}