{"id":6830,"date":"2023-05-30T14:46:56","date_gmt":"2023-05-30T14:46:56","guid":{"rendered":"https:\/\/sirkussirkus.com\/kauppa\/?post_type=product&#038;p=6830"},"modified":"2023-05-30T14:46:57","modified_gmt":"2023-05-30T14:46:57","slug":"prodigy-ilma-akrobatiaverkko","status":"publish","type":"product","link":"https:\/\/sirkussirkus.com\/kauppa\/product\/prodigy-ilma-akrobatiaverkko\/","title":{"rendered":"Prodigy Ilma-akrobatiaverkko"},"content":{"rendered":"<p>2000-luvun uusimpiin ilma-akrobatiav\u00e4lineisiin kuuluva ilma-akrobatiaverkko on n\u00e4ytt\u00e4v\u00e4 ja erikoinen. Verkon ominaisuudet mahdollistavat erilaisten muiden ilma-akrobatiav\u00e4lineiden tekniikkojen yhdistelyn luoden visuaalisesti jotain aivan erilaista.<\/p>\n<p>Kest\u00e4v\u00e4 verkko on valmistettu polypropeenista ja sen p\u00e4\u00e4dyt on vahvistettu dyneemalla. Verkko ripustetaan vastakkaisista kulmista. Aukinaisena verkossa voi esitt\u00e4\u00e4 muun muassa notkeusliikkeit\u00e4 ja kasaan vedettyn\u00e4 verkko toimii samalla tavalla kuin kangaslenkki tai ns. yoga-riippumatto. Sukkien k\u00e4ytt\u00f6 on suositeltavaa, jotta varpaat eiv\u00e4t sotkeentuisi niin helpolla verkkoon. Valmistettu ja testattu Englannissa.<\/p>\n<p>Koko: 2,4m x 2,4m<br \/>\nTy\u00f6skentelypainoraja: 170kg<br \/>\nMurtumispainoraja: 1800kg<\/p>\n","protected":false},"excerpt":{"rendered":"<p>2000-luvun uusimpiin ilma-akrobatiav\u00e4lineisiin kuuluva ilma-akrobatiaverkko on n\u00e4ytt\u00e4v\u00e4 ja erikoinen. Verkon ominaisuudet mahdollistavat erilaisten muiden ilma-akrobatiav\u00e4lineiden tekniikkojen yhdistelyn luoden visuaalisesti jotain aivan erilaista. Kest\u00e4v\u00e4 verkko on valmistettu polypropeenista ja sen p\u00e4\u00e4dyt on vahvistettu dyneemalla. Verkko ripustetaan vastakkaisista kulmista. Aukinaisena verkossa voi esitt\u00e4\u00e4 muun muassa notkeusliikkeit\u00e4 ja kasaan vedettyn\u00e4 verkko toimii samalla tavalla kuin kangaslenkki tai ns. [&hellip;]<\/p>\n","protected":false},"featured_media":6833,"template":"","meta":{"site-sidebar-layout":"default","site-content-layout":"default","ast-site-content-layout":"default","site-content-style":"default","site-sidebar-style":"default","ast-global-header-display":"","ast-banner-title-visibility":"","ast-main-header-display":"","ast-hfb-above-header-display":"","ast-hfb-below-header-display":"","ast-hfb-mobile-header-display":"","site-post-title":"","ast-breadcrumbs-content":"","ast-featured-img":"","footer-sml-layout":"","theme-transparent-header-meta":"default","adv-header-id-meta":"","stick-header-meta":"","header-above-stick-meta":"","header-main-stick-meta":"","header-below-stick-meta":"","astra-migrate-meta-layouts":"default","ast-page-background-enabled":"default","ast-page-background-meta":{"desktop":{"background-color":"","background-image":"","background-repeat":"repeat","background-position":"center center","background-size":"auto","background-attachment":"scroll","background-type":"","background-media":"","overlay-type":"","overlay-color":"","overlay-opacity":"","overlay-gradient":""},"tablet":{"background-color":"","background-image":"","background-repeat":"repeat","background-position":"center center","background-size":"auto","background-attachment":"scroll","background-type":"","background-media":"","overlay-type":"","overlay-color":"","overlay-opacity":"","overlay-gradient":""},"mobile":{"background-color":"","background-image":"","background-repeat":"repeat","background-position":"center center","background-size":"auto","background-attachment":"scroll","background-type":"","background-media":"","overlay-type":"","overlay-color":"","overlay-opacity":"","overlay-gradient":""}},"ast-content-background-meta":{"desktop":{"background-color":"var(--ast-global-color-5)","background-image":"","background-repeat":"repeat","background-position":"center center","background-size":"auto","background-attachment":"scroll","background-type":"","background-media":"","overlay-type":"","overlay-color":"","overlay-opacity":"","overlay-gradient":""},"tablet":{"background-color":"var(--ast-global-color-5)","background-image":"","background-repeat":"repeat","background-position":"center center","background-size":"auto","background-attachment":"scroll","background-type":"","background-media":"","overlay-type":"","overlay-color":"","overlay-opacity":"","overlay-gradient":""},"mobile":{"background-color":"var(--ast-global-color-5)","background-image":"","background-repeat":"repeat","background-position":"center center","background-size":"auto","background-attachment":"scroll","background-type":"","background-media":"","overlay-type":"","overlay-color":"","overlay-opacity":"","overlay-gradient":""}}},"product_brand":[],"product_cat":[677,759],"product_tag":[],"class_list":{"0":"post-6830","1":"product","2":"type-product","3":"status-publish","4":"has-post-thumbnail","6":"product_cat-uutuudet","7":"product_cat-verkot","8":"desktop-align-center","9":"tablet-align-left","10":"mobile-align-left","12":"first","13":"instock","14":"taxable","15":"shipping-taxable","16":"purchasable","17":"product-type-variable"},"_links":{"self":[{"href":"https:\/\/sirkussirkus.com\/kauppa\/wp-json\/wp\/v2\/product\/6830","targetHints":{"allow":["GET"]}}],"collection":[{"href":"https:\/\/sirkussirkus.com\/kauppa\/wp-json\/wp\/v2\/product"}],"about":[{"href":"https:\/\/sirkussirkus.com\/kauppa\/wp-json\/wp\/v2\/types\/product"}],"version-history":[{"count":1,"href":"https:\/\/sirkussirkus.com\/kauppa\/wp-json\/wp\/v2\/product\/6830\/revisions"}],"predecessor-version":[{"id":6841,"href":"https:\/\/sirkussirkus.com\/kauppa\/wp-json\/wp\/v2\/product\/6830\/revisions\/6841"}],"wp:featuredmedia":[{"embeddable":true,"href":"https:\/\/sirkussirkus.com\/kauppa\/wp-json\/wp\/v2\/media\/6833"}],"wp:attachment":[{"href":"https:\/\/sirkussirkus.com\/kauppa\/wp-json\/wp\/v2\/media?parent=6830"}],"wp:term":[{"taxonomy":"product_brand","embeddable":true,"href":"https:\/\/sirkussirkus.com\/kauppa\/wp-json\/wp\/v2\/product_brand?post=6830"},{"taxonomy":"product_cat","embeddable":true,"href":"https:\/\/sirkussirkus.com\/kauppa\/wp-json\/wp\/v2\/product_cat?post=6830"},{"taxonomy":"product_tag","embeddable":true,"href":"https:\/\/sirkussirkus.com\/kauppa\/wp-json\/wp\/v2\/product_tag?post=6830"}],"curies":[{"name":"wp","href":"https:\/\/api.w.org\/{rel}","templated":true}]}}