{"id":6483,"date":"2023-04-28T09:45:51","date_gmt":"2023-04-28T09:45:51","guid":{"rendered":"https:\/\/sirkussirkus.com\/kauppa\/?post_type=product&#038;p=6483"},"modified":"2025-05-24T07:32:41","modified_gmt":"2025-05-24T07:32:41","slug":"sirkussirkus-kasillaseisontapalikat-pari","status":"publish","type":"product","link":"https:\/\/sirkussirkus.com\/kauppa\/product\/sirkussirkus-kasillaseisontapalikat-pari\/","title":{"rendered":"Sirkussirkus K\u00e4sill\u00e4seisontapalikat (pari)"},"content":{"rendered":"<p>Beno\u00eet Fauchier valmistaa k\u00e4sin Ranskassa hienostuneita k\u00e4sill\u00e4seisontapalikoita. Palikat ovat tehty laadukkaasta ohuesta vanerilevyst\u00e4 ja ne ovat onttoja. Keskelt\u00e4 palikkaa tukee vahva tukipilari. Onttouden ansiosta yhden palikan paino on vain noin 110 grammaa! Kevyt ja kest\u00e4v\u00e4. Kaikki mit\u00e4 voit haluta k\u00e4sill\u00e4seisontapalkalta. Logo laserkaiverrettu<\/p>\n<p>Hintaan sis\u00e4ltyy kaksi palikkaa. Myyd\u00e4\u00e4n vain pareittain.<br \/>\nMitat: 135mm \/ 99mm \/ 49mm<br \/>\nPaino: noin 110g \/ kpl<\/p>\n","protected":false},"excerpt":{"rendered":"<p>Beno\u00eet Fauchier valmistaa k\u00e4sin Ranskassa hienostuneita k\u00e4sill\u00e4seisontapalikoita. Palikat ovat tehty laadukkaasta ohuesta vanerilevyst\u00e4 ja ne ovat onttoja. Keskelt\u00e4 palikkaa tukee vahva tukipilari. Onttouden ansiosta yhden palikan paino on vain noin 110 grammaa! Kevyt ja kest\u00e4v\u00e4. Kaikki mit\u00e4 voit haluta k\u00e4sill\u00e4seisontapalkalta. Logo laserkaiverrettu Hintaan sis\u00e4ltyy kaksi palikkaa. Myyd\u00e4\u00e4n vain pareittain. Mitat: 135mm \/ 99mm \/ 49mm [&hellip;]<\/p>\n","protected":false},"featured_media":6485,"template":"","meta":{"site-sidebar-layout":"default","site-content-layout":"default","ast-site-content-layout":"default","site-content-style":"default","site-sidebar-style":"default","ast-global-header-display":"","ast-banner-title-visibility":"","ast-main-header-display":"","ast-hfb-above-header-display":"","ast-hfb-below-header-display":"","ast-hfb-mobile-header-display":"","site-post-title":"","ast-breadcrumbs-content":"","ast-featured-img":"","footer-sml-layout":"","theme-transparent-header-meta":"default","adv-header-id-meta":"","stick-header-meta":"","header-above-stick-meta":"","header-main-stick-meta":"","header-below-stick-meta":"","astra-migrate-meta-layouts":"default","ast-page-background-enabled":"default","ast-page-background-meta":{"desktop":{"background-color":"","background-image":"","background-repeat":"repeat","background-position":"center center","background-size":"auto","background-attachment":"scroll","background-type":"","background-media":"","overlay-type":"","overlay-color":"","overlay-opacity":"","overlay-gradient":""},"tablet":{"background-color":"","background-image":"","background-repeat":"repeat","background-position":"center center","background-size":"auto","background-attachment":"scroll","background-type":"","background-media":"","overlay-type":"","overlay-color":"","overlay-opacity":"","overlay-gradient":""},"mobile":{"background-color":"","background-image":"","background-repeat":"repeat","background-position":"center center","background-size":"auto","background-attachment":"scroll","background-type":"","background-media":"","overlay-type":"","overlay-color":"","overlay-opacity":"","overlay-gradient":""}},"ast-content-background-meta":{"desktop":{"background-color":"var(--ast-global-color-5)","background-image":"","background-repeat":"repeat","background-position":"center center","background-size":"auto","background-attachment":"scroll","background-type":"","background-media":"","overlay-type":"","overlay-color":"","overlay-opacity":"","overlay-gradient":""},"tablet":{"background-color":"var(--ast-global-color-5)","background-image":"","background-repeat":"repeat","background-position":"center center","background-size":"auto","background-attachment":"scroll","background-type":"","background-media":"","overlay-type":"","overlay-color":"","overlay-opacity":"","overlay-gradient":""},"mobile":{"background-color":"var(--ast-global-color-5)","background-image":"","background-repeat":"repeat","background-position":"center center","background-size":"auto","background-attachment":"scroll","background-type":"","background-media":"","overlay-type":"","overlay-color":"","overlay-opacity":"","overlay-gradient":""}}},"product_brand":[],"product_cat":[693,677],"product_tag":[164,647,696,699,751,85],"class_list":{"0":"post-6483","1":"product","2":"type-product","3":"status-publish","4":"has-post-thumbnail","6":"product_cat-handstand","7":"product_cat-uutuudet","8":"product_tag-akrobatia","9":"product_tag-harjoittelu","10":"product_tag-kasillaseisonta","11":"product_tag-palikat","12":"product_tag-palikka","13":"product_tag-tasapaino","14":"desktop-align-center","15":"tablet-align-left","16":"mobile-align-left","18":"first","19":"outofstock","20":"sale","21":"taxable","22":"shipping-taxable","23":"purchasable","24":"product-type-simple"},"_links":{"self":[{"href":"https:\/\/sirkussirkus.com\/kauppa\/wp-json\/wp\/v2\/product\/6483","targetHints":{"allow":["GET"]}}],"collection":[{"href":"https:\/\/sirkussirkus.com\/kauppa\/wp-json\/wp\/v2\/product"}],"about":[{"href":"https:\/\/sirkussirkus.com\/kauppa\/wp-json\/wp\/v2\/types\/product"}],"version-history":[{"count":1,"href":"https:\/\/sirkussirkus.com\/kauppa\/wp-json\/wp\/v2\/product\/6483\/revisions"}],"predecessor-version":[{"id":6487,"href":"https:\/\/sirkussirkus.com\/kauppa\/wp-json\/wp\/v2\/product\/6483\/revisions\/6487"}],"wp:featuredmedia":[{"embeddable":true,"href":"https:\/\/sirkussirkus.com\/kauppa\/wp-json\/wp\/v2\/media\/6485"}],"wp:attachment":[{"href":"https:\/\/sirkussirkus.com\/kauppa\/wp-json\/wp\/v2\/media?parent=6483"}],"wp:term":[{"taxonomy":"product_brand","embeddable":true,"href":"https:\/\/sirkussirkus.com\/kauppa\/wp-json\/wp\/v2\/product_brand?post=6483"},{"taxonomy":"product_cat","embeddable":true,"href":"https:\/\/sirkussirkus.com\/kauppa\/wp-json\/wp\/v2\/product_cat?post=6483"},{"taxonomy":"product_tag","embeddable":true,"href":"https:\/\/sirkussirkus.com\/kauppa\/wp-json\/wp\/v2\/product_tag?post=6483"}],"curies":[{"name":"wp","href":"https:\/\/api.w.org\/{rel}","templated":true}]}}