{"id":6260,"date":"2022-10-24T10:46:05","date_gmt":"2022-10-24T10:46:05","guid":{"rendered":"https:\/\/sirkussirkus.com\/kauppa\/?post_type=product&#038;p=6260"},"modified":"2026-03-30T09:26:50","modified_gmt":"2026-03-30T09:26:50","slug":"led-valosarja-hurricane-diaboloon","status":"publish","type":"product","link":"https:\/\/sirkussirkus.com\/kauppa\/product\/led-valosarja-hurricane-diaboloon\/","title":{"rendered":"LED-valosarja diaboloon"},"content":{"rendered":"<p>Edullinen ja n\u00e4ytt\u00e4v\u00e4 LED-valosarja diaboloon.<br \/>\nSopii Hurricane ja Typhoon -malleihin.<br \/>\nPaketissa valolevy kummallekin puolelle.<br \/>\nParistot sis\u00e4ltyv\u00e4t pakkaukseen.<br \/>\nHUOM! Ei sis\u00e4ll\u00e4 diaboloa.<\/p>\n<p>Asennus: Diabolon akselista otetaan mutteri pois ja tilalle asennetaan LED-valosarjan levy. Levyss\u00e4 on oma mutteri. Sama tehd\u00e4\u00e4n diabolon toiselle puolelle, jotta tasapaino s\u00e4ilyy. Pakkauksessa on kaksi valolevy\u00e4. Mukana tulee kaksi eri kokoista mutteria. Jos diabolon akseli onkin ohuempi, voi mutterin vaihtaa levyn avaamalla. T\u00e4h\u00e4n tarvitaan pieni ter\u00e4v\u00e4k\u00e4rkinen t\u00e4htip\u00e4\u00e4ruuvimeisseli.<\/p>\n<p>Paristojen vaihto onnistuu avaamalla levy pienell\u00e4 t\u00e4htip\u00e4\u00e4ruuvimeisselill\u00e4.<\/p>\n","protected":false},"excerpt":{"rendered":"<p>Edullinen ja n\u00e4ytt\u00e4v\u00e4 LED-valosarja diaboloon. Sopii Hurricane ja Typhoon -malleihin. Paketissa valolevy kummallekin puolelle. Paristot sis\u00e4ltyv\u00e4t pakkaukseen. HUOM! Ei sis\u00e4ll\u00e4 diaboloa. Asennus: Diabolon akselista otetaan mutteri pois ja tilalle asennetaan LED-valosarjan levy. Levyss\u00e4 on oma mutteri. Sama tehd\u00e4\u00e4n diabolon toiselle puolelle, jotta tasapaino s\u00e4ilyy. Pakkauksessa on kaksi valolevy\u00e4. Mukana tulee kaksi eri kokoista mutteria. Jos [&hellip;]<\/p>\n","protected":false},"featured_media":6262,"template":"","meta":{"site-sidebar-layout":"default","site-content-layout":"default","ast-site-content-layout":"default","site-content-style":"default","site-sidebar-style":"default","ast-global-header-display":"","ast-banner-title-visibility":"","ast-main-header-display":"","ast-hfb-above-header-display":"","ast-hfb-below-header-display":"","ast-hfb-mobile-header-display":"","site-post-title":"","ast-breadcrumbs-content":"","ast-featured-img":"","footer-sml-layout":"","theme-transparent-header-meta":"default","adv-header-id-meta":"","stick-header-meta":"","header-above-stick-meta":"","header-main-stick-meta":"","header-below-stick-meta":"","astra-migrate-meta-layouts":"set","ast-page-background-enabled":"default","ast-page-background-meta":{"desktop":{"background-color":"","background-image":"","background-repeat":"repeat","background-position":"center center","background-size":"auto","background-attachment":"scroll","background-type":"","background-media":"","overlay-type":"","overlay-color":"","overlay-opacity":"","overlay-gradient":""},"tablet":{"background-color":"","background-image":"","background-repeat":"repeat","background-position":"center center","background-size":"auto","background-attachment":"scroll","background-type":"","background-media":"","overlay-type":"","overlay-color":"","overlay-opacity":"","overlay-gradient":""},"mobile":{"background-color":"","background-image":"","background-repeat":"repeat","background-position":"center center","background-size":"auto","background-attachment":"scroll","background-type":"","background-media":"","overlay-type":"","overlay-color":"","overlay-opacity":"","overlay-gradient":""}},"ast-content-background-meta":{"desktop":{"background-color":"var(--ast-global-color-5)","background-image":"","background-repeat":"repeat","background-position":"center center","background-size":"auto","background-attachment":"scroll","background-type":"","background-media":"","overlay-type":"","overlay-color":"","overlay-opacity":"","overlay-gradient":""},"tablet":{"background-color":"var(--ast-global-color-5)","background-image":"","background-repeat":"repeat","background-position":"center center","background-size":"auto","background-attachment":"scroll","background-type":"","background-media":"","overlay-type":"","overlay-color":"","overlay-opacity":"","overlay-gradient":""},"mobile":{"background-color":"var(--ast-global-color-5)","background-image":"","background-repeat":"repeat","background-position":"center center","background-size":"auto","background-attachment":"scroll","background-type":"","background-media":"","overlay-type":"","overlay-color":"","overlay-opacity":"","overlay-gradient":""}}},"product_brand":[],"product_cat":[71,452],"product_tag":[],"class_list":{"0":"post-6260","1":"product","2":"type-product","3":"status-publish","4":"has-post-thumbnail","6":"product_cat-diabolo","7":"product_cat-led-valineet","8":"desktop-align-center","9":"tablet-align-left","10":"mobile-align-left","12":"first","13":"instock","14":"taxable","15":"shipping-taxable","16":"purchasable","17":"product-type-simple"},"_links":{"self":[{"href":"https:\/\/sirkussirkus.com\/kauppa\/wp-json\/wp\/v2\/product\/6260","targetHints":{"allow":["GET"]}}],"collection":[{"href":"https:\/\/sirkussirkus.com\/kauppa\/wp-json\/wp\/v2\/product"}],"about":[{"href":"https:\/\/sirkussirkus.com\/kauppa\/wp-json\/wp\/v2\/types\/product"}],"version-history":[{"count":8,"href":"https:\/\/sirkussirkus.com\/kauppa\/wp-json\/wp\/v2\/product\/6260\/revisions"}],"predecessor-version":[{"id":8919,"href":"https:\/\/sirkussirkus.com\/kauppa\/wp-json\/wp\/v2\/product\/6260\/revisions\/8919"}],"wp:featuredmedia":[{"embeddable":true,"href":"https:\/\/sirkussirkus.com\/kauppa\/wp-json\/wp\/v2\/media\/6262"}],"wp:attachment":[{"href":"https:\/\/sirkussirkus.com\/kauppa\/wp-json\/wp\/v2\/media?parent=6260"}],"wp:term":[{"taxonomy":"product_brand","embeddable":true,"href":"https:\/\/sirkussirkus.com\/kauppa\/wp-json\/wp\/v2\/product_brand?post=6260"},{"taxonomy":"product_cat","embeddable":true,"href":"https:\/\/sirkussirkus.com\/kauppa\/wp-json\/wp\/v2\/product_cat?post=6260"},{"taxonomy":"product_tag","embeddable":true,"href":"https:\/\/sirkussirkus.com\/kauppa\/wp-json\/wp\/v2\/product_tag?post=6260"}],"curies":[{"name":"wp","href":"https:\/\/api.w.org\/{rel}","templated":true}]}}