{"id":6227,"date":"2016-08-18T07:15:23","date_gmt":"2016-08-18T07:15:23","guid":{"rendered":"https:\/\/sirkussirkus.com\/kauppa\/?post_type=product&#038;p=6227"},"modified":"2025-10-05T16:33:12","modified_gmt":"2025-10-05T16:33:12","slug":"krom-kendamex","status":"publish","type":"product","link":"https:\/\/sirkussirkus.com\/kauppa\/product\/krom-kendamex\/","title":{"rendered":"KROM Kendamex M\u00e1skara"},"content":{"rendered":"<p><span style=\"font-weight: 400;\">Kendamex M\u00e1skara -mallin kuvionnin innoittajana ovat toimineet Meksikolainen paini ja paikalliset paininaamiot. Lopputuloksena on persoonallinen ja hauska Kendama, jonka mukana tulee kokoelma upeita tarroja.<\/span><\/p>\n<p><span style=\"font-weight: 400;\">Ominaisuudet:<br \/>\n<\/span><span style=\"font-weight: 400;\">KROM AK -muoto Keniss\u00e4<br \/>\n61mm Tama<br \/>\nMateriaalina kest\u00e4v\u00e4 py\u00f6kki<br \/>\nLaserkaiverretut logot yl\u00e4kuppien reunoissa<br \/>\nKrom LOL Clear -maali Tamassa<br \/>\nMusta naru ja minilaakeri<\/span><\/p>\n<p><span style=\"font-weight: 400;\">Design by KENDAMEX crew<\/span><\/p>\n","protected":false},"excerpt":{"rendered":"<p>Kendamex M\u00e1skara -mallin kuvionnin innoittajana ovat toimineet Meksikolainen paini ja paikalliset paininaamiot. Lopputuloksena on persoonallinen ja hauska Kendama, jonka mukana tulee kokoelma upeita tarroja. Ominaisuudet: KROM AK -muoto Keniss\u00e4 61mm Tama Materiaalina kest\u00e4v\u00e4 py\u00f6kki Laserkaiverretut logot yl\u00e4kuppien reunoissa Krom LOL Clear -maali Tamassa Musta naru ja minilaakeri Design by KENDAMEX crew<\/p>\n","protected":false},"featured_media":6228,"template":"","meta":{"site-sidebar-layout":"default","site-content-layout":"default","ast-site-content-layout":"default","site-content-style":"default","site-sidebar-style":"default","ast-global-header-display":"","ast-banner-title-visibility":"","ast-main-header-display":"","ast-hfb-above-header-display":"","ast-hfb-below-header-display":"","ast-hfb-mobile-header-display":"","site-post-title":"","ast-breadcrumbs-content":"","ast-featured-img":"","footer-sml-layout":"","theme-transparent-header-meta":"default","adv-header-id-meta":"","stick-header-meta":"","header-above-stick-meta":"","header-main-stick-meta":"","header-below-stick-meta":"","astra-migrate-meta-layouts":"set","ast-page-background-enabled":"default","ast-page-background-meta":{"desktop":{"background-color":"","background-image":"","background-repeat":"repeat","background-position":"center center","background-size":"auto","background-attachment":"scroll","background-type":"","background-media":"","overlay-type":"","overlay-color":"","overlay-opacity":"","overlay-gradient":""},"tablet":{"background-color":"","background-image":"","background-repeat":"repeat","background-position":"center center","background-size":"auto","background-attachment":"scroll","background-type":"","background-media":"","overlay-type":"","overlay-color":"","overlay-opacity":"","overlay-gradient":""},"mobile":{"background-color":"","background-image":"","background-repeat":"repeat","background-position":"center center","background-size":"auto","background-attachment":"scroll","background-type":"","background-media":"","overlay-type":"","overlay-color":"","overlay-opacity":"","overlay-gradient":""}},"ast-content-background-meta":{"desktop":{"background-color":"var(--ast-global-color-5)","background-image":"","background-repeat":"repeat","background-position":"center center","background-size":"auto","background-attachment":"scroll","background-type":"","background-media":"","overlay-type":"","overlay-color":"","overlay-opacity":"","overlay-gradient":""},"tablet":{"background-color":"var(--ast-global-color-5)","background-image":"","background-repeat":"repeat","background-position":"center center","background-size":"auto","background-attachment":"scroll","background-type":"","background-media":"","overlay-type":"","overlay-color":"","overlay-opacity":"","overlay-gradient":""},"mobile":{"background-color":"var(--ast-global-color-5)","background-image":"","background-repeat":"repeat","background-position":"center center","background-size":"auto","background-attachment":"scroll","background-type":"","background-media":"","overlay-type":"","overlay-color":"","overlay-opacity":"","overlay-gradient":""}}},"product_brand":[],"product_cat":[75],"product_tag":[146,740,277,743,744,741,286,731,742],"class_list":{"0":"post-6227","1":"product","2":"type-product","3":"status-publish","4":"has-post-thumbnail","6":"product_cat-kendama","7":"product_tag-kendama","8":"product_tag-kendamex","9":"product_tag-krom","10":"product_tag-mask","11":"product_tag-maskara","12":"product_tag-mexican","13":"product_tag-mod","14":"product_tag-model","15":"product_tag-wrestling","16":"desktop-align-center","17":"tablet-align-left","18":"mobile-align-left","20":"first","21":"outofstock","22":"taxable","23":"shipping-taxable","24":"purchasable","25":"product-type-simple"},"_links":{"self":[{"href":"https:\/\/sirkussirkus.com\/kauppa\/wp-json\/wp\/v2\/product\/6227","targetHints":{"allow":["GET"]}}],"collection":[{"href":"https:\/\/sirkussirkus.com\/kauppa\/wp-json\/wp\/v2\/product"}],"about":[{"href":"https:\/\/sirkussirkus.com\/kauppa\/wp-json\/wp\/v2\/types\/product"}],"version-history":[{"count":2,"href":"https:\/\/sirkussirkus.com\/kauppa\/wp-json\/wp\/v2\/product\/6227\/revisions"}],"predecessor-version":[{"id":8577,"href":"https:\/\/sirkussirkus.com\/kauppa\/wp-json\/wp\/v2\/product\/6227\/revisions\/8577"}],"wp:featuredmedia":[{"embeddable":true,"href":"https:\/\/sirkussirkus.com\/kauppa\/wp-json\/wp\/v2\/media\/6228"}],"wp:attachment":[{"href":"https:\/\/sirkussirkus.com\/kauppa\/wp-json\/wp\/v2\/media?parent=6227"}],"wp:term":[{"taxonomy":"product_brand","embeddable":true,"href":"https:\/\/sirkussirkus.com\/kauppa\/wp-json\/wp\/v2\/product_brand?post=6227"},{"taxonomy":"product_cat","embeddable":true,"href":"https:\/\/sirkussirkus.com\/kauppa\/wp-json\/wp\/v2\/product_cat?post=6227"},{"taxonomy":"product_tag","embeddable":true,"href":"https:\/\/sirkussirkus.com\/kauppa\/wp-json\/wp\/v2\/product_tag?post=6227"}],"curies":[{"name":"wp","href":"https:\/\/api.w.org\/{rel}","templated":true}]}}