{"id":6224,"date":"2016-10-18T10:00:01","date_gmt":"2016-10-18T10:00:01","guid":{"rendered":"https:\/\/sirkussirkus.com\/kauppa\/?post_type=product&#038;p=6224"},"modified":"2025-10-05T16:33:31","modified_gmt":"2025-10-05T16:33:31","slug":"krom-sosohan-cat","status":"publish","type":"product","link":"https:\/\/sirkussirkus.com\/kauppa\/product\/krom-sosohan-cat\/","title":{"rendered":"KROM Sosohan Cat"},"content":{"rendered":"<p>T\u00e4m\u00e4 Kendama on suunniteltu yhteisty\u00f6ss\u00e4 korealaisen artistin Sosohanin kanssa.<\/p>\n<p>Ominaisuudet:<br \/>\nKROM CK-muotoiltu Ken<br \/>\nTahmea KROM LOL -maalipinta Tamassa<br \/>\nKROM WEIGHT MATCH GUARANTEE*<br \/>\nValmistettu kest\u00e4v\u00e4st\u00e4 vaahterapuusta<br \/>\nWarp hole -muotoilu kantakupissa<br \/>\nDraped top scope<br \/>\nMinilaakeri<br \/>\nUlkoasu: SOSOHAN<\/p>\n<p>*KROM WEIGHT MATCH GUARANTEE &#8211; t\u00e4m\u00e4 takaa, ett\u00e4 kaikissa Kendamissa tama on aina korkeintaan 7g painavampi kuin Ken.<\/p>\n","protected":false},"excerpt":{"rendered":"<p>T\u00e4m\u00e4 Kendama on suunniteltu yhteisty\u00f6ss\u00e4 korealaisen artistin Sosohanin kanssa. Ominaisuudet: KROM CK-muotoiltu Ken Tahmea KROM LOL -maalipinta Tamassa KROM WEIGHT MATCH GUARANTEE* Valmistettu kest\u00e4v\u00e4st\u00e4 vaahterapuusta Warp hole -muotoilu kantakupissa Draped top scope Minilaakeri Ulkoasu: SOSOHAN *KROM WEIGHT MATCH GUARANTEE &#8211; t\u00e4m\u00e4 takaa, ett\u00e4 kaikissa Kendamissa tama on aina korkeintaan 7g painavampi kuin Ken.<\/p>\n","protected":false},"featured_media":6222,"template":"","meta":{"site-sidebar-layout":"default","site-content-layout":"default","ast-site-content-layout":"default","site-content-style":"default","site-sidebar-style":"default","ast-global-header-display":"","ast-banner-title-visibility":"","ast-main-header-display":"","ast-hfb-above-header-display":"","ast-hfb-below-header-display":"","ast-hfb-mobile-header-display":"","site-post-title":"","ast-breadcrumbs-content":"","ast-featured-img":"","footer-sml-layout":"","theme-transparent-header-meta":"default","adv-header-id-meta":"","stick-header-meta":"","header-above-stick-meta":"","header-main-stick-meta":"","header-below-stick-meta":"","astra-migrate-meta-layouts":"set","ast-page-background-enabled":"default","ast-page-background-meta":{"desktop":{"background-color":"","background-image":"","background-repeat":"repeat","background-position":"center center","background-size":"auto","background-attachment":"scroll","background-type":"","background-media":"","overlay-type":"","overlay-color":"","overlay-opacity":"","overlay-gradient":""},"tablet":{"background-color":"","background-image":"","background-repeat":"repeat","background-position":"center center","background-size":"auto","background-attachment":"scroll","background-type":"","background-media":"","overlay-type":"","overlay-color":"","overlay-opacity":"","overlay-gradient":""},"mobile":{"background-color":"","background-image":"","background-repeat":"repeat","background-position":"center center","background-size":"auto","background-attachment":"scroll","background-type":"","background-media":"","overlay-type":"","overlay-color":"","overlay-opacity":"","overlay-gradient":""}},"ast-content-background-meta":{"desktop":{"background-color":"var(--ast-global-color-5)","background-image":"","background-repeat":"repeat","background-position":"center center","background-size":"auto","background-attachment":"scroll","background-type":"","background-media":"","overlay-type":"","overlay-color":"","overlay-opacity":"","overlay-gradient":""},"tablet":{"background-color":"var(--ast-global-color-5)","background-image":"","background-repeat":"repeat","background-position":"center center","background-size":"auto","background-attachment":"scroll","background-type":"","background-media":"","overlay-type":"","overlay-color":"","overlay-opacity":"","overlay-gradient":""},"mobile":{"background-color":"var(--ast-global-color-5)","background-image":"","background-repeat":"repeat","background-position":"center center","background-size":"auto","background-attachment":"scroll","background-type":"","background-media":"","overlay-type":"","overlay-color":"","overlay-opacity":"","overlay-gradient":""}}},"product_brand":[],"product_cat":[75,677],"product_tag":[736,146,738,737,734,277,739,286,731,735],"class_list":{"0":"post-6224","1":"product","2":"type-product","3":"status-publish","4":"has-post-thumbnail","6":"product_cat-kendama","7":"product_cat-uutuudet","8":"product_tag-cat","9":"product_tag-kendama","10":"product_tag-kissa","11":"product_tag-kitty","12":"product_tag-korea","13":"product_tag-krom","14":"product_tag-kuu","15":"product_tag-mod","16":"product_tag-model","17":"product_tag-sosohan","18":"desktop-align-center","19":"tablet-align-left","20":"mobile-align-left","22":"first","23":"outofstock","24":"sale","25":"taxable","26":"shipping-taxable","27":"purchasable","28":"product-type-simple"},"_links":{"self":[{"href":"https:\/\/sirkussirkus.com\/kauppa\/wp-json\/wp\/v2\/product\/6224","targetHints":{"allow":["GET"]}}],"collection":[{"href":"https:\/\/sirkussirkus.com\/kauppa\/wp-json\/wp\/v2\/product"}],"about":[{"href":"https:\/\/sirkussirkus.com\/kauppa\/wp-json\/wp\/v2\/types\/product"}],"version-history":[{"count":2,"href":"https:\/\/sirkussirkus.com\/kauppa\/wp-json\/wp\/v2\/product\/6224\/revisions"}],"predecessor-version":[{"id":8576,"href":"https:\/\/sirkussirkus.com\/kauppa\/wp-json\/wp\/v2\/product\/6224\/revisions\/8576"}],"wp:featuredmedia":[{"embeddable":true,"href":"https:\/\/sirkussirkus.com\/kauppa\/wp-json\/wp\/v2\/media\/6222"}],"wp:attachment":[{"href":"https:\/\/sirkussirkus.com\/kauppa\/wp-json\/wp\/v2\/media?parent=6224"}],"wp:term":[{"taxonomy":"product_brand","embeddable":true,"href":"https:\/\/sirkussirkus.com\/kauppa\/wp-json\/wp\/v2\/product_brand?post=6224"},{"taxonomy":"product_cat","embeddable":true,"href":"https:\/\/sirkussirkus.com\/kauppa\/wp-json\/wp\/v2\/product_cat?post=6224"},{"taxonomy":"product_tag","embeddable":true,"href":"https:\/\/sirkussirkus.com\/kauppa\/wp-json\/wp\/v2\/product_tag?post=6224"}],"curies":[{"name":"wp","href":"https:\/\/api.w.org\/{rel}","templated":true}]}}