{"id":6175,"date":"2016-08-19T10:24:51","date_gmt":"2016-08-19T10:24:51","guid":{"rendered":"https:\/\/sirkussirkus.com\/kauppa\/?post_type=product&#038;p=6175"},"modified":"2025-10-05T16:33:22","modified_gmt":"2025-10-05T16:33:22","slug":"krom-jokbert-pro-model","status":"publish","type":"product","link":"https:\/\/sirkussirkus.com\/kauppa\/product\/krom-jokbert-pro-model\/","title":{"rendered":"KROM Jokbert Pro Model"},"content":{"rendered":"<p>Historiallinen ensimm\u00e4inen suomalaisen Kendama-pelaajan nimikkomalli Kromilta. Kyseess\u00e4 on Albert J. Kirvesm\u00e4ki aka Jokbert. Graafikat omaan malliin on selke\u00e4sti innoittanut suomalainen mets\u00e4 ja havupuut.<\/p>\n<p>Ominaisuudet:<br \/>\n2GOOD-muoto vaahterapuisessa Keniss\u00e4.<br \/>\n62mm saarnista tehty Tama, jossa 23,5mm reik\u00e4viiste.<br \/>\nKROM WMG (Weight Match Guarantee)<br \/>\nKROM LOL\u00ae CLEAR -maali Tamassa<br \/>\nUseat painatukset Keniss\u00e4.<br \/>\nMittatilausty\u00f6n\u00e4 tehdyt tarrat ja laatikko<br \/>\nGrafiikoihin sopiva vihre\u00e4 naru<br \/>\nMinilaakeri<br \/>\nMukana varanaru ja varalaakeri<\/p>\n","protected":false},"excerpt":{"rendered":"<p>Historiallinen ensimm\u00e4inen suomalaisen Kendama-pelaajan nimikkomalli Kromilta. Kyseess\u00e4 on Albert J. Kirvesm\u00e4ki aka Jokbert. Graafikat omaan malliin on selke\u00e4sti innoittanut suomalainen mets\u00e4 ja havupuut. Ominaisuudet: 2GOOD-muoto vaahterapuisessa Keniss\u00e4. 62mm saarnista tehty Tama, jossa 23,5mm reik\u00e4viiste. KROM WMG (Weight Match Guarantee) KROM LOL\u00ae CLEAR -maali Tamassa Useat painatukset Keniss\u00e4. Mittatilausty\u00f6n\u00e4 tehdyt tarrat ja laatikko Grafiikoihin sopiva vihre\u00e4 [&hellip;]<\/p>\n","protected":false},"featured_media":6189,"template":"","meta":{"site-sidebar-layout":"default","site-content-layout":"default","ast-site-content-layout":"default","site-content-style":"default","site-sidebar-style":"default","ast-global-header-display":"","ast-banner-title-visibility":"","ast-main-header-display":"","ast-hfb-above-header-display":"","ast-hfb-below-header-display":"","ast-hfb-mobile-header-display":"","site-post-title":"","ast-breadcrumbs-content":"","ast-featured-img":"","footer-sml-layout":"","theme-transparent-header-meta":"default","adv-header-id-meta":"","stick-header-meta":"","header-above-stick-meta":"","header-main-stick-meta":"","header-below-stick-meta":"","astra-migrate-meta-layouts":"set","ast-page-background-enabled":"default","ast-page-background-meta":{"desktop":{"background-color":"","background-image":"","background-repeat":"repeat","background-position":"center center","background-size":"auto","background-attachment":"scroll","background-type":"","background-media":"","overlay-type":"","overlay-color":"","overlay-opacity":"","overlay-gradient":""},"tablet":{"background-color":"","background-image":"","background-repeat":"repeat","background-position":"center center","background-size":"auto","background-attachment":"scroll","background-type":"","background-media":"","overlay-type":"","overlay-color":"","overlay-opacity":"","overlay-gradient":""},"mobile":{"background-color":"","background-image":"","background-repeat":"repeat","background-position":"center center","background-size":"auto","background-attachment":"scroll","background-type":"","background-media":"","overlay-type":"","overlay-color":"","overlay-opacity":"","overlay-gradient":""}},"ast-content-background-meta":{"desktop":{"background-color":"var(--ast-global-color-5)","background-image":"","background-repeat":"repeat","background-position":"center center","background-size":"auto","background-attachment":"scroll","background-type":"","background-media":"","overlay-type":"","overlay-color":"","overlay-opacity":"","overlay-gradient":""},"tablet":{"background-color":"var(--ast-global-color-5)","background-image":"","background-repeat":"repeat","background-position":"center center","background-size":"auto","background-attachment":"scroll","background-type":"","background-media":"","overlay-type":"","overlay-color":"","overlay-opacity":"","overlay-gradient":""},"mobile":{"background-color":"var(--ast-global-color-5)","background-image":"","background-repeat":"repeat","background-position":"center center","background-size":"auto","background-attachment":"scroll","background-type":"","background-media":"","overlay-type":"","overlay-color":"","overlay-opacity":"","overlay-gradient":""}}},"product_brand":[],"product_cat":[75],"product_tag":[726,146,277,279,285,727,728],"class_list":{"0":"post-6175","1":"product","2":"type-product","3":"status-publish","4":"has-post-thumbnail","6":"product_cat-kendama","7":"product_tag-jokbert","8":"product_tag-kendama","9":"product_tag-krom","10":"product_tag-muut","11":"product_tag-pro","12":"product_tag-pro-model","13":"product_tag-suomi","14":"desktop-align-center","15":"tablet-align-left","16":"mobile-align-left","18":"first","19":"outofstock","20":"sale","21":"taxable","22":"shipping-taxable","23":"purchasable","24":"product-type-simple"},"_links":{"self":[{"href":"https:\/\/sirkussirkus.com\/kauppa\/wp-json\/wp\/v2\/product\/6175","targetHints":{"allow":["GET"]}}],"collection":[{"href":"https:\/\/sirkussirkus.com\/kauppa\/wp-json\/wp\/v2\/product"}],"about":[{"href":"https:\/\/sirkussirkus.com\/kauppa\/wp-json\/wp\/v2\/types\/product"}],"version-history":[{"count":1,"href":"https:\/\/sirkussirkus.com\/kauppa\/wp-json\/wp\/v2\/product\/6175\/revisions"}],"predecessor-version":[{"id":6187,"href":"https:\/\/sirkussirkus.com\/kauppa\/wp-json\/wp\/v2\/product\/6175\/revisions\/6187"}],"wp:featuredmedia":[{"embeddable":true,"href":"https:\/\/sirkussirkus.com\/kauppa\/wp-json\/wp\/v2\/media\/6189"}],"wp:attachment":[{"href":"https:\/\/sirkussirkus.com\/kauppa\/wp-json\/wp\/v2\/media?parent=6175"}],"wp:term":[{"taxonomy":"product_brand","embeddable":true,"href":"https:\/\/sirkussirkus.com\/kauppa\/wp-json\/wp\/v2\/product_brand?post=6175"},{"taxonomy":"product_cat","embeddable":true,"href":"https:\/\/sirkussirkus.com\/kauppa\/wp-json\/wp\/v2\/product_cat?post=6175"},{"taxonomy":"product_tag","embeddable":true,"href":"https:\/\/sirkussirkus.com\/kauppa\/wp-json\/wp\/v2\/product_tag?post=6175"}],"curies":[{"name":"wp","href":"https:\/\/api.w.org\/{rel}","templated":true}]}}