{"id":6164,"date":"2022-06-16T10:30:20","date_gmt":"2022-06-16T10:30:20","guid":{"rendered":"https:\/\/sirkussirkus.com\/kauppa\/?post_type=product&#038;p=6164"},"modified":"2025-12-09T12:48:13","modified_gmt":"2025-12-09T12:48:13","slug":"koivu-kendama-halko-7030","status":"publish","type":"product","link":"https:\/\/sirkussirkus.com\/kauppa\/product\/koivu-kendama-halko-7030\/","title":{"rendered":"Koivu Kendama Halko 7030"},"content":{"rendered":"<p>Kotimainen Koivu Kendama valmistaa laadukkaita ja persoonallisia Kendamia. Halko 7030 -malli on hyv\u00e4 perus-Kendama, joka sopii niin aloittelijalle kuin kokeneemmallekin Kendama-pelaajalle.<\/p>\n<p>Ominaisuuserittely:<\/p>\n<ul>\n<li>Muoto: Halko<\/li>\n<li>Materiaali: A-luokan py\u00f6kki<\/li>\n<li>Tama: 62mm<\/li>\n<li>Tahmea maali<\/li>\n<li>Pohjakupin reik\u00e4<\/li>\n<li>Suuri reik\u00e4viiste (bevel)<\/li>\n<li>Ter\u00e4v\u00e4t kulmaleikkaukset (bevel)<\/li>\n<li>Minilaakeri<\/li>\n<li>Pitk\u00e4 Hella-naru<\/li>\n<li>Pakattu ekologiseen kangaspussukkaan<\/li>\n<li>Mukana varanaru, varalaakeri ja tarra<\/li>\n<\/ul>\n","protected":false},"excerpt":{"rendered":"<p>Kotimainen Koivu Kendama valmistaa laadukkaita ja persoonallisia Kendamia. Halko 7030 -malli on hyv\u00e4 perus-Kendama, joka sopii niin aloittelijalle kuin kokeneemmallekin Kendama-pelaajalle. Ominaisuuserittely: Muoto: Halko Materiaali: A-luokan py\u00f6kki Tama: 62mm Tahmea maali Pohjakupin reik\u00e4 Suuri reik\u00e4viiste (bevel) Ter\u00e4v\u00e4t kulmaleikkaukset (bevel) Minilaakeri Pitk\u00e4 Hella-naru Pakattu ekologiseen kangaspussukkaan Mukana varanaru, varalaakeri ja tarra<\/p>\n","protected":false},"featured_media":6168,"template":"","meta":{"site-sidebar-layout":"default","site-content-layout":"default","ast-site-content-layout":"default","site-content-style":"default","site-sidebar-style":"default","ast-global-header-display":"","ast-banner-title-visibility":"","ast-main-header-display":"","ast-hfb-above-header-display":"","ast-hfb-below-header-display":"","ast-hfb-mobile-header-display":"","site-post-title":"","ast-breadcrumbs-content":"","ast-featured-img":"","footer-sml-layout":"","theme-transparent-header-meta":"default","adv-header-id-meta":"","stick-header-meta":"","header-above-stick-meta":"","header-main-stick-meta":"","header-below-stick-meta":"","astra-migrate-meta-layouts":"default","ast-page-background-enabled":"default","ast-page-background-meta":{"desktop":{"background-color":"","background-image":"","background-repeat":"repeat","background-position":"center center","background-size":"auto","background-attachment":"scroll","background-type":"","background-media":"","overlay-type":"","overlay-color":"","overlay-opacity":"","overlay-gradient":""},"tablet":{"background-color":"","background-image":"","background-repeat":"repeat","background-position":"center center","background-size":"auto","background-attachment":"scroll","background-type":"","background-media":"","overlay-type":"","overlay-color":"","overlay-opacity":"","overlay-gradient":""},"mobile":{"background-color":"","background-image":"","background-repeat":"repeat","background-position":"center center","background-size":"auto","background-attachment":"scroll","background-type":"","background-media":"","overlay-type":"","overlay-color":"","overlay-opacity":"","overlay-gradient":""}},"ast-content-background-meta":{"desktop":{"background-color":"var(--ast-global-color-5)","background-image":"","background-repeat":"repeat","background-position":"center center","background-size":"auto","background-attachment":"scroll","background-type":"","background-media":"","overlay-type":"","overlay-color":"","overlay-opacity":"","overlay-gradient":""},"tablet":{"background-color":"var(--ast-global-color-5)","background-image":"","background-repeat":"repeat","background-position":"center center","background-size":"auto","background-attachment":"scroll","background-type":"","background-media":"","overlay-type":"","overlay-color":"","overlay-opacity":"","overlay-gradient":""},"mobile":{"background-color":"var(--ast-global-color-5)","background-image":"","background-repeat":"repeat","background-position":"center center","background-size":"auto","background-attachment":"scroll","background-type":"","background-media":"","overlay-type":"","overlay-color":"","overlay-opacity":"","overlay-gradient":""}}},"product_brand":[],"product_cat":[75,677],"product_tag":[],"class_list":{"0":"post-6164","1":"product","2":"type-product","3":"status-publish","4":"has-post-thumbnail","6":"product_cat-kendama","7":"product_cat-uutuudet","8":"desktop-align-center","9":"tablet-align-left","10":"mobile-align-left","12":"first","13":"outofstock","14":"sale","15":"taxable","16":"shipping-taxable","17":"purchasable","18":"product-type-variable"},"_links":{"self":[{"href":"https:\/\/sirkussirkus.com\/kauppa\/wp-json\/wp\/v2\/product\/6164","targetHints":{"allow":["GET"]}}],"collection":[{"href":"https:\/\/sirkussirkus.com\/kauppa\/wp-json\/wp\/v2\/product"}],"about":[{"href":"https:\/\/sirkussirkus.com\/kauppa\/wp-json\/wp\/v2\/types\/product"}],"version-history":[{"count":1,"href":"https:\/\/sirkussirkus.com\/kauppa\/wp-json\/wp\/v2\/product\/6164\/revisions"}],"predecessor-version":[{"id":6170,"href":"https:\/\/sirkussirkus.com\/kauppa\/wp-json\/wp\/v2\/product\/6164\/revisions\/6170"}],"wp:featuredmedia":[{"embeddable":true,"href":"https:\/\/sirkussirkus.com\/kauppa\/wp-json\/wp\/v2\/media\/6168"}],"wp:attachment":[{"href":"https:\/\/sirkussirkus.com\/kauppa\/wp-json\/wp\/v2\/media?parent=6164"}],"wp:term":[{"taxonomy":"product_brand","embeddable":true,"href":"https:\/\/sirkussirkus.com\/kauppa\/wp-json\/wp\/v2\/product_brand?post=6164"},{"taxonomy":"product_cat","embeddable":true,"href":"https:\/\/sirkussirkus.com\/kauppa\/wp-json\/wp\/v2\/product_cat?post=6164"},{"taxonomy":"product_tag","embeddable":true,"href":"https:\/\/sirkussirkus.com\/kauppa\/wp-json\/wp\/v2\/product_tag?post=6164"}],"curies":[{"name":"wp","href":"https:\/\/api.w.org\/{rel}","templated":true}]}}