{"id":6121,"date":"2022-10-15T21:28:36","date_gmt":"2022-10-15T21:28:36","guid":{"rendered":"https:\/\/sirkussirkus.com\/kauppa\/?post_type=product&#038;p=6121"},"modified":"2025-08-17T12:42:11","modified_gmt":"2025-08-17T12:42:11","slug":"gora-lotus-tuliviuhka","status":"publish","type":"product","link":"https:\/\/sirkussirkus.com\/kauppa\/product\/gora-lotus-tuliviuhka\/","title":{"rendered":"Gora Lotus Tuliviuhkat (S-koko)"},"content":{"rendered":"<p>Goran kiinte\u00e4 Lotus-tuliviuhka monipuoliseen viuhkank\u00e4sittelyyn. Uusi kest\u00e4v\u00e4 ja hieman pienempi malli, joka sopii my\u00f6s lyhyemp\u00e4\u00e4n k\u00e4teen py\u00f6ritett\u00e4v\u00e4ksi. My\u00f6s tulip\u00e4\u00e4t ovat pienemm\u00e4t kuin normaalissa koossa.<\/p>\n<p>Laadun takaa Unkarilainen Gora.<\/p>\n<p>Myyd\u00e4\u00e4n pareittain. Hinta sis\u00e4lt\u00e4\u00e4 kaksi viuhkaa.<\/p>\n<p>Leveys 48cm \/ Korkeus 35cm \/ Tulip\u00e4\u00e4t 3cm<\/p>\n<p>&nbsp;<\/p>\n<p>&nbsp;<\/p>\n","protected":false},"excerpt":{"rendered":"<p>Goran kiinte\u00e4 Lotus-tuliviuhka monipuoliseen viuhkank\u00e4sittelyyn. Uusi kest\u00e4v\u00e4 ja hieman pienempi malli, joka sopii my\u00f6s lyhyemp\u00e4\u00e4n k\u00e4teen py\u00f6ritett\u00e4v\u00e4ksi. My\u00f6s tulip\u00e4\u00e4t ovat pienemm\u00e4t kuin normaalissa koossa. Laadun takaa Unkarilainen Gora. Myyd\u00e4\u00e4n pareittain. Hinta sis\u00e4lt\u00e4\u00e4 kaksi viuhkaa. Leveys 48cm \/ Korkeus 35cm \/ Tulip\u00e4\u00e4t 3cm &nbsp; &nbsp;<\/p>\n","protected":false},"featured_media":6126,"template":"","meta":{"site-sidebar-layout":"default","site-content-layout":"default","ast-site-content-layout":"default","site-content-style":"default","site-sidebar-style":"default","ast-global-header-display":"","ast-banner-title-visibility":"","ast-main-header-display":"","ast-hfb-above-header-display":"","ast-hfb-below-header-display":"","ast-hfb-mobile-header-display":"","site-post-title":"","ast-breadcrumbs-content":"","ast-featured-img":"","footer-sml-layout":"","theme-transparent-header-meta":"default","adv-header-id-meta":"","stick-header-meta":"","header-above-stick-meta":"","header-main-stick-meta":"","header-below-stick-meta":"","astra-migrate-meta-layouts":"default","ast-page-background-enabled":"default","ast-page-background-meta":{"desktop":{"background-color":"","background-image":"","background-repeat":"repeat","background-position":"center center","background-size":"auto","background-attachment":"scroll","background-type":"","background-media":"","overlay-type":"","overlay-color":"","overlay-opacity":"","overlay-gradient":""},"tablet":{"background-color":"","background-image":"","background-repeat":"repeat","background-position":"center center","background-size":"auto","background-attachment":"scroll","background-type":"","background-media":"","overlay-type":"","overlay-color":"","overlay-opacity":"","overlay-gradient":""},"mobile":{"background-color":"","background-image":"","background-repeat":"repeat","background-position":"center center","background-size":"auto","background-attachment":"scroll","background-type":"","background-media":"","overlay-type":"","overlay-color":"","overlay-opacity":"","overlay-gradient":""}},"ast-content-background-meta":{"desktop":{"background-color":"var(--ast-global-color-5)","background-image":"","background-repeat":"repeat","background-position":"center center","background-size":"auto","background-attachment":"scroll","background-type":"","background-media":"","overlay-type":"","overlay-color":"","overlay-opacity":"","overlay-gradient":""},"tablet":{"background-color":"var(--ast-global-color-5)","background-image":"","background-repeat":"repeat","background-position":"center center","background-size":"auto","background-attachment":"scroll","background-type":"","background-media":"","overlay-type":"","overlay-color":"","overlay-opacity":"","overlay-gradient":""},"mobile":{"background-color":"var(--ast-global-color-5)","background-image":"","background-repeat":"repeat","background-position":"center center","background-size":"auto","background-attachment":"scroll","background-type":"","background-media":"","overlay-type":"","overlay-color":"","overlay-opacity":"","overlay-gradient":""}}},"product_brand":[],"product_cat":[74],"product_tag":[723,405,404,624,409,623],"class_list":{"0":"post-6121","1":"product","2":"type-product","3":"status-publish","4":"has-post-thumbnail","6":"product_cat-tuli","7":"product_tag-flow","8":"product_tag-gora","9":"product_tag-kevlar","10":"product_tag-tuli","11":"product_tag-tuliviuhka","12":"product_tag-viuhka","13":"desktop-align-center","14":"tablet-align-left","15":"mobile-align-left","17":"first","18":"outofstock","19":"taxable","20":"shipping-taxable","21":"purchasable","22":"product-type-simple"},"_links":{"self":[{"href":"https:\/\/sirkussirkus.com\/kauppa\/wp-json\/wp\/v2\/product\/6121","targetHints":{"allow":["GET"]}}],"collection":[{"href":"https:\/\/sirkussirkus.com\/kauppa\/wp-json\/wp\/v2\/product"}],"about":[{"href":"https:\/\/sirkussirkus.com\/kauppa\/wp-json\/wp\/v2\/types\/product"}],"version-history":[{"count":6,"href":"https:\/\/sirkussirkus.com\/kauppa\/wp-json\/wp\/v2\/product\/6121\/revisions"}],"predecessor-version":[{"id":7151,"href":"https:\/\/sirkussirkus.com\/kauppa\/wp-json\/wp\/v2\/product\/6121\/revisions\/7151"}],"wp:featuredmedia":[{"embeddable":true,"href":"https:\/\/sirkussirkus.com\/kauppa\/wp-json\/wp\/v2\/media\/6126"}],"wp:attachment":[{"href":"https:\/\/sirkussirkus.com\/kauppa\/wp-json\/wp\/v2\/media?parent=6121"}],"wp:term":[{"taxonomy":"product_brand","embeddable":true,"href":"https:\/\/sirkussirkus.com\/kauppa\/wp-json\/wp\/v2\/product_brand?post=6121"},{"taxonomy":"product_cat","embeddable":true,"href":"https:\/\/sirkussirkus.com\/kauppa\/wp-json\/wp\/v2\/product_cat?post=6121"},{"taxonomy":"product_tag","embeddable":true,"href":"https:\/\/sirkussirkus.com\/kauppa\/wp-json\/wp\/v2\/product_tag?post=6121"}],"curies":[{"name":"wp","href":"https:\/\/api.w.org\/{rel}","templated":true}]}}