{"id":6079,"date":"2022-10-14T15:01:32","date_gmt":"2022-10-14T15:01:32","guid":{"rendered":"https:\/\/sirkussirkus.com\/kauppa\/?post_type=product&#038;p=6079"},"modified":"2026-04-08T11:14:51","modified_gmt":"2026-04-08T11:14:51","slug":"thud-beanbag-63mm","status":"publish","type":"product","link":"https:\/\/sirkussirkus.com\/kauppa\/product\/thud-beanbag-63mm\/","title":{"rendered":"T\u00f6ms Beanbag 63mm"},"content":{"rendered":"<div class=\"product-text\">\n<p>Edullinen tekstiilipallo (beanbag) vasta-alkajalle! Kest\u00e4v\u00e4\u00e4 ja mukavan tuntuista tekonahkaa. Kokonsa puolesta hyvin pienemp\u00e4\u00e4nkin k\u00e4teen istuva. Ommeltu kuudesta osasta. Hyv\u00e4 hintalaatusuhde.<\/p>\n<p>T\u00e4ytteen\u00e4 hirssi. Palloa ei kannata p\u00e4\u00e4st\u00e4\u00e4 kostumaan tai j\u00e4tt\u00e4\u00e4 jyrsij\u00f6ille alttiiseen paikkaan.<\/p>\n<p>63mm \/ 110g<\/p>\n<p>Huom. Kaikki hinnat ovat kappalehintoja, ellei toisin mainita.<\/p>\n<\/div>\n","protected":false},"excerpt":{"rendered":"<p>Edullinen tekstiilipallo (beanbag) vasta-alkajalle! Kest\u00e4v\u00e4\u00e4 ja mukavan tuntuista tekonahkaa. Kokonsa puolesta hyvin pienemp\u00e4\u00e4nkin k\u00e4teen istuva. Ommeltu kuudesta osasta. Hyv\u00e4 hintalaatusuhde. T\u00e4ytteen\u00e4 hirssi. Palloa ei kannata p\u00e4\u00e4st\u00e4\u00e4 kostumaan tai j\u00e4tt\u00e4\u00e4 jyrsij\u00f6ille alttiiseen paikkaan. 63mm \/ 110g Huom. Kaikki hinnat ovat kappalehintoja, ellei toisin mainita.<\/p>\n","protected":false},"featured_media":6098,"template":"","meta":{"site-sidebar-layout":"default","site-content-layout":"default","ast-site-content-layout":"default","site-content-style":"default","site-sidebar-style":"default","ast-global-header-display":"","ast-banner-title-visibility":"","ast-main-header-display":"","ast-hfb-above-header-display":"","ast-hfb-below-header-display":"","ast-hfb-mobile-header-display":"","site-post-title":"","ast-breadcrumbs-content":"","ast-featured-img":"","footer-sml-layout":"","theme-transparent-header-meta":"default","adv-header-id-meta":"","stick-header-meta":"","header-above-stick-meta":"","header-main-stick-meta":"","header-below-stick-meta":"","astra-migrate-meta-layouts":"set","ast-page-background-enabled":"default","ast-page-background-meta":{"desktop":{"background-color":"","background-image":"","background-repeat":"repeat","background-position":"center center","background-size":"auto","background-attachment":"scroll","background-type":"","background-media":"","overlay-type":"","overlay-color":"","overlay-opacity":"","overlay-gradient":""},"tablet":{"background-color":"","background-image":"","background-repeat":"repeat","background-position":"center center","background-size":"auto","background-attachment":"scroll","background-type":"","background-media":"","overlay-type":"","overlay-color":"","overlay-opacity":"","overlay-gradient":""},"mobile":{"background-color":"","background-image":"","background-repeat":"repeat","background-position":"center center","background-size":"auto","background-attachment":"scroll","background-type":"","background-media":"","overlay-type":"","overlay-color":"","overlay-opacity":"","overlay-gradient":""}},"ast-content-background-meta":{"desktop":{"background-color":"var(--ast-global-color-5)","background-image":"","background-repeat":"repeat","background-position":"center center","background-size":"auto","background-attachment":"scroll","background-type":"","background-media":"","overlay-type":"","overlay-color":"","overlay-opacity":"","overlay-gradient":""},"tablet":{"background-color":"var(--ast-global-color-5)","background-image":"","background-repeat":"repeat","background-position":"center center","background-size":"auto","background-attachment":"scroll","background-type":"","background-media":"","overlay-type":"","overlay-color":"","overlay-opacity":"","overlay-gradient":""},"mobile":{"background-color":"var(--ast-global-color-5)","background-image":"","background-repeat":"repeat","background-position":"center center","background-size":"auto","background-attachment":"scroll","background-type":"","background-media":"","overlay-type":"","overlay-color":"","overlay-opacity":"","overlay-gradient":""}}},"product_brand":[],"product_cat":[55],"product_tag":[170,99,56,57,855,100,746],"class_list":{"0":"post-6079","1":"product","2":"type-product","3":"status-publish","4":"has-post-thumbnail","6":"product_cat-jongleerauspallot","7":"product_tag-170","8":"product_tag-beanbag","9":"product_tag-pallo","10":"product_tag-pallot","11":"product_tag-pehmea","12":"product_tag-sakki","13":"product_tag-toms","14":"desktop-align-center","15":"tablet-align-left","16":"mobile-align-left","18":"first","19":"instock","20":"taxable","21":"shipping-taxable","22":"purchasable","23":"product-type-variable"},"_links":{"self":[{"href":"https:\/\/sirkussirkus.com\/kauppa\/wp-json\/wp\/v2\/product\/6079","targetHints":{"allow":["GET"]}}],"collection":[{"href":"https:\/\/sirkussirkus.com\/kauppa\/wp-json\/wp\/v2\/product"}],"about":[{"href":"https:\/\/sirkussirkus.com\/kauppa\/wp-json\/wp\/v2\/types\/product"}],"version-history":[{"count":6,"href":"https:\/\/sirkussirkus.com\/kauppa\/wp-json\/wp\/v2\/product\/6079\/revisions"}],"predecessor-version":[{"id":7512,"href":"https:\/\/sirkussirkus.com\/kauppa\/wp-json\/wp\/v2\/product\/6079\/revisions\/7512"}],"wp:featuredmedia":[{"embeddable":true,"href":"https:\/\/sirkussirkus.com\/kauppa\/wp-json\/wp\/v2\/media\/6098"}],"wp:attachment":[{"href":"https:\/\/sirkussirkus.com\/kauppa\/wp-json\/wp\/v2\/media?parent=6079"}],"wp:term":[{"taxonomy":"product_brand","embeddable":true,"href":"https:\/\/sirkussirkus.com\/kauppa\/wp-json\/wp\/v2\/product_brand?post=6079"},{"taxonomy":"product_cat","embeddable":true,"href":"https:\/\/sirkussirkus.com\/kauppa\/wp-json\/wp\/v2\/product_cat?post=6079"},{"taxonomy":"product_tag","embeddable":true,"href":"https:\/\/sirkussirkus.com\/kauppa\/wp-json\/wp\/v2\/product_tag?post=6079"}],"curies":[{"name":"wp","href":"https:\/\/api.w.org\/{rel}","templated":true}]}}