{"id":6009,"date":"2022-09-26T21:32:25","date_gmt":"2022-09-26T21:32:25","guid":{"rendered":"https:\/\/sirkussirkus.com\/kauppa\/?post_type=product&#038;p=6009"},"modified":"2025-05-25T19:19:13","modified_gmt":"2025-05-25T19:19:13","slug":"play-premium-beanbag","status":"publish","type":"product","link":"https:\/\/sirkussirkus.com\/kauppa\/product\/play-premium-beanbag\/","title":{"rendered":"Play Premium Beanbag 67mm"},"content":{"rendered":"<p>Uusi pallo valikoimissamme! Playn valmistama laadukas tekonahkainen heittos\u00e4kki eli beanbag. Eritt\u00e4in mukava k\u00e4teen ja valmiiksi pehme\u00e4. Ommeltu kuudesta osasta eli toisinsanoen 6-paneelinen pallo. T\u00e4ytteen\u00e4 muovipelletti.<\/p>\n<p>Hyvin l\u00e4hell\u00e4 Mister Babachen Record-palloa. Hinta on tosin huomattavasti edullisempi, eik\u00e4 laadussa \u00e4kkiselt\u00e4\u00e4n ole huomattavissa suuria eroja.<\/p>\n<p>67mm \/ 130g<\/p>\n","protected":false},"excerpt":{"rendered":"<p>Uusi pallo valikoimissamme! Playn valmistama laadukas tekonahkainen heittos\u00e4kki eli beanbag. Eritt\u00e4in mukava k\u00e4teen ja valmiiksi pehme\u00e4. Ommeltu kuudesta osasta eli toisinsanoen 6-paneelinen pallo. T\u00e4ytteen\u00e4 muovipelletti. Hyvin l\u00e4hell\u00e4 Mister Babachen Record-palloa. Hinta on tosin huomattavasti edullisempi, eik\u00e4 laadussa \u00e4kkiselt\u00e4\u00e4n ole huomattavissa suuria eroja. 67mm \/ 130g<\/p>\n","protected":false},"featured_media":6010,"template":"","meta":{"site-sidebar-layout":"default","site-content-layout":"default","ast-site-content-layout":"default","site-content-style":"default","site-sidebar-style":"default","ast-global-header-display":"","ast-banner-title-visibility":"","ast-main-header-display":"","ast-hfb-above-header-display":"","ast-hfb-below-header-display":"","ast-hfb-mobile-header-display":"","site-post-title":"","ast-breadcrumbs-content":"","ast-featured-img":"","footer-sml-layout":"","theme-transparent-header-meta":"default","adv-header-id-meta":"","stick-header-meta":"","header-above-stick-meta":"","header-main-stick-meta":"","header-below-stick-meta":"","astra-migrate-meta-layouts":"set","ast-page-background-enabled":"default","ast-page-background-meta":{"desktop":{"background-color":"","background-image":"","background-repeat":"repeat","background-position":"center center","background-size":"auto","background-attachment":"scroll","background-type":"","background-media":"","overlay-type":"","overlay-color":"","overlay-opacity":"","overlay-gradient":""},"tablet":{"background-color":"","background-image":"","background-repeat":"repeat","background-position":"center center","background-size":"auto","background-attachment":"scroll","background-type":"","background-media":"","overlay-type":"","overlay-color":"","overlay-opacity":"","overlay-gradient":""},"mobile":{"background-color":"","background-image":"","background-repeat":"repeat","background-position":"center center","background-size":"auto","background-attachment":"scroll","background-type":"","background-media":"","overlay-type":"","overlay-color":"","overlay-opacity":"","overlay-gradient":""}},"ast-content-background-meta":{"desktop":{"background-color":"var(--ast-global-color-5)","background-image":"","background-repeat":"repeat","background-position":"center center","background-size":"auto","background-attachment":"scroll","background-type":"","background-media":"","overlay-type":"","overlay-color":"","overlay-opacity":"","overlay-gradient":""},"tablet":{"background-color":"var(--ast-global-color-5)","background-image":"","background-repeat":"repeat","background-position":"center center","background-size":"auto","background-attachment":"scroll","background-type":"","background-media":"","overlay-type":"","overlay-color":"","overlay-opacity":"","overlay-gradient":""},"mobile":{"background-color":"var(--ast-global-color-5)","background-image":"","background-repeat":"repeat","background-position":"center center","background-size":"auto","background-attachment":"scroll","background-type":"","background-media":"","overlay-type":"","overlay-color":"","overlay-opacity":"","overlay-gradient":""}}},"product_brand":[],"product_cat":[55],"product_tag":[99,80,56,57,108,718],"class_list":{"0":"post-6009","1":"product","2":"type-product","3":"status-publish","4":"has-post-thumbnail","6":"product_cat-jongleerauspallot","7":"product_tag-beanbag","8":"product_tag-jongleeraus","9":"product_tag-pallo","10":"product_tag-pallot","11":"product_tag-play","12":"product_tag-premium","13":"desktop-align-center","14":"tablet-align-left","15":"mobile-align-left","17":"first","18":"instock","19":"taxable","20":"shipping-taxable","21":"purchasable","22":"product-type-simple"},"_links":{"self":[{"href":"https:\/\/sirkussirkus.com\/kauppa\/wp-json\/wp\/v2\/product\/6009","targetHints":{"allow":["GET"]}}],"collection":[{"href":"https:\/\/sirkussirkus.com\/kauppa\/wp-json\/wp\/v2\/product"}],"about":[{"href":"https:\/\/sirkussirkus.com\/kauppa\/wp-json\/wp\/v2\/types\/product"}],"version-history":[{"count":2,"href":"https:\/\/sirkussirkus.com\/kauppa\/wp-json\/wp\/v2\/product\/6009\/revisions"}],"predecessor-version":[{"id":6013,"href":"https:\/\/sirkussirkus.com\/kauppa\/wp-json\/wp\/v2\/product\/6009\/revisions\/6013"}],"wp:featuredmedia":[{"embeddable":true,"href":"https:\/\/sirkussirkus.com\/kauppa\/wp-json\/wp\/v2\/media\/6010"}],"wp:attachment":[{"href":"https:\/\/sirkussirkus.com\/kauppa\/wp-json\/wp\/v2\/media?parent=6009"}],"wp:term":[{"taxonomy":"product_brand","embeddable":true,"href":"https:\/\/sirkussirkus.com\/kauppa\/wp-json\/wp\/v2\/product_brand?post=6009"},{"taxonomy":"product_cat","embeddable":true,"href":"https:\/\/sirkussirkus.com\/kauppa\/wp-json\/wp\/v2\/product_cat?post=6009"},{"taxonomy":"product_tag","embeddable":true,"href":"https:\/\/sirkussirkus.com\/kauppa\/wp-json\/wp\/v2\/product_tag?post=6009"}],"curies":[{"name":"wp","href":"https:\/\/api.w.org\/{rel}","templated":true}]}}