{"id":5956,"date":"2022-08-24T08:27:28","date_gmt":"2022-08-24T08:27:28","guid":{"rendered":"https:\/\/sirkussirkus.com\/kauppa\/?post_type=product&#038;p=5956"},"modified":"2023-09-07T05:45:13","modified_gmt":"2023-09-07T05:45:13","slug":"yana-issue-2","status":"publish","type":"product","link":"https:\/\/sirkussirkus.com\/kauppa\/product\/yana-issue-2\/","title":{"rendered":"YANA &#8211; Issue 2"},"content":{"rendered":"<div class=\"product-text\">\n<p>Yanan toinen numero. Kyseess\u00e4 ei oikeastaan ole lehti eik\u00e4 kirja vaan taideteos, joka on saanut syntyns\u00e4 rakkaudesta jongleeraukseen ilmi\u00f6n\u00e4 ja taiteenlajina. Nykyaikaisia kuvituksia ja kirjoituksia, jotka liittyv\u00e4t jongleeraukseen, jongl\u00f6\u00f6reihin ja jongleeraaviin ihmisiin.<\/p>\n<p>In this issue: Landscapes, the birth, life and death of three clubs, a manual to make a diabolo-camera, research on motion\/time, juggling records, empty hands, the first episodes of Dudo\u2019s adventures, and much more.<\/p>\n<p>Contributions from: Teresa Santos, Katerina Alderliesten, Margot Seigneurie, Clarince Panades, Collectif Protocole, Guillaume Martinet, Anni K\u00fcpper, \u00d6zg\u00fcr Kavurmacioglu, Ketrin Niki, Aleksi Niittyvuopio, Svetlana Zueva, Anna Fisher, Tim Schulze, Jared Athias, Emil Dahl, Ciara Thorburn.<\/p>\n<p>Englanninkielinen \/ 120 sivua \/ koko A4 \/ 2022<\/p>\n<\/div>\n","protected":false},"excerpt":{"rendered":"<p>Yanan toinen numero. Kyseess\u00e4 ei oikeastaan ole lehti eik\u00e4 kirja vaan taideteos, joka on saanut syntyns\u00e4 rakkaudesta jongleeraukseen ilmi\u00f6n\u00e4 ja taiteenlajina. Nykyaikaisia kuvituksia ja kirjoituksia, jotka liittyv\u00e4t jongleeraukseen, jongl\u00f6\u00f6reihin ja jongleeraaviin ihmisiin. In this issue: Landscapes, the birth, life and death of three clubs, a manual to make a diabolo-camera, research on motion\/time, juggling records, [&hellip;]<\/p>\n","protected":false},"featured_media":6037,"template":"","meta":{"site-sidebar-layout":"default","site-content-layout":"default","ast-site-content-layout":"default","site-content-style":"default","site-sidebar-style":"default","ast-global-header-display":"","ast-banner-title-visibility":"","ast-main-header-display":"","ast-hfb-above-header-display":"","ast-hfb-below-header-display":"","ast-hfb-mobile-header-display":"","site-post-title":"","ast-breadcrumbs-content":"","ast-featured-img":"","footer-sml-layout":"","theme-transparent-header-meta":"default","adv-header-id-meta":"","stick-header-meta":"","header-above-stick-meta":"","header-main-stick-meta":"","header-below-stick-meta":"","astra-migrate-meta-layouts":"default","ast-page-background-enabled":"default","ast-page-background-meta":{"desktop":{"background-color":"","background-image":"","background-repeat":"repeat","background-position":"center center","background-size":"auto","background-attachment":"scroll","background-type":"","background-media":"","overlay-type":"","overlay-color":"","overlay-opacity":"","overlay-gradient":""},"tablet":{"background-color":"","background-image":"","background-repeat":"repeat","background-position":"center center","background-size":"auto","background-attachment":"scroll","background-type":"","background-media":"","overlay-type":"","overlay-color":"","overlay-opacity":"","overlay-gradient":""},"mobile":{"background-color":"","background-image":"","background-repeat":"repeat","background-position":"center center","background-size":"auto","background-attachment":"scroll","background-type":"","background-media":"","overlay-type":"","overlay-color":"","overlay-opacity":"","overlay-gradient":""}},"ast-content-background-meta":{"desktop":{"background-color":"var(--ast-global-color-5)","background-image":"","background-repeat":"repeat","background-position":"center center","background-size":"auto","background-attachment":"scroll","background-type":"","background-media":"","overlay-type":"","overlay-color":"","overlay-opacity":"","overlay-gradient":""},"tablet":{"background-color":"var(--ast-global-color-5)","background-image":"","background-repeat":"repeat","background-position":"center center","background-size":"auto","background-attachment":"scroll","background-type":"","background-media":"","overlay-type":"","overlay-color":"","overlay-opacity":"","overlay-gradient":""},"mobile":{"background-color":"var(--ast-global-color-5)","background-image":"","background-repeat":"repeat","background-position":"center center","background-size":"auto","background-attachment":"scroll","background-type":"","background-media":"","overlay-type":"","overlay-color":"","overlay-opacity":"","overlay-gradient":""}}},"product_brand":[],"product_cat":[64,677],"product_tag":[87,459,458],"class_list":{"0":"post-5956","1":"product","2":"type-product","3":"status-publish","4":"has-post-thumbnail","6":"product_cat-kirjat","7":"product_cat-uutuudet","8":"product_tag-kirja","9":"product_tag-kirjat","10":"product_tag-yana","11":"desktop-align-center","12":"tablet-align-left","13":"mobile-align-left","15":"first","16":"instock","17":"taxable","18":"shipping-taxable","19":"purchasable","20":"product-type-simple"},"_links":{"self":[{"href":"https:\/\/sirkussirkus.com\/kauppa\/wp-json\/wp\/v2\/product\/5956","targetHints":{"allow":["GET"]}}],"collection":[{"href":"https:\/\/sirkussirkus.com\/kauppa\/wp-json\/wp\/v2\/product"}],"about":[{"href":"https:\/\/sirkussirkus.com\/kauppa\/wp-json\/wp\/v2\/types\/product"}],"version-history":[{"count":3,"href":"https:\/\/sirkussirkus.com\/kauppa\/wp-json\/wp\/v2\/product\/5956\/revisions"}],"predecessor-version":[{"id":5964,"href":"https:\/\/sirkussirkus.com\/kauppa\/wp-json\/wp\/v2\/product\/5956\/revisions\/5964"}],"wp:featuredmedia":[{"embeddable":true,"href":"https:\/\/sirkussirkus.com\/kauppa\/wp-json\/wp\/v2\/media\/6037"}],"wp:attachment":[{"href":"https:\/\/sirkussirkus.com\/kauppa\/wp-json\/wp\/v2\/media?parent=5956"}],"wp:term":[{"taxonomy":"product_brand","embeddable":true,"href":"https:\/\/sirkussirkus.com\/kauppa\/wp-json\/wp\/v2\/product_brand?post=5956"},{"taxonomy":"product_cat","embeddable":true,"href":"https:\/\/sirkussirkus.com\/kauppa\/wp-json\/wp\/v2\/product_cat?post=5956"},{"taxonomy":"product_tag","embeddable":true,"href":"https:\/\/sirkussirkus.com\/kauppa\/wp-json\/wp\/v2\/product_tag?post=5956"}],"curies":[{"name":"wp","href":"https:\/\/api.w.org\/{rel}","templated":true}]}}