{"id":5926,"date":"2022-07-25T12:51:47","date_gmt":"2022-07-25T12:51:47","guid":{"rendered":"https:\/\/sirkussirkus.com\/kauppa\/?post_type=product&#038;p=5926"},"modified":"2026-02-24T14:08:59","modified_gmt":"2026-02-24T14:08:59","slug":"klovninena-3-kpl","status":"publish","type":"product","link":"https:\/\/sirkussirkus.com\/kauppa\/product\/klovninena-3-kpl\/","title":{"rendered":"Klovninen\u00e4 (3 kpl)"},"content":{"rendered":"<p>Aito italialainen muovinen klovninen\u00e4. Pysyy ilman narua nen\u00e4ss\u00e4 sierainten takana. Materiaalina muovi. Laadukas viimeistely reunoissa ja saumoissa. Hengitysrei\u00e4t voi halutessaan tehd\u00e4 itse nen\u00e4n alareunaan.<\/p>\n<p>Myyd\u00e4\u00e4n kolmen nen\u00e4n paketeissa. Kolme kympill\u00e4! Ihan niinkuin Tiimarissa!<\/p>\n","protected":false},"excerpt":{"rendered":"<p>Aito italialainen muovinen klovninen\u00e4. Pysyy ilman narua nen\u00e4ss\u00e4 sierainten takana. Materiaalina muovi. Laadukas viimeistely reunoissa ja saumoissa. Hengitysrei\u00e4t voi halutessaan tehd\u00e4 itse nen\u00e4n alareunaan. Myyd\u00e4\u00e4n kolmen nen\u00e4n paketeissa. Kolme kympill\u00e4! Ihan niinkuin Tiimarissa!<\/p>\n","protected":false},"featured_media":5927,"template":"","meta":{"site-sidebar-layout":"default","site-content-layout":"default","ast-site-content-layout":"default","site-content-style":"default","site-sidebar-style":"default","ast-global-header-display":"","ast-banner-title-visibility":"","ast-main-header-display":"","ast-hfb-above-header-display":"","ast-hfb-below-header-display":"","ast-hfb-mobile-header-display":"","site-post-title":"","ast-breadcrumbs-content":"","ast-featured-img":"","footer-sml-layout":"","theme-transparent-header-meta":"default","adv-header-id-meta":"","stick-header-meta":"","header-above-stick-meta":"","header-main-stick-meta":"","header-below-stick-meta":"","astra-migrate-meta-layouts":"set","ast-page-background-enabled":"default","ast-page-background-meta":{"desktop":{"background-color":"","background-image":"","background-repeat":"repeat","background-position":"center center","background-size":"auto","background-attachment":"scroll","background-type":"","background-media":"","overlay-type":"","overlay-color":"","overlay-opacity":"","overlay-gradient":""},"tablet":{"background-color":"","background-image":"","background-repeat":"repeat","background-position":"center center","background-size":"auto","background-attachment":"scroll","background-type":"","background-media":"","overlay-type":"","overlay-color":"","overlay-opacity":"","overlay-gradient":""},"mobile":{"background-color":"","background-image":"","background-repeat":"repeat","background-position":"center center","background-size":"auto","background-attachment":"scroll","background-type":"","background-media":"","overlay-type":"","overlay-color":"","overlay-opacity":"","overlay-gradient":""}},"ast-content-background-meta":{"desktop":{"background-color":"var(--ast-global-color-5)","background-image":"","background-repeat":"repeat","background-position":"center center","background-size":"auto","background-attachment":"scroll","background-type":"","background-media":"","overlay-type":"","overlay-color":"","overlay-opacity":"","overlay-gradient":""},"tablet":{"background-color":"var(--ast-global-color-5)","background-image":"","background-repeat":"repeat","background-position":"center center","background-size":"auto","background-attachment":"scroll","background-type":"","background-media":"","overlay-type":"","overlay-color":"","overlay-opacity":"","overlay-gradient":""},"mobile":{"background-color":"var(--ast-global-color-5)","background-image":"","background-repeat":"repeat","background-position":"center center","background-size":"auto","background-attachment":"scroll","background-type":"","background-media":"","overlay-type":"","overlay-color":"","overlay-opacity":"","overlay-gradient":""}}},"product_brand":[],"product_cat":[666,677],"product_tag":[712,707,709,708,710,711],"class_list":{"0":"post-5926","1":"product","2":"type-product","3":"status-publish","4":"has-post-thumbnail","6":"product_cat-kivaa","7":"product_cat-uutuudet","8":"product_tag-klovneria","9":"product_tag-klovni","10":"product_tag-klovninena","11":"product_tag-nena","12":"product_tag-pelle","13":"product_tag-pellenena","14":"desktop-align-center","15":"tablet-align-left","16":"mobile-align-left","18":"first","19":"instock","20":"taxable","21":"shipping-taxable","22":"purchasable","23":"product-type-simple"},"_links":{"self":[{"href":"https:\/\/sirkussirkus.com\/kauppa\/wp-json\/wp\/v2\/product\/5926","targetHints":{"allow":["GET"]}}],"collection":[{"href":"https:\/\/sirkussirkus.com\/kauppa\/wp-json\/wp\/v2\/product"}],"about":[{"href":"https:\/\/sirkussirkus.com\/kauppa\/wp-json\/wp\/v2\/types\/product"}],"version-history":[{"count":5,"href":"https:\/\/sirkussirkus.com\/kauppa\/wp-json\/wp\/v2\/product\/5926\/revisions"}],"predecessor-version":[{"id":8611,"href":"https:\/\/sirkussirkus.com\/kauppa\/wp-json\/wp\/v2\/product\/5926\/revisions\/8611"}],"wp:featuredmedia":[{"embeddable":true,"href":"https:\/\/sirkussirkus.com\/kauppa\/wp-json\/wp\/v2\/media\/5927"}],"wp:attachment":[{"href":"https:\/\/sirkussirkus.com\/kauppa\/wp-json\/wp\/v2\/media?parent=5926"}],"wp:term":[{"taxonomy":"product_brand","embeddable":true,"href":"https:\/\/sirkussirkus.com\/kauppa\/wp-json\/wp\/v2\/product_brand?post=5926"},{"taxonomy":"product_cat","embeddable":true,"href":"https:\/\/sirkussirkus.com\/kauppa\/wp-json\/wp\/v2\/product_cat?post=5926"},{"taxonomy":"product_tag","embeddable":true,"href":"https:\/\/sirkussirkus.com\/kauppa\/wp-json\/wp\/v2\/product_tag?post=5926"}],"curies":[{"name":"wp","href":"https:\/\/api.w.org\/{rel}","templated":true}]}}