{"id":5887,"date":"2022-07-21T19:17:07","date_gmt":"2022-07-21T19:17:07","guid":{"rendered":"https:\/\/sirkussirkus.com\/kauppa\/?post_type=product&#038;p=5887"},"modified":"2026-03-31T08:14:32","modified_gmt":"2026-03-31T08:14:32","slug":"play-kasillaseisontateline","status":"publish","type":"product","link":"https:\/\/sirkussirkus.com\/kauppa\/product\/play-kasillaseisontateline\/","title":{"rendered":"Play &#8211; K\u00e4sill\u00e4seisontateline"},"content":{"rendered":"<p>Italialainen Circus Division k\u00e4sill\u00e4seisontateline, jonka on valmistanut Play Juggling. N\u00e4pp\u00e4r\u00e4 ja laadukas kokoontaitettava teline, jonka osat saat my\u00f6s purettuna kiinnitetty\u00e4 pohjalevyyn. Nerokas osien kiinnitysmekanismi. Palikoiden juuren avulla sek\u00e4 palikat ett\u00e4 tapit voidaan lukita pohjalevyyn kiinni kuljetuksen ajaksi. Purettuna teline mahtuu pieneenkin tilaan ja sit\u00e4 on helppo kantaa mukana. Palikoiden kirist\u00e4miseen tarvittava kuusikulmioavain kuuluu my\u00f6s settiin, ja sille on pohjalevyss\u00e4 oma paikka.<\/p>\n<p>Pohjalevy on 25mm paksua vaneria. Levyn pohjassa on kumitassut. Tapit ovat ruostumatonta ter\u00e4st\u00e4.<\/p>\n<p>Pohjalevyn mitat 85cm x 55cm x 2.5cm<\/p>\n<p>Korkeus 58cm<\/p>\n<p>Tappien keskipisteiden et\u00e4isyys toisistaan 34cm.<\/p>\n<p>Palikoiden mitat 13cm x 10cm x 3cm<\/p>\n<p>Koko setin paino 6kg<\/p>\n<p>Jos etsit jotain persoonallisempaa tai tarvitse mittatilausty\u00f6n\u00e4 teetetty\u00e4 telinett\u00e4, ota yhteys Sepp\u00e4 Torkeliin. H\u00e4n on valmistanut k\u00e4sill\u00e4seisontatelineit\u00e4 2000-luvun alusta asti: <a href=\"http:\/\/www.torkel.fi\">www.torkel.fi<\/a><\/p>\n<p>&nbsp;<\/p>\n<p>&nbsp;<\/p>\n","protected":false},"excerpt":{"rendered":"<p>Italialainen Circus Division k\u00e4sill\u00e4seisontateline, jonka on valmistanut Play Juggling. N\u00e4pp\u00e4r\u00e4 ja laadukas kokoontaitettava teline, jonka osat saat my\u00f6s purettuna kiinnitetty\u00e4 pohjalevyyn. Nerokas osien kiinnitysmekanismi. Palikoiden juuren avulla sek\u00e4 palikat ett\u00e4 tapit voidaan lukita pohjalevyyn kiinni kuljetuksen ajaksi. Purettuna teline mahtuu pieneenkin tilaan ja sit\u00e4 on helppo kantaa mukana. Palikoiden kirist\u00e4miseen tarvittava kuusikulmioavain kuuluu my\u00f6s settiin, [&hellip;]<\/p>\n","protected":false},"featured_media":5878,"template":"","meta":{"site-sidebar-layout":"default","site-content-layout":"default","ast-site-content-layout":"default","site-content-style":"default","site-sidebar-style":"default","ast-global-header-display":"","ast-banner-title-visibility":"","ast-main-header-display":"","ast-hfb-above-header-display":"","ast-hfb-below-header-display":"","ast-hfb-mobile-header-display":"","site-post-title":"","ast-breadcrumbs-content":"","ast-featured-img":"","footer-sml-layout":"","theme-transparent-header-meta":"default","adv-header-id-meta":"","stick-header-meta":"","header-above-stick-meta":"","header-main-stick-meta":"","header-below-stick-meta":"","astra-migrate-meta-layouts":"set","ast-page-background-enabled":"default","ast-page-background-meta":{"desktop":{"background-color":"","background-image":"","background-repeat":"repeat","background-position":"center center","background-size":"auto","background-attachment":"scroll","background-type":"","background-media":"","overlay-type":"","overlay-color":"","overlay-opacity":"","overlay-gradient":""},"tablet":{"background-color":"","background-image":"","background-repeat":"repeat","background-position":"center center","background-size":"auto","background-attachment":"scroll","background-type":"","background-media":"","overlay-type":"","overlay-color":"","overlay-opacity":"","overlay-gradient":""},"mobile":{"background-color":"","background-image":"","background-repeat":"repeat","background-position":"center center","background-size":"auto","background-attachment":"scroll","background-type":"","background-media":"","overlay-type":"","overlay-color":"","overlay-opacity":"","overlay-gradient":""}},"ast-content-background-meta":{"desktop":{"background-color":"var(--ast-global-color-5)","background-image":"","background-repeat":"repeat","background-position":"center center","background-size":"auto","background-attachment":"scroll","background-type":"","background-media":"","overlay-type":"","overlay-color":"","overlay-opacity":"","overlay-gradient":""},"tablet":{"background-color":"var(--ast-global-color-5)","background-image":"","background-repeat":"repeat","background-position":"center center","background-size":"auto","background-attachment":"scroll","background-type":"","background-media":"","overlay-type":"","overlay-color":"","overlay-opacity":"","overlay-gradient":""},"mobile":{"background-color":"var(--ast-global-color-5)","background-image":"","background-repeat":"repeat","background-position":"center center","background-size":"auto","background-attachment":"scroll","background-type":"","background-media":"","overlay-type":"","overlay-color":"","overlay-opacity":"","overlay-gradient":""}}},"product_brand":[],"product_cat":[693],"product_tag":[697,694,696,700,699,698,695,85,304],"class_list":{"0":"post-5887","1":"product","2":"type-product","3":"status-publish","4":"has-post-thumbnail","6":"product_cat-handstand","7":"product_tag-handstand","8":"product_tag-kasilla","9":"product_tag-kasillaseisonta","10":"product_tag-kokoontaitettava","11":"product_tag-palikat","12":"product_tag-poyta","13":"product_tag-seisonta","14":"product_tag-tasapaino","15":"product_tag-teline","16":"desktop-align-center","17":"tablet-align-left","18":"mobile-align-left","20":"first","21":"instock","22":"taxable","23":"shipping-taxable","24":"purchasable","25":"product-type-simple"},"_links":{"self":[{"href":"https:\/\/sirkussirkus.com\/kauppa\/wp-json\/wp\/v2\/product\/5887","targetHints":{"allow":["GET"]}}],"collection":[{"href":"https:\/\/sirkussirkus.com\/kauppa\/wp-json\/wp\/v2\/product"}],"about":[{"href":"https:\/\/sirkussirkus.com\/kauppa\/wp-json\/wp\/v2\/types\/product"}],"version-history":[{"count":5,"href":"https:\/\/sirkussirkus.com\/kauppa\/wp-json\/wp\/v2\/product\/5887\/revisions"}],"predecessor-version":[{"id":6374,"href":"https:\/\/sirkussirkus.com\/kauppa\/wp-json\/wp\/v2\/product\/5887\/revisions\/6374"}],"wp:featuredmedia":[{"embeddable":true,"href":"https:\/\/sirkussirkus.com\/kauppa\/wp-json\/wp\/v2\/media\/5878"}],"wp:attachment":[{"href":"https:\/\/sirkussirkus.com\/kauppa\/wp-json\/wp\/v2\/media?parent=5887"}],"wp:term":[{"taxonomy":"product_brand","embeddable":true,"href":"https:\/\/sirkussirkus.com\/kauppa\/wp-json\/wp\/v2\/product_brand?post=5887"},{"taxonomy":"product_cat","embeddable":true,"href":"https:\/\/sirkussirkus.com\/kauppa\/wp-json\/wp\/v2\/product_cat?post=5887"},{"taxonomy":"product_tag","embeddable":true,"href":"https:\/\/sirkussirkus.com\/kauppa\/wp-json\/wp\/v2\/product_tag?post=5887"}],"curies":[{"name":"wp","href":"https:\/\/api.w.org\/{rel}","templated":true}]}}