{"id":5779,"date":"2022-07-05T18:03:13","date_gmt":"2022-07-05T18:03:13","guid":{"rendered":"https:\/\/sirkussirkus.com\/kauppa\/?post_type=product&#038;p=5779"},"modified":"2026-02-01T08:17:10","modified_gmt":"2026-02-01T08:17:10","slug":"helminaru-pro-pink","status":"publish","type":"product","link":"https:\/\/sirkussirkus.com\/kauppa\/product\/helminaru-pro-pink\/","title":{"rendered":"Helminaru &#8211; Pro Pink"},"content":{"rendered":"<p>Helminaru py\u00f6rii helposti, antaa mukavasti vastusta ja on mahtavan n\u00e4k\u00f6inen. Soveltuu ulko- ja sis\u00e4liikuntaan. Mittaa l\u00f6ytyy pisimm\u00e4llekin hyppij\u00e4lle, ja narun voi lyhent\u00e4\u00e4 helposti itselle sopivaan mittaan.<\/p>\n<p>Kokopituus 300cm. (10ft.) Kahvat 2x 15cm. Naru 275cm. Hyppynaru on s\u00e4\u00e4dett\u00e4viss\u00e4 hyppij\u00f6iden pituuden mukaan. Kahvan v\u00e4ri: musta. Helmien v\u00e4ri: pinkki ja lila.<\/p>\n<p>Ei alle 3-vuotiaille. Sis\u00e4lt\u00e4\u00e4 pieni\u00e4 osia. Tuotteen k\u00e4ytt\u00f6tarkoitus on liikuntav\u00e4line.<\/p>\n<p>SAME SMILE \u2013 Missiomme on tarjota omaper\u00e4isi\u00e4 tuotteita ja palveluita, jotka tuottavat hyvinvointia ja onnellisuutta. Mielest\u00e4mme onnen tunteita el\u00e4m\u00e4\u00e4n tuovat mm. puuhastelu perheen ja yst\u00e4vien kanssa, terveys, liikunta, tasavertaisuus ja erilaisuus.<\/p>\n<p><a href=\"https:\/\/www.youtube.com\/watch?v=YJRx_NIgw88\">Hyppynarun lyhennysohje Youtubessa<\/a><\/p>\n","protected":false},"excerpt":{"rendered":"<p>Helminaru py\u00f6rii helposti, antaa mukavasti vastusta ja on mahtavan n\u00e4k\u00f6inen. Soveltuu ulko- ja sis\u00e4liikuntaan. Mittaa l\u00f6ytyy pisimm\u00e4llekin hyppij\u00e4lle, ja narun voi lyhent\u00e4\u00e4 helposti itselle sopivaan mittaan. Kokopituus 300cm. (10ft.) Kahvat 2x 15cm. Naru 275cm. Hyppynaru on s\u00e4\u00e4dett\u00e4viss\u00e4 hyppij\u00f6iden pituuden mukaan. Kahvan v\u00e4ri: musta. Helmien v\u00e4ri: pinkki ja lila. Ei alle 3-vuotiaille. Sis\u00e4lt\u00e4\u00e4 pieni\u00e4 osia. Tuotteen [&hellip;]<\/p>\n","protected":false},"featured_media":5775,"template":"","meta":{"site-sidebar-layout":"default","site-content-layout":"default","ast-site-content-layout":"default","site-content-style":"default","site-sidebar-style":"default","ast-global-header-display":"","ast-banner-title-visibility":"","ast-main-header-display":"","ast-hfb-above-header-display":"","ast-hfb-below-header-display":"","ast-hfb-mobile-header-display":"","site-post-title":"","ast-breadcrumbs-content":"","ast-featured-img":"","footer-sml-layout":"","theme-transparent-header-meta":"default","adv-header-id-meta":"","stick-header-meta":"","header-above-stick-meta":"","header-main-stick-meta":"","header-below-stick-meta":"","astra-migrate-meta-layouts":"set","ast-page-background-enabled":"default","ast-page-background-meta":{"desktop":{"background-color":"","background-image":"","background-repeat":"repeat","background-position":"center center","background-size":"auto","background-attachment":"scroll","background-type":"","background-media":"","overlay-type":"","overlay-color":"","overlay-opacity":"","overlay-gradient":""},"tablet":{"background-color":"","background-image":"","background-repeat":"repeat","background-position":"center center","background-size":"auto","background-attachment":"scroll","background-type":"","background-media":"","overlay-type":"","overlay-color":"","overlay-opacity":"","overlay-gradient":""},"mobile":{"background-color":"","background-image":"","background-repeat":"repeat","background-position":"center center","background-size":"auto","background-attachment":"scroll","background-type":"","background-media":"","overlay-type":"","overlay-color":"","overlay-opacity":"","overlay-gradient":""}},"ast-content-background-meta":{"desktop":{"background-color":"var(--ast-global-color-5)","background-image":"","background-repeat":"repeat","background-position":"center center","background-size":"auto","background-attachment":"scroll","background-type":"","background-media":"","overlay-type":"","overlay-color":"","overlay-opacity":"","overlay-gradient":""},"tablet":{"background-color":"var(--ast-global-color-5)","background-image":"","background-repeat":"repeat","background-position":"center center","background-size":"auto","background-attachment":"scroll","background-type":"","background-media":"","overlay-type":"","overlay-color":"","overlay-opacity":"","overlay-gradient":""},"mobile":{"background-color":"var(--ast-global-color-5)","background-image":"","background-repeat":"repeat","background-position":"center center","background-size":"auto","background-attachment":"scroll","background-type":"","background-media":"","overlay-type":"","overlay-color":"","overlay-opacity":"","overlay-gradient":""}}},"product_brand":[],"product_cat":[594,606,677],"product_tag":[674,599,453,375,676,285,675],"class_list":{"0":"post-5779","1":"product","2":"type-product","3":"status-publish","4":"has-post-thumbnail","6":"product_cat-hyppynarut","7":"product_cat-kehonhuolto","8":"product_cat-uutuudet","9":"product_tag-helminaru","10":"product_tag-hyppy","11":"product_tag-hyppynaru","12":"product_tag-naru","13":"product_tag-pinkki","14":"product_tag-pro","15":"product_tag-samesmile","16":"desktop-align-center","17":"tablet-align-left","18":"mobile-align-left","20":"first","21":"instock","22":"taxable","23":"shipping-taxable","24":"purchasable","25":"product-type-simple"},"_links":{"self":[{"href":"https:\/\/sirkussirkus.com\/kauppa\/wp-json\/wp\/v2\/product\/5779","targetHints":{"allow":["GET"]}}],"collection":[{"href":"https:\/\/sirkussirkus.com\/kauppa\/wp-json\/wp\/v2\/product"}],"about":[{"href":"https:\/\/sirkussirkus.com\/kauppa\/wp-json\/wp\/v2\/types\/product"}],"version-history":[{"count":5,"href":"https:\/\/sirkussirkus.com\/kauppa\/wp-json\/wp\/v2\/product\/5779\/revisions"}],"predecessor-version":[{"id":5784,"href":"https:\/\/sirkussirkus.com\/kauppa\/wp-json\/wp\/v2\/product\/5779\/revisions\/5784"}],"wp:featuredmedia":[{"embeddable":true,"href":"https:\/\/sirkussirkus.com\/kauppa\/wp-json\/wp\/v2\/media\/5775"}],"wp:attachment":[{"href":"https:\/\/sirkussirkus.com\/kauppa\/wp-json\/wp\/v2\/media?parent=5779"}],"wp:term":[{"taxonomy":"product_brand","embeddable":true,"href":"https:\/\/sirkussirkus.com\/kauppa\/wp-json\/wp\/v2\/product_brand?post=5779"},{"taxonomy":"product_cat","embeddable":true,"href":"https:\/\/sirkussirkus.com\/kauppa\/wp-json\/wp\/v2\/product_cat?post=5779"},{"taxonomy":"product_tag","embeddable":true,"href":"https:\/\/sirkussirkus.com\/kauppa\/wp-json\/wp\/v2\/product_tag?post=5779"}],"curies":[{"name":"wp","href":"https:\/\/api.w.org\/{rel}","templated":true}]}}