{"id":5764,"date":"2022-07-03T18:24:55","date_gmt":"2022-07-03T18:24:55","guid":{"rendered":"https:\/\/sirkussirkus.com\/kauppa\/?post_type=product&#038;p=5764"},"modified":"2023-11-30T07:58:59","modified_gmt":"2023-11-30T07:58:59","slug":"formula-neppis-kisasetti","status":"publish","type":"product","link":"https:\/\/sirkussirkus.com\/kauppa\/product\/formula-neppis-kisasetti\/","title":{"rendered":"Formula Neppis &#8211; Kisasetti"},"content":{"rendered":"<div>\n<div>Nyt kaikki joukolla Neppaamaan! Suomalainen Neppis-autopaketti, jossa mukana nelj\u00e4 autoa, hiekkalapio, maalilippu sek\u00e4 tarroja. Autojen v\u00e4rit paketissa vaihtelevat vuosittain. Vuosimallin 2019 paketissa mukana seuraavat v\u00e4rit: kultainen, hopeinen, punainen, sininen. Formula-Neppis-autoja on valmistettu 1950-luvulta saakka ja ne tehd\u00e4\u00e4n yh\u00e4 Suomessa! CE-hyv\u00e4ksytty.<\/div>\n<div><\/div>\n<div>Tutustu t\u00e4h\u00e4n suureen suomalaiseen perinneleikkiin t\u00e4ll\u00e4 kattavalla varustuksella! Hiekkalaatikolla ja rannalla vain mielikuvitus on rajana ratojen kehittelyss\u00e4. Talvella voi my\u00f6s keksi\u00e4 kaikenlaisia ratoja sis\u00e4tiloissa k\u00e4ytt\u00e4en esimerkiksi mattoja, huonekaluja ja pahvia. Hauska ajanviete ja harrastus kaikenik\u00e4isille! My\u00f6s hieno lahjaidea nostalgianjanoiselle aikuiselle tai autoista pit\u00e4v\u00e4lle lapselle.<\/div>\n<div><\/div>\n<div>Jos neppauskilpailut kiinnostavat, Suomalaisia neppisliigoja ovat muun muassa Superneppis, Spedeneppis ja Neppisweekly. Vuosittain toukokuun puoliv\u00e4liss\u00e4 j\u00e4rjestet\u00e4\u00e4n Suomenlinnan Gran Prix -neppiskilpailu. Suomenlinnan ajot on j\u00e4rjestetty joka vuosi vuodesta 1996 alkaen.<\/div>\n<div><\/div>\n<div>Autojen mitta 8cm. Hiekkalapio 25cm. Yli 3-vuotiaille. Valmistettu Suomessa.<\/div>\n<\/div>\n","protected":false},"excerpt":{"rendered":"<p>Nyt kaikki joukolla Neppaamaan! Suomalainen Neppis-autopaketti, jossa mukana nelj\u00e4 autoa, hiekkalapio, maalilippu sek\u00e4 tarroja. Autojen v\u00e4rit paketissa vaihtelevat vuosittain. Vuosimallin 2019 paketissa mukana seuraavat v\u00e4rit: kultainen, hopeinen, punainen, sininen. Formula-Neppis-autoja on valmistettu 1950-luvulta saakka ja ne tehd\u00e4\u00e4n yh\u00e4 Suomessa! CE-hyv\u00e4ksytty. Tutustu t\u00e4h\u00e4n suureen suomalaiseen perinneleikkiin t\u00e4ll\u00e4 kattavalla varustuksella! Hiekkalaatikolla ja rannalla vain mielikuvitus on rajana [&hellip;]<\/p>\n","protected":false},"featured_media":5767,"template":"","meta":{"site-sidebar-layout":"default","site-content-layout":"default","ast-site-content-layout":"default","site-content-style":"default","site-sidebar-style":"default","ast-global-header-display":"","ast-banner-title-visibility":"","ast-main-header-display":"","ast-hfb-above-header-display":"","ast-hfb-below-header-display":"","ast-hfb-mobile-header-display":"","site-post-title":"","ast-breadcrumbs-content":"","ast-featured-img":"","footer-sml-layout":"","theme-transparent-header-meta":"default","adv-header-id-meta":"","stick-header-meta":"","header-above-stick-meta":"","header-main-stick-meta":"","header-below-stick-meta":"","astra-migrate-meta-layouts":"default","ast-page-background-enabled":"default","ast-page-background-meta":{"desktop":{"background-color":"","background-image":"","background-repeat":"repeat","background-position":"center center","background-size":"auto","background-attachment":"scroll","background-type":"","background-media":"","overlay-type":"","overlay-color":"","overlay-opacity":"","overlay-gradient":""},"tablet":{"background-color":"","background-image":"","background-repeat":"repeat","background-position":"center center","background-size":"auto","background-attachment":"scroll","background-type":"","background-media":"","overlay-type":"","overlay-color":"","overlay-opacity":"","overlay-gradient":""},"mobile":{"background-color":"","background-image":"","background-repeat":"repeat","background-position":"center center","background-size":"auto","background-attachment":"scroll","background-type":"","background-media":"","overlay-type":"","overlay-color":"","overlay-opacity":"","overlay-gradient":""}},"ast-content-background-meta":{"desktop":{"background-color":"var(--ast-global-color-5)","background-image":"","background-repeat":"repeat","background-position":"center center","background-size":"auto","background-attachment":"scroll","background-type":"","background-media":"","overlay-type":"","overlay-color":"","overlay-opacity":"","overlay-gradient":""},"tablet":{"background-color":"var(--ast-global-color-5)","background-image":"","background-repeat":"repeat","background-position":"center center","background-size":"auto","background-attachment":"scroll","background-type":"","background-media":"","overlay-type":"","overlay-color":"","overlay-opacity":"","overlay-gradient":""},"mobile":{"background-color":"var(--ast-global-color-5)","background-image":"","background-repeat":"repeat","background-position":"center center","background-size":"auto","background-attachment":"scroll","background-type":"","background-media":"","overlay-type":"","overlay-color":"","overlay-opacity":"","overlay-gradient":""}}},"product_brand":[],"product_cat":[666,677],"product_tag":[668,669,673,671,670,667,672],"class_list":{"0":"post-5764","1":"product","2":"type-product","3":"status-publish","4":"has-post-thumbnail","6":"product_cat-kivaa","7":"product_cat-uutuudet","8":"product_tag-auto","9":"product_tag-formula","10":"product_tag-hiekkalaatikko","11":"product_tag-kilpa","12":"product_tag-neppailu","13":"product_tag-neppis","14":"product_tag-ralli","15":"desktop-align-center","16":"tablet-align-left","17":"mobile-align-left","19":"first","20":"instock","21":"taxable","22":"shipping-taxable","23":"purchasable","24":"product-type-simple"},"_links":{"self":[{"href":"https:\/\/sirkussirkus.com\/kauppa\/wp-json\/wp\/v2\/product\/5764","targetHints":{"allow":["GET"]}}],"collection":[{"href":"https:\/\/sirkussirkus.com\/kauppa\/wp-json\/wp\/v2\/product"}],"about":[{"href":"https:\/\/sirkussirkus.com\/kauppa\/wp-json\/wp\/v2\/types\/product"}],"version-history":[{"count":3,"href":"https:\/\/sirkussirkus.com\/kauppa\/wp-json\/wp\/v2\/product\/5764\/revisions"}],"predecessor-version":[{"id":5768,"href":"https:\/\/sirkussirkus.com\/kauppa\/wp-json\/wp\/v2\/product\/5764\/revisions\/5768"}],"wp:featuredmedia":[{"embeddable":true,"href":"https:\/\/sirkussirkus.com\/kauppa\/wp-json\/wp\/v2\/media\/5767"}],"wp:attachment":[{"href":"https:\/\/sirkussirkus.com\/kauppa\/wp-json\/wp\/v2\/media?parent=5764"}],"wp:term":[{"taxonomy":"product_brand","embeddable":true,"href":"https:\/\/sirkussirkus.com\/kauppa\/wp-json\/wp\/v2\/product_brand?post=5764"},{"taxonomy":"product_cat","embeddable":true,"href":"https:\/\/sirkussirkus.com\/kauppa\/wp-json\/wp\/v2\/product_cat?post=5764"},{"taxonomy":"product_tag","embeddable":true,"href":"https:\/\/sirkussirkus.com\/kauppa\/wp-json\/wp\/v2\/product_tag?post=5764"}],"curies":[{"name":"wp","href":"https:\/\/api.w.org\/{rel}","templated":true}]}}