{"id":5677,"date":"2023-01-24T22:10:49","date_gmt":"2023-01-24T22:10:49","guid":{"rendered":"https:\/\/sirkussirkus.com\/kauppa\/?post_type=product&#038;p=5677"},"modified":"2025-08-01T09:52:41","modified_gmt":"2025-08-01T09:52:41","slug":"sirkussirkus-pipo-100","status":"publish","type":"product","link":"https:\/\/sirkussirkus.com\/kauppa\/product\/sirkussirkus-pipo-100\/","title":{"rendered":"Sirkussirkus-pipo 100%"},"content":{"rendered":"<p>Sirkussirkus-pipo on valmistettu 100% kierr\u00e4tyspolyesterista. Klassikkomalli talven kylmiin keleihin. Eritt\u00e4in mukava ja hyvin istuva pipo p\u00e4\u00e4h\u00e4n kuin p\u00e4\u00e4h\u00e4n. Cuffed-tyyli, jossa brodeerattu logo.<\/p>\n<p>Kaikille sopiva hyvin venyv\u00e4 koko. Suositellaan k\u00e4sinpesua.<\/p>\n<p>Sertifikaatit: GRS (Global Recycled Standard)<\/p>\n<p><strong>Vastuullisuus<\/strong>: Tekstiilien tuotanto, toimitusketju ja valmistajan yhteisty\u00f6kumppanit ovat valvottuja. Lis\u00e4ksi raaka-aineiden ja yhteisty\u00f6kumppaneiden vastuullisuus on taattu kolmansien osapuolien my\u00f6nt\u00e4mill\u00e4 sertifikaateilla. Sertifikaatit toimivat vastuullisuuden lis\u00e4ksi usein my\u00f6s takeena korkeasta laadusta.<\/p>\n<p>Merkki: Beechfield<\/p>\n","protected":false},"excerpt":{"rendered":"<p>Sirkussirkus-pipo on valmistettu 100% kierr\u00e4tyspolyesterista. Klassikkomalli talven kylmiin keleihin. Eritt\u00e4in mukava ja hyvin istuva pipo p\u00e4\u00e4h\u00e4n kuin p\u00e4\u00e4h\u00e4n. Cuffed-tyyli, jossa brodeerattu logo. Kaikille sopiva hyvin venyv\u00e4 koko. Suositellaan k\u00e4sinpesua. Sertifikaatit: GRS (Global Recycled Standard) Vastuullisuus: Tekstiilien tuotanto, toimitusketju ja valmistajan yhteisty\u00f6kumppanit ovat valvottuja. Lis\u00e4ksi raaka-aineiden ja yhteisty\u00f6kumppaneiden vastuullisuus on taattu kolmansien osapuolien my\u00f6nt\u00e4mill\u00e4 sertifikaateilla. Sertifikaatit [&hellip;]<\/p>\n","protected":false},"featured_media":5682,"template":"","meta":{"site-sidebar-layout":"default","site-content-layout":"default","ast-site-content-layout":"default","site-content-style":"default","site-sidebar-style":"default","ast-global-header-display":"","ast-banner-title-visibility":"","ast-main-header-display":"","ast-hfb-above-header-display":"","ast-hfb-below-header-display":"","ast-hfb-mobile-header-display":"","site-post-title":"","ast-breadcrumbs-content":"","ast-featured-img":"","footer-sml-layout":"","theme-transparent-header-meta":"default","adv-header-id-meta":"","stick-header-meta":"","header-above-stick-meta":"","header-main-stick-meta":"","header-below-stick-meta":"","astra-migrate-meta-layouts":"default","ast-page-background-enabled":"default","ast-page-background-meta":{"desktop":{"background-color":"","background-image":"","background-repeat":"repeat","background-position":"center center","background-size":"auto","background-attachment":"scroll","background-type":"","background-media":"","overlay-type":"","overlay-color":"","overlay-opacity":"","overlay-gradient":""},"tablet":{"background-color":"","background-image":"","background-repeat":"repeat","background-position":"center center","background-size":"auto","background-attachment":"scroll","background-type":"","background-media":"","overlay-type":"","overlay-color":"","overlay-opacity":"","overlay-gradient":""},"mobile":{"background-color":"","background-image":"","background-repeat":"repeat","background-position":"center center","background-size":"auto","background-attachment":"scroll","background-type":"","background-media":"","overlay-type":"","overlay-color":"","overlay-opacity":"","overlay-gradient":""}},"ast-content-background-meta":{"desktop":{"background-color":"var(--ast-global-color-5)","background-image":"","background-repeat":"repeat","background-position":"center center","background-size":"auto","background-attachment":"scroll","background-type":"","background-media":"","overlay-type":"","overlay-color":"","overlay-opacity":"","overlay-gradient":""},"tablet":{"background-color":"var(--ast-global-color-5)","background-image":"","background-repeat":"repeat","background-position":"center center","background-size":"auto","background-attachment":"scroll","background-type":"","background-media":"","overlay-type":"","overlay-color":"","overlay-opacity":"","overlay-gradient":""},"mobile":{"background-color":"var(--ast-global-color-5)","background-image":"","background-repeat":"repeat","background-position":"center center","background-size":"auto","background-attachment":"scroll","background-type":"","background-media":"","overlay-type":"","overlay-color":"","overlay-opacity":"","overlay-gradient":""}}},"product_brand":[],"product_cat":[642,677],"product_tag":[434,651,648,659,653,654,657,658,649,650,652],"class_list":{"0":"post-5677","1":"product","2":"type-product","3":"status-publish","4":"has-post-thumbnail","6":"product_cat-vaatteet","7":"product_cat-uutuudet","8":"product_tag-hattu","9":"product_tag-kierratys","10":"product_tag-kuntoilu","11":"product_tag-lasten","12":"product_tag-miesten","13":"product_tag-naisten","14":"product_tag-pipo","15":"product_tag-talvi","16":"product_tag-vaate","17":"product_tag-vaatteet","18":"product_tag-ymparisto","19":"desktop-align-center","20":"tablet-align-left","21":"mobile-align-left","23":"first","24":"instock","25":"sale","26":"taxable","27":"shipping-taxable","28":"purchasable","29":"product-type-simple"},"_links":{"self":[{"href":"https:\/\/sirkussirkus.com\/kauppa\/wp-json\/wp\/v2\/product\/5677","targetHints":{"allow":["GET"]}}],"collection":[{"href":"https:\/\/sirkussirkus.com\/kauppa\/wp-json\/wp\/v2\/product"}],"about":[{"href":"https:\/\/sirkussirkus.com\/kauppa\/wp-json\/wp\/v2\/types\/product"}],"version-history":[{"count":7,"href":"https:\/\/sirkussirkus.com\/kauppa\/wp-json\/wp\/v2\/product\/5677\/revisions"}],"predecessor-version":[{"id":5680,"href":"https:\/\/sirkussirkus.com\/kauppa\/wp-json\/wp\/v2\/product\/5677\/revisions\/5680"}],"wp:featuredmedia":[{"embeddable":true,"href":"https:\/\/sirkussirkus.com\/kauppa\/wp-json\/wp\/v2\/media\/5682"}],"wp:attachment":[{"href":"https:\/\/sirkussirkus.com\/kauppa\/wp-json\/wp\/v2\/media?parent=5677"}],"wp:term":[{"taxonomy":"product_brand","embeddable":true,"href":"https:\/\/sirkussirkus.com\/kauppa\/wp-json\/wp\/v2\/product_brand?post=5677"},{"taxonomy":"product_cat","embeddable":true,"href":"https:\/\/sirkussirkus.com\/kauppa\/wp-json\/wp\/v2\/product_cat?post=5677"},{"taxonomy":"product_tag","embeddable":true,"href":"https:\/\/sirkussirkus.com\/kauppa\/wp-json\/wp\/v2\/product_tag?post=5677"}],"curies":[{"name":"wp","href":"https:\/\/api.w.org\/{rel}","templated":true}]}}