{"id":5672,"date":"2022-06-24T22:01:54","date_gmt":"2022-06-24T22:01:54","guid":{"rendered":"https:\/\/sirkussirkus.com\/kauppa\/?post_type=product&#038;p=5672"},"modified":"2025-12-06T08:29:35","modified_gmt":"2025-12-06T08:29:35","slug":"sirkussirkus-putkikassi","status":"publish","type":"product","link":"https:\/\/sirkussirkus.com\/kauppa\/product\/sirkussirkus-putkikassi\/","title":{"rendered":"Sirkussirkus-putkikassi 97%"},"content":{"rendered":"<p>Sirkussirkus-putkikassi on valmistettu 97 % kierr\u00e4tetyst\u00e4 polyesterista eli muovij\u00e4tteest\u00e4. Putkikassi on tyylik\u00e4s ja k\u00e4tev\u00e4 kantov\u00e4line moniin tilanteisiin aidosti ekologisena ratkaisuna. Se sopii kouluun, urheiluun tai vapaa-aikaan. Vetoketjut ja olkahihnan muovikiinnikkeet eiv\u00e4t ole kierr\u00e4tettyj\u00e4.<\/p>\n<p>Kassin koko: 25 cm korkeus, 25 cm leveys, 50 cm pituus<\/p>\n<p><strong>Vastuullisuus<\/strong>: Kassien tuotanto, toimitusketju ja valmistajan yhteisty\u00f6kumppanit ovat valvottuja. Lis\u00e4ksi raaka-aineiden ja yhteisty\u00f6kumppaneiden vastuullisuus on taattu kolmansien osapuolien my\u00f6nt\u00e4mill\u00e4 sertifikaateilla. Sertifikaatit toimivat vastuullisuuden lis\u00e4ksi usein my\u00f6s takeena korkeasta laadusta.<\/p>\n<p>Merkki: BagBase<\/p>\n<p>Valmistusmaa: Kiina<\/p>\n<p>&nbsp;<\/p>\n","protected":false},"excerpt":{"rendered":"<p>Sirkussirkus-putkikassi on valmistettu 97 % kierr\u00e4tetyst\u00e4 polyesterista eli muovij\u00e4tteest\u00e4. Putkikassi on tyylik\u00e4s ja k\u00e4tev\u00e4 kantov\u00e4line moniin tilanteisiin aidosti ekologisena ratkaisuna. Se sopii kouluun, urheiluun tai vapaa-aikaan. Vetoketjut ja olkahihnan muovikiinnikkeet eiv\u00e4t ole kierr\u00e4tettyj\u00e4. Kassin koko: 25 cm korkeus, 25 cm leveys, 50 cm pituus Vastuullisuus: Kassien tuotanto, toimitusketju ja valmistajan yhteisty\u00f6kumppanit ovat valvottuja. Lis\u00e4ksi raaka-aineiden [&hellip;]<\/p>\n","protected":false},"featured_media":5656,"template":"","meta":{"site-sidebar-layout":"default","site-content-layout":"default","ast-site-content-layout":"default","site-content-style":"default","site-sidebar-style":"default","ast-global-header-display":"","ast-banner-title-visibility":"","ast-main-header-display":"","ast-hfb-above-header-display":"","ast-hfb-below-header-display":"","ast-hfb-mobile-header-display":"","site-post-title":"","ast-breadcrumbs-content":"","ast-featured-img":"","footer-sml-layout":"","theme-transparent-header-meta":"default","adv-header-id-meta":"","stick-header-meta":"","header-above-stick-meta":"","header-main-stick-meta":"","header-below-stick-meta":"","astra-migrate-meta-layouts":"default","ast-page-background-enabled":"default","ast-page-background-meta":{"desktop":{"background-color":"","background-image":"","background-repeat":"repeat","background-position":"center center","background-size":"auto","background-attachment":"scroll","background-type":"","background-media":"","overlay-type":"","overlay-color":"","overlay-opacity":"","overlay-gradient":""},"tablet":{"background-color":"","background-image":"","background-repeat":"repeat","background-position":"center center","background-size":"auto","background-attachment":"scroll","background-type":"","background-media":"","overlay-type":"","overlay-color":"","overlay-opacity":"","overlay-gradient":""},"mobile":{"background-color":"","background-image":"","background-repeat":"repeat","background-position":"center center","background-size":"auto","background-attachment":"scroll","background-type":"","background-media":"","overlay-type":"","overlay-color":"","overlay-opacity":"","overlay-gradient":""}},"ast-content-background-meta":{"desktop":{"background-color":"var(--ast-global-color-5)","background-image":"","background-repeat":"repeat","background-position":"center center","background-size":"auto","background-attachment":"scroll","background-type":"","background-media":"","overlay-type":"","overlay-color":"","overlay-opacity":"","overlay-gradient":""},"tablet":{"background-color":"var(--ast-global-color-5)","background-image":"","background-repeat":"repeat","background-position":"center center","background-size":"auto","background-attachment":"scroll","background-type":"","background-media":"","overlay-type":"","overlay-color":"","overlay-opacity":"","overlay-gradient":""},"mobile":{"background-color":"var(--ast-global-color-5)","background-image":"","background-repeat":"repeat","background-position":"center center","background-size":"auto","background-attachment":"scroll","background-type":"","background-media":"","overlay-type":"","overlay-color":"","overlay-opacity":"","overlay-gradient":""}}},"product_brand":[],"product_cat":[642,677],"product_tag":[647,656,651,648,653,654,655,661,646,649,650,652],"class_list":{"0":"post-5672","1":"product","2":"type-product","3":"status-publish","4":"has-post-thumbnail","6":"product_cat-vaatteet","7":"product_cat-uutuudet","8":"product_tag-harjoittelu","9":"product_tag-kassi","10":"product_tag-kierratys","11":"product_tag-kuntoilu","12":"product_tag-miesten","13":"product_tag-naisten","14":"product_tag-putki","15":"product_tag-sirkussirkus","16":"product_tag-treeni","17":"product_tag-vaate","18":"product_tag-vaatteet","19":"product_tag-ymparisto","20":"desktop-align-center","21":"tablet-align-left","22":"mobile-align-left","24":"first","25":"instock","26":"featured","27":"taxable","28":"shipping-taxable","29":"purchasable","30":"product-type-simple"},"_links":{"self":[{"href":"https:\/\/sirkussirkus.com\/kauppa\/wp-json\/wp\/v2\/product\/5672","targetHints":{"allow":["GET"]}}],"collection":[{"href":"https:\/\/sirkussirkus.com\/kauppa\/wp-json\/wp\/v2\/product"}],"about":[{"href":"https:\/\/sirkussirkus.com\/kauppa\/wp-json\/wp\/v2\/types\/product"}],"version-history":[{"count":6,"href":"https:\/\/sirkussirkus.com\/kauppa\/wp-json\/wp\/v2\/product\/5672\/revisions"}],"predecessor-version":[{"id":5753,"href":"https:\/\/sirkussirkus.com\/kauppa\/wp-json\/wp\/v2\/product\/5672\/revisions\/5753"}],"wp:featuredmedia":[{"embeddable":true,"href":"https:\/\/sirkussirkus.com\/kauppa\/wp-json\/wp\/v2\/media\/5656"}],"wp:attachment":[{"href":"https:\/\/sirkussirkus.com\/kauppa\/wp-json\/wp\/v2\/media?parent=5672"}],"wp:term":[{"taxonomy":"product_brand","embeddable":true,"href":"https:\/\/sirkussirkus.com\/kauppa\/wp-json\/wp\/v2\/product_brand?post=5672"},{"taxonomy":"product_cat","embeddable":true,"href":"https:\/\/sirkussirkus.com\/kauppa\/wp-json\/wp\/v2\/product_cat?post=5672"},{"taxonomy":"product_tag","embeddable":true,"href":"https:\/\/sirkussirkus.com\/kauppa\/wp-json\/wp\/v2\/product_tag?post=5672"}],"curies":[{"name":"wp","href":"https:\/\/api.w.org\/{rel}","templated":true}]}}