{"id":5662,"date":"2023-01-24T21:16:30","date_gmt":"2023-01-24T21:16:30","guid":{"rendered":"https:\/\/sirkussirkus.com\/kauppa\/?post_type=product&#038;p=5662"},"modified":"2025-12-06T08:29:35","modified_gmt":"2025-12-06T08:29:35","slug":"tekninen-sirkussirkus-treenipaita","status":"publish","type":"product","link":"https:\/\/sirkussirkus.com\/kauppa\/product\/tekninen-sirkussirkus-treenipaita\/","title":{"rendered":"Sirkussirkus-treenipaita 100%"},"content":{"rendered":"<div class=\"column is-12-touch is-6-tablet\">\n<div class=\"collapse-header\">\n<p class=\"collapse-title\">Sirkussirkus-paidat ovat <strong>valmistettu 100% kierr\u00e4tetyst\u00e4 polyesterist\u00e4<\/strong>, mik\u00e4 tarkoittaa ett\u00e4 vanhasta kierr\u00e4tysj\u00e4tteest\u00e4 on nyt valmistettu sinulle uusia vaatteita. Kierr\u00e4tetty polyesteri on kevyt ja hengitt\u00e4v\u00e4 materiaali, joka soveltuu erinomaisesti esimerkiksi kuntoiluun tai joukkuelajeihin. Paita tuntuu urheillessa viile\u00e4lt\u00e4 ja joustavalta.<\/p>\n<p class=\"collapse-title\">Istuva unisex-mitoitus. Koot S, M ja L. Konepesu 40\u00b0C.<\/p>\n<p><strong>Sertifikaatit: <\/strong>PETA-Approved Vegan<\/p>\n<p><strong>Vastuullisuus<\/strong>: Paitojen tuotanto, toimitusketju ja valmistajan yhteisty\u00f6kumppanit ovat valvottuja. Lis\u00e4ksi raaka-aineiden ja yhteisty\u00f6kumppaneiden vastuullisuus on taattu kolmansien osapuolien my\u00f6nt\u00e4mill\u00e4 sertifikaateilla. Sertifikaatit toimivat vastuullisuuden lis\u00e4ksi usein my\u00f6s takeena korkeasta laadusta.<\/p>\n<p>Valmistusmaa: Bangladesh<\/p>\n<p>Merkki: Ecologie<\/p>\n<\/div>\n<\/div>\n","protected":false},"excerpt":{"rendered":"<p>Sirkussirkus-paidat ovat valmistettu 100% kierr\u00e4tetyst\u00e4 polyesterist\u00e4, mik\u00e4 tarkoittaa ett\u00e4 vanhasta kierr\u00e4tysj\u00e4tteest\u00e4 on nyt valmistettu sinulle uusia vaatteita. Kierr\u00e4tetty polyesteri on kevyt ja hengitt\u00e4v\u00e4 materiaali, joka soveltuu erinomaisesti esimerkiksi kuntoiluun tai joukkuelajeihin. Paita tuntuu urheillessa viile\u00e4lt\u00e4 ja joustavalta. Istuva unisex-mitoitus. Koot S, M ja L. Konepesu 40\u00b0C. Sertifikaatit: PETA-Approved Vegan Vastuullisuus: Paitojen tuotanto, toimitusketju ja valmistajan [&hellip;]<\/p>\n","protected":false},"featured_media":5659,"template":"","meta":{"site-sidebar-layout":"default","site-content-layout":"default","ast-site-content-layout":"default","site-content-style":"default","site-sidebar-style":"default","ast-global-header-display":"","ast-banner-title-visibility":"","ast-main-header-display":"","ast-hfb-above-header-display":"","ast-hfb-below-header-display":"","ast-hfb-mobile-header-display":"","site-post-title":"","ast-breadcrumbs-content":"","ast-featured-img":"","footer-sml-layout":"","theme-transparent-header-meta":"default","adv-header-id-meta":"","stick-header-meta":"","header-above-stick-meta":"","header-main-stick-meta":"","header-below-stick-meta":"","astra-migrate-meta-layouts":"default","ast-page-background-enabled":"default","ast-page-background-meta":{"desktop":{"background-color":"","background-image":"","background-repeat":"repeat","background-position":"center center","background-size":"auto","background-attachment":"scroll","background-type":"","background-media":"","overlay-type":"","overlay-color":"","overlay-opacity":"","overlay-gradient":""},"tablet":{"background-color":"","background-image":"","background-repeat":"repeat","background-position":"center center","background-size":"auto","background-attachment":"scroll","background-type":"","background-media":"","overlay-type":"","overlay-color":"","overlay-opacity":"","overlay-gradient":""},"mobile":{"background-color":"","background-image":"","background-repeat":"repeat","background-position":"center center","background-size":"auto","background-attachment":"scroll","background-type":"","background-media":"","overlay-type":"","overlay-color":"","overlay-opacity":"","overlay-gradient":""}},"ast-content-background-meta":{"desktop":{"background-color":"var(--ast-global-color-5)","background-image":"","background-repeat":"repeat","background-position":"center center","background-size":"auto","background-attachment":"scroll","background-type":"","background-media":"","overlay-type":"","overlay-color":"","overlay-opacity":"","overlay-gradient":""},"tablet":{"background-color":"var(--ast-global-color-5)","background-image":"","background-repeat":"repeat","background-position":"center center","background-size":"auto","background-attachment":"scroll","background-type":"","background-media":"","overlay-type":"","overlay-color":"","overlay-opacity":"","overlay-gradient":""},"mobile":{"background-color":"var(--ast-global-color-5)","background-image":"","background-repeat":"repeat","background-position":"center center","background-size":"auto","background-attachment":"scroll","background-type":"","background-media":"","overlay-type":"","overlay-color":"","overlay-opacity":"","overlay-gradient":""}}},"product_brand":[],"product_cat":[642,677],"product_tag":[647,651,648,653,654,592,591,661,646,660,649,650,652],"class_list":{"0":"post-5662","1":"product","2":"type-product","3":"status-publish","4":"has-post-thumbnail","6":"product_cat-vaatteet","7":"product_cat-uutuudet","8":"product_tag-harjoittelu","9":"product_tag-kierratys","10":"product_tag-kuntoilu","11":"product_tag-miesten","12":"product_tag-naisten","13":"product_tag-paidat","14":"product_tag-paita","15":"product_tag-sirkussirkus","16":"product_tag-treeni","17":"product_tag-unisex","18":"product_tag-vaate","19":"product_tag-vaatteet","20":"product_tag-ymparisto","21":"desktop-align-center","22":"tablet-align-left","23":"mobile-align-left","25":"first","26":"instock","27":"sale","28":"taxable","29":"shipping-taxable","30":"purchasable","31":"product-type-variable"},"_links":{"self":[{"href":"https:\/\/sirkussirkus.com\/kauppa\/wp-json\/wp\/v2\/product\/5662","targetHints":{"allow":["GET"]}}],"collection":[{"href":"https:\/\/sirkussirkus.com\/kauppa\/wp-json\/wp\/v2\/product"}],"about":[{"href":"https:\/\/sirkussirkus.com\/kauppa\/wp-json\/wp\/v2\/types\/product"}],"version-history":[{"count":6,"href":"https:\/\/sirkussirkus.com\/kauppa\/wp-json\/wp\/v2\/product\/5662\/revisions"}],"predecessor-version":[{"id":5689,"href":"https:\/\/sirkussirkus.com\/kauppa\/wp-json\/wp\/v2\/product\/5662\/revisions\/5689"}],"wp:featuredmedia":[{"embeddable":true,"href":"https:\/\/sirkussirkus.com\/kauppa\/wp-json\/wp\/v2\/media\/5659"}],"wp:attachment":[{"href":"https:\/\/sirkussirkus.com\/kauppa\/wp-json\/wp\/v2\/media?parent=5662"}],"wp:term":[{"taxonomy":"product_brand","embeddable":true,"href":"https:\/\/sirkussirkus.com\/kauppa\/wp-json\/wp\/v2\/product_brand?post=5662"},{"taxonomy":"product_cat","embeddable":true,"href":"https:\/\/sirkussirkus.com\/kauppa\/wp-json\/wp\/v2\/product_cat?post=5662"},{"taxonomy":"product_tag","embeddable":true,"href":"https:\/\/sirkussirkus.com\/kauppa\/wp-json\/wp\/v2\/product_tag?post=5662"}],"curies":[{"name":"wp","href":"https:\/\/api.w.org\/{rel}","templated":true}]}}