{"id":5565,"date":"2000-06-04T17:22:43","date_gmt":"2000-06-04T17:22:43","guid":{"rendered":"https:\/\/sirkussirkus.com\/kauppa\/product\/lahjakortti\/"},"modified":"2025-03-20T06:51:48","modified_gmt":"2025-03-20T06:51:48","slug":"lahjakortti","status":"publish","type":"product","link":"https:\/\/sirkussirkus.com\/kauppa\/product\/lahjakortti\/","title":{"rendered":"Lahjakortti"},"content":{"rendered":"<p>Lahjakortti Sirkuskauppa.com-verkkokauppaan. Oiva lahja sirkuksesta kiinnostuneelle, sirkuksen harrastajalle tai vaikka sirkuksen ammattilaiselle, jolla on jo kaikkea tarpeellista. Lahjakortin voi k\u00e4ytt\u00e4\u00e4 kaikissa ostoksissa. Muista my\u00f6s sirkusaiheinen kirjallisuus, Kendamat, Slackline, vaatteet ja muut hauskat v\u00e4lineet erilaiseen temppuiluun.<\/p>\n<p>HUOM! Kun olet maksamassa lahjakorttia, valitse toimitustavaksi nouto.<\/p>\n<p>&#8211; Lahjakortti toimitetaan valitsemaanne s\u00e4hk\u00f6postiin.<\/p>\n<p>&#8211; Lahjakortti on voimassa yhden vuoden ostop\u00e4iv\u00e4st\u00e4 l\u00e4htien.<\/p>\n<p>&#8211; Lahjakortti t\u00e4ytyy k\u00e4ytt\u00e4\u00e4 kokonaisuudessaan yhdell\u00e4 ostokerralla.<\/p>\n","protected":false},"excerpt":{"rendered":"<p>Lahjakortti Sirkuskauppa.com-verkkokauppaan. Oiva lahja sirkuksesta kiinnostuneelle, sirkuksen harrastajalle tai vaikka sirkuksen ammattilaiselle, jolla on jo kaikkea tarpeellista. Lahjakortin voi k\u00e4ytt\u00e4\u00e4 kaikissa ostoksissa. Muista my\u00f6s sirkusaiheinen kirjallisuus, Kendamat, Slackline, vaatteet ja muut hauskat v\u00e4lineet erilaiseen temppuiluun. HUOM! Kun olet maksamassa lahjakorttia, valitse toimitustavaksi nouto. &#8211; Lahjakortti toimitetaan valitsemaanne s\u00e4hk\u00f6postiin. &#8211; Lahjakortti on voimassa yhden vuoden ostop\u00e4iv\u00e4st\u00e4 [&hellip;]<\/p>\n","protected":false},"featured_media":5618,"template":"","meta":{"site-sidebar-layout":"default","site-content-layout":"default","ast-site-content-layout":"default","site-content-style":"default","site-sidebar-style":"default","ast-global-header-display":"","ast-banner-title-visibility":"","ast-main-header-display":"","ast-hfb-above-header-display":"","ast-hfb-below-header-display":"","ast-hfb-mobile-header-display":"","site-post-title":"","ast-breadcrumbs-content":"","ast-featured-img":"","footer-sml-layout":"","theme-transparent-header-meta":"default","adv-header-id-meta":"","stick-header-meta":"","header-above-stick-meta":"","header-main-stick-meta":"","header-below-stick-meta":"","astra-migrate-meta-layouts":"set","ast-page-background-enabled":"default","ast-page-background-meta":{"desktop":{"background-color":"","background-image":"","background-repeat":"repeat","background-position":"center center","background-size":"auto","background-attachment":"scroll","background-type":"","background-media":"","overlay-type":"","overlay-color":"","overlay-opacity":"","overlay-gradient":""},"tablet":{"background-color":"","background-image":"","background-repeat":"repeat","background-position":"center center","background-size":"auto","background-attachment":"scroll","background-type":"","background-media":"","overlay-type":"","overlay-color":"","overlay-opacity":"","overlay-gradient":""},"mobile":{"background-color":"","background-image":"","background-repeat":"repeat","background-position":"center center","background-size":"auto","background-attachment":"scroll","background-type":"","background-media":"","overlay-type":"","overlay-color":"","overlay-opacity":"","overlay-gradient":""}},"ast-content-background-meta":{"desktop":{"background-color":"var(--ast-global-color-5)","background-image":"","background-repeat":"repeat","background-position":"center center","background-size":"auto","background-attachment":"scroll","background-type":"","background-media":"","overlay-type":"","overlay-color":"","overlay-opacity":"","overlay-gradient":""},"tablet":{"background-color":"var(--ast-global-color-5)","background-image":"","background-repeat":"repeat","background-position":"center center","background-size":"auto","background-attachment":"scroll","background-type":"","background-media":"","overlay-type":"","overlay-color":"","overlay-opacity":"","overlay-gradient":""},"mobile":{"background-color":"var(--ast-global-color-5)","background-image":"","background-repeat":"repeat","background-position":"center center","background-size":"auto","background-attachment":"scroll","background-type":"","background-media":"","overlay-type":"","overlay-color":"","overlay-opacity":"","overlay-gradient":""}}},"product_brand":[],"product_cat":[666,637,677],"product_tag":[641,306,90,638,640,639],"class_list":{"0":"post-5565","1":"product","2":"type-product","3":"status-publish","4":"has-post-thumbnail","6":"product_cat-kivaa","7":"product_cat-lahjakortti","8":"product_cat-uutuudet","9":"product_tag-jippii","10":"product_tag-kortti","11":"product_tag-lahja","12":"product_tag-lahjakortti","13":"product_tag-raha","14":"product_tag-yllatys","15":"desktop-align-center","16":"tablet-align-left","17":"mobile-align-left","19":"first","20":"instock","21":"purchasable","22":"product-type-pw-gift-card","23":"has-default-attributes"},"_links":{"self":[{"href":"https:\/\/sirkussirkus.com\/kauppa\/wp-json\/wp\/v2\/product\/5565","targetHints":{"allow":["GET"]}}],"collection":[{"href":"https:\/\/sirkussirkus.com\/kauppa\/wp-json\/wp\/v2\/product"}],"about":[{"href":"https:\/\/sirkussirkus.com\/kauppa\/wp-json\/wp\/v2\/types\/product"}],"version-history":[{"count":6,"href":"https:\/\/sirkussirkus.com\/kauppa\/wp-json\/wp\/v2\/product\/5565\/revisions"}],"predecessor-version":[{"id":5909,"href":"https:\/\/sirkussirkus.com\/kauppa\/wp-json\/wp\/v2\/product\/5565\/revisions\/5909"}],"wp:featuredmedia":[{"embeddable":true,"href":"https:\/\/sirkussirkus.com\/kauppa\/wp-json\/wp\/v2\/media\/5618"}],"wp:attachment":[{"href":"https:\/\/sirkussirkus.com\/kauppa\/wp-json\/wp\/v2\/media?parent=5565"}],"wp:term":[{"taxonomy":"product_brand","embeddable":true,"href":"https:\/\/sirkussirkus.com\/kauppa\/wp-json\/wp\/v2\/product_brand?post=5565"},{"taxonomy":"product_cat","embeddable":true,"href":"https:\/\/sirkussirkus.com\/kauppa\/wp-json\/wp\/v2\/product_cat?post=5565"},{"taxonomy":"product_tag","embeddable":true,"href":"https:\/\/sirkussirkus.com\/kauppa\/wp-json\/wp\/v2\/product_tag?post=5565"}],"curies":[{"name":"wp","href":"https:\/\/api.w.org\/{rel}","templated":true}]}}