{"id":5436,"date":"2022-05-14T18:38:04","date_gmt":"2022-05-14T18:38:04","guid":{"rendered":"https:\/\/sirkussirkus.com\/kauppa\/?post_type=product&#038;p=5436"},"modified":"2024-04-28T12:10:30","modified_gmt":"2024-04-28T12:10:30","slug":"helminaru-isanmaa","status":"publish","type":"product","link":"https:\/\/sirkussirkus.com\/kauppa\/product\/helminaru-isanmaa\/","title":{"rendered":"Helminaru &#8211; Is\u00e4nmaa"},"content":{"rendered":"<div class=\"product-text\">\n<p>Oi maamme! T\u00e4m\u00e4 helminaru py\u00f6rii helposti, antaa mukavasti vastusta ja on mahtavan n\u00e4k\u00f6inen. Soveltuu ulko- ja sis\u00e4liikuntaan. Suomi osallistui ensimm\u00e4ist\u00e4 kertaa hyppynarun MM kisoihin vuonna 2019. MM-kisojen kunniaksi loimme Finnish Flag Edition-narun. HUOM! Erikoispaketti sis\u00e4lt\u00e4\u00e4 mustat vaihtokahvat!<\/p>\n<p>Kokopituus 270cm. (9ft.) Kahvat 2x 20cm. Naru 230cm. Hyppynaru on s\u00e4\u00e4dett\u00e4viss\u00e4 hyppij\u00f6iden pituuden mukaan. Kahvan v\u00e4ri: valkoinen (lis\u00e4kahvat mustat). Helmien v\u00e4ri: sini-valkoinen.<\/p>\n<p>Ei alle 3-vuotiaille. Sis\u00e4lt\u00e4\u00e4 pieni\u00e4 osia. Tuotteen k\u00e4ytt\u00f6tarkoitus on liikuntav\u00e4line.<\/p>\n<p>SAME SMILE &#8211; Missiomme on tarjota omaper\u00e4isi\u00e4 tuotteita ja palveluita, jotka tuottavat hyvinvointia ja onnellisuutta. Mielest\u00e4mme onnen tunteita el\u00e4m\u00e4\u00e4n tuovat mm. puuhastelu perheen ja yst\u00e4vien kanssa, terveys, liikunta, tasavertaisuus ja erilaisuus.<\/p>\n<p><a href=\"https:\/\/www.youtube.com\/watch?v=YJRx_NIgw88\" target=\"_blank\" rel=\"noopener noreferrer\">Hyppynarun lyhennysohje Youtubessa<\/a><\/p>\n<\/div>\n","protected":false},"excerpt":{"rendered":"<p>Oi maamme! T\u00e4m\u00e4 helminaru py\u00f6rii helposti, antaa mukavasti vastusta ja on mahtavan n\u00e4k\u00f6inen. Soveltuu ulko- ja sis\u00e4liikuntaan. Suomi osallistui ensimm\u00e4ist\u00e4 kertaa hyppynarun MM kisoihin vuonna 2019. MM-kisojen kunniaksi loimme Finnish Flag Edition-narun. HUOM! Erikoispaketti sis\u00e4lt\u00e4\u00e4 mustat vaihtokahvat! Kokopituus 270cm. (9ft.) Kahvat 2x 20cm. Naru 230cm. Hyppynaru on s\u00e4\u00e4dett\u00e4viss\u00e4 hyppij\u00f6iden pituuden mukaan. Kahvan v\u00e4ri: valkoinen (lis\u00e4kahvat [&hellip;]<\/p>\n","protected":false},"featured_media":5437,"template":"","meta":{"site-sidebar-layout":"default","site-content-layout":"default","ast-site-content-layout":"default","site-content-style":"default","site-sidebar-style":"default","ast-global-header-display":"","ast-banner-title-visibility":"","ast-main-header-display":"","ast-hfb-above-header-display":"","ast-hfb-below-header-display":"","ast-hfb-mobile-header-display":"","site-post-title":"","ast-breadcrumbs-content":"","ast-featured-img":"","footer-sml-layout":"","theme-transparent-header-meta":"default","adv-header-id-meta":"","stick-header-meta":"","header-above-stick-meta":"","header-main-stick-meta":"","header-below-stick-meta":"","astra-migrate-meta-layouts":"default","ast-page-background-enabled":"default","ast-page-background-meta":{"desktop":{"background-color":"","background-image":"","background-repeat":"repeat","background-position":"center center","background-size":"auto","background-attachment":"scroll","background-type":"","background-media":"","overlay-type":"","overlay-color":"","overlay-opacity":"","overlay-gradient":""},"tablet":{"background-color":"","background-image":"","background-repeat":"repeat","background-position":"center center","background-size":"auto","background-attachment":"scroll","background-type":"","background-media":"","overlay-type":"","overlay-color":"","overlay-opacity":"","overlay-gradient":""},"mobile":{"background-color":"","background-image":"","background-repeat":"repeat","background-position":"center center","background-size":"auto","background-attachment":"scroll","background-type":"","background-media":"","overlay-type":"","overlay-color":"","overlay-opacity":"","overlay-gradient":""}},"ast-content-background-meta":{"desktop":{"background-color":"var(--ast-global-color-5)","background-image":"","background-repeat":"repeat","background-position":"center center","background-size":"auto","background-attachment":"scroll","background-type":"","background-media":"","overlay-type":"","overlay-color":"","overlay-opacity":"","overlay-gradient":""},"tablet":{"background-color":"var(--ast-global-color-5)","background-image":"","background-repeat":"repeat","background-position":"center center","background-size":"auto","background-attachment":"scroll","background-type":"","background-media":"","overlay-type":"","overlay-color":"","overlay-opacity":"","overlay-gradient":""},"mobile":{"background-color":"var(--ast-global-color-5)","background-image":"","background-repeat":"repeat","background-position":"center center","background-size":"auto","background-attachment":"scroll","background-type":"","background-media":"","overlay-type":"","overlay-color":"","overlay-opacity":"","overlay-gradient":""}}},"product_brand":[],"product_cat":[594],"product_tag":[595,599,453,596,597,598,375,600,601],"class_list":{"0":"post-5436","1":"product","2":"type-product","3":"status-publish","4":"has-post-thumbnail","6":"product_cat-hyppynarut","7":"product_tag-helmi","8":"product_tag-hyppy","9":"product_tag-hyppynaru","10":"product_tag-hyppynarut","11":"product_tag-isan","12":"product_tag-maa","13":"product_tag-naru","14":"product_tag-same","15":"product_tag-smile","16":"desktop-align-center","17":"tablet-align-left","18":"mobile-align-left","20":"first","21":"outofstock","22":"taxable","23":"shipping-taxable","24":"purchasable","25":"product-type-simple"},"_links":{"self":[{"href":"https:\/\/sirkussirkus.com\/kauppa\/wp-json\/wp\/v2\/product\/5436","targetHints":{"allow":["GET"]}}],"collection":[{"href":"https:\/\/sirkussirkus.com\/kauppa\/wp-json\/wp\/v2\/product"}],"about":[{"href":"https:\/\/sirkussirkus.com\/kauppa\/wp-json\/wp\/v2\/types\/product"}],"version-history":[{"count":2,"href":"https:\/\/sirkussirkus.com\/kauppa\/wp-json\/wp\/v2\/product\/5436\/revisions"}],"predecessor-version":[{"id":5439,"href":"https:\/\/sirkussirkus.com\/kauppa\/wp-json\/wp\/v2\/product\/5436\/revisions\/5439"}],"wp:featuredmedia":[{"embeddable":true,"href":"https:\/\/sirkussirkus.com\/kauppa\/wp-json\/wp\/v2\/media\/5437"}],"wp:attachment":[{"href":"https:\/\/sirkussirkus.com\/kauppa\/wp-json\/wp\/v2\/media?parent=5436"}],"wp:term":[{"taxonomy":"product_brand","embeddable":true,"href":"https:\/\/sirkussirkus.com\/kauppa\/wp-json\/wp\/v2\/product_brand?post=5436"},{"taxonomy":"product_cat","embeddable":true,"href":"https:\/\/sirkussirkus.com\/kauppa\/wp-json\/wp\/v2\/product_cat?post=5436"},{"taxonomy":"product_tag","embeddable":true,"href":"https:\/\/sirkussirkus.com\/kauppa\/wp-json\/wp\/v2\/product_tag?post=5436"}],"curies":[{"name":"wp","href":"https:\/\/api.w.org\/{rel}","templated":true}]}}